{"id":2966,"date":"2024-01-17T15:51:38","date_gmt":"2024-01-17T08:51:38","guid":{"rendered":"https:\/\/demo9.thuythu.vn\/reeco\/?post_type=product&#038;p=2966"},"modified":"2024-01-17T15:53:54","modified_gmt":"2024-01-17T08:53:54","slug":"thiet-bi-do-ap-suat-khi-quyen-ptb110","status":"publish","type":"product","link":"https:\/\/demo9.thuythu.vn\/reeco\/san-pham\/thiet-bi-do-ap-suat-khi-quyen-ptb110\/","title":{"rendered":"Thi\u1ebft b\u1ecb \u0111o \u00e1p su\u1ea5t kh\u00ed quy\u1ec3n PTB110"},"content":{"rendered":"","protected":false},"excerpt":{"rendered":"<p>Model: PTB210<\/p>\n<p>H\u00e3ng SX: Vaisala \u2013 Ph\u1ea7n Lan<\/p>\n<p><span style=\"font-weight: 400;\">Vaisala BAROCAP\u00ae Barometer PTB110 \u0111\u01b0\u1ee3c thi\u1ebft k\u1ebf \u0111\u1ec3 \u0111o \u00e1p su\u1ea5t kh\u00ed quy\u1ec3n ch\u00ednh x\u00e1c \u1edf nhi\u1ec7t \u0111\u1ed9 ph\u00f2ng v\u00e0 \u0111\u1ec3 theo d\u00f5i \u00e1p su\u1ea5t m\u00f4i tr\u01b0\u1eddng chung trong m\u1ed9t ph\u1ea1m vi nhi\u1ec7t \u0111\u1ed9 r\u1ed9ng. PTB110 nh\u1ecf g\u1ecdn ph\u00f9 h\u1ee3p cho c\u00e1c \u1ee9ng d\u1ee5ng, ch\u1eb3ng h\u1ea1n nh\u01b0 gi\u00e1m s\u00e1t \u00e1p su\u1ea5t m\u00f4i tr\u01b0\u1eddng, phao d\u1eef li\u1ec7u, giao thoa k\u1ebf laser, v\u00e0 trong n\u00f4ng nghi\u1ec7p v\u00e0 th\u1ee7y v\u0103n. Do ti\u00eau th\u1ee5 \u0111i\u1ec7n n\u0103ng r\u1ea5t th\u1ea5p, phong v\u0169 bi\u1ec3u \u0111\u1eb7c bi\u1ec7t l\u00fd t\u01b0\u1edfng cho c\u00e1c \u1ee9ng d\u1ee5ng ghi d\u1eef li\u1ec7u kh\u00e1c nhau.<\/span><\/p>\n<p><b>\u0110\u1eb7c \u0111i\u1ec3m n\u1ed5i b\u1eadt<\/b><\/p>\n<ul>\n<li style=\"font-weight: 400;\" aria-level=\"1\"><span style=\"font-weight: 400;\">Kh\u00ed \u00e1p k\u1ebf d\u00f9ng trong c\u00f4ng nghi\u1ec7p<\/span><\/li>\n<li style=\"font-weight: 400;\" aria-level=\"1\"><span style=\"font-weight: 400;\">\u0110\u1ea7u ra 0&#8230;2.5, 0&#8230;5V ho\u1eb7c 500&#8230;1100 Hz<\/span><\/li>\n<li style=\"font-weight: 400;\" aria-level=\"1\"><span style=\"font-weight: 400;\">Ph\u1ea1m vi \u00e1p su\u1ea5t: 800-1100 hOa<\/span><\/li>\n<li style=\"font-weight: 400;\" aria-level=\"1\"><span style=\"font-weight: 400;\">\u0110i\u1ec7n \u00e1p \u0111\u1ea7u ra 0 \u2026 2,5 ho\u1eb7c 0 \u2026 5 VDC<\/span><\/li>\n<li style=\"font-weight: 400;\" aria-level=\"1\"><span style=\"font-weight: 400;\">\u0110i\u1ec1u khi\u1ec3n b\u1eadt \/ t\u1eaft v\u1edbi b\u1ed9 k\u00edch ho\u1ea1t b\u00ean ngo\u00e0i<\/span><\/li>\n<li style=\"font-weight: 400;\" aria-level=\"1\"><span style=\"font-weight: 400;\">\u0110i\u1ec7n \u00e1p \u0111\u1ea7u ra 0 \u2026 2,5 ho\u1eb7c 0 \u2026 5 VDC<\/span><\/li>\n<li style=\"font-weight: 400;\" aria-level=\"1\"><span style=\"font-weight: 400;\">M\u1ee9c ti\u00eau th\u1ee5 hi\u1ec7n t\u1ea1i \u00edt h\u01a1n 4 mA<\/span><\/li>\n<li style=\"font-weight: 400;\" aria-level=\"1\"><span style=\"font-weight: 400;\">C\u00f3 th\u1ec3 l\u1eafp tr\u00ean thanh ray DIN (r\u1ed9ng 35 mm)<\/span><\/li>\n<\/ul>\n","protected":false},"featured_media":2968,"comment_status":"open","ping_status":"closed","template":"","meta":[],"product_cat":[15],"product_tag":[],"acf":[],"lang":"vi","translations":{"vi":2966,"en":2969},"pll_sync_post":[],"_links":{"self":[{"href":"https:\/\/demo9.thuythu.vn\/reeco\/wp-json\/wp\/v2\/product\/2966"}],"collection":[{"href":"https:\/\/demo9.thuythu.vn\/reeco\/wp-json\/wp\/v2\/product"}],"about":[{"href":"https:\/\/demo9.thuythu.vn\/reeco\/wp-json\/wp\/v2\/types\/product"}],"replies":[{"embeddable":true,"href":"https:\/\/demo9.thuythu.vn\/reeco\/wp-json\/wp\/v2\/comments?post=2966"}],"wp:featuredmedia":[{"embeddable":true,"href":"https:\/\/demo9.thuythu.vn\/reeco\/wp-json\/wp\/v2\/media\/2968"}],"wp:attachment":[{"href":"https:\/\/demo9.thuythu.vn\/reeco\/wp-json\/wp\/v2\/media?parent=2966"}],"wp:term":[{"taxonomy":"product_cat","embeddable":true,"href":"https:\/\/demo9.thuythu.vn\/reeco\/wp-json\/wp\/v2\/product_cat?post=2966"},{"taxonomy":"product_tag","embeddable":true,"href":"https:\/\/demo9.thuythu.vn\/reeco\/wp-json\/wp\/v2\/product_tag?post=2966"}],"curies":[{"name":"wp","href":"https:\/\/api.w.org\/{rel}","templated":true}]}}