{"id":2961,"date":"2024-01-17T15:43:12","date_gmt":"2024-01-17T08:43:12","guid":{"rendered":"https:\/\/demo9.thuythu.vn\/reeco\/?post_type=product&#038;p=2961"},"modified":"2024-01-17T15:46:10","modified_gmt":"2024-01-17T08:46:10","slug":"thiet-bi-do-ap-suat-khi-quyen-ptb210","status":"publish","type":"product","link":"https:\/\/demo9.thuythu.vn\/reeco\/san-pham\/thiet-bi-do-ap-suat-khi-quyen-ptb210\/","title":{"rendered":"Thi\u1ebft b\u1ecb \u0111o \u00e1p su\u1ea5t kh\u00ed quy\u1ec3n PTB210"},"content":{"rendered":"","protected":false},"excerpt":{"rendered":"<p><i>Model: PTB210<\/i><\/p>\n<p><i>H\u00e3ng SX: Vaisala \u2013 Ph\u1ea7n Lan<\/i><\/p>\n<p><span style=\"font-weight: 400;\">Gi\u1ea3i ph\u00e1p l\u00fd t\u01b0\u1edfng cho vi\u1ec7c l\u1eafp \u0111\u1eb7t ngo\u00e0i tr\u1eddi. Ho\u1ea1t \u0111\u1ed9ng trong ph\u1ea1m vi nhi\u1ec7t \u0111\u1ed9 r\u1ed9ng. V\u1ecf thi\u1ebft b\u1ecb \u0111\u1ea1t ti\u00eau chu\u1ea9n IP65 (NEMA4) n\u00ean c\u00f3 kh\u1ea3 n\u0103ng ch\u1ed1ng n\u01b0\u1edbc r\u1ea5t cao.<\/span><\/p>\n<p><b>\u0110\u1eb7c \u0111i\u1ec3m n\u1ed5i b\u1eadt<\/b><\/p>\n<ul>\n<li style=\"font-weight: 400;\" aria-level=\"1\"><span style=\"font-weight: 400;\">Ph\u1ea1m vi \u00e1p su\u1ea5t 500 &#8230; 1100 hPa ho\u1eb7c 50 &#8230;. 1100 hPa v\u1edbi \u0111\u1ea7u ra n\u1ed1i ti\u1ebfp<\/span><\/li>\n<li style=\"font-weight: 400;\" aria-level=\"1\"><span style=\"font-weight: 400;\">C\u00e1c thang \u0111o kh\u00e1c nhau gi\u1eefa 500 &#8230; 1100 hPa v\u1edbi \u0111\u1ea7u ra analog<\/span><\/li>\n<li style=\"font-weight: 400;\" aria-level=\"1\"><span style=\"font-weight: 400;\">V\u1ecf thi\u1ebft b\u1ecb \u0111\u1ea1t chu\u1ea9n IP65 ch\u1ed1ng n\u01b0\u1edbc c\u1ef1c t\u1ed1t<\/span><\/li>\n<li style=\"font-weight: 400;\" aria-level=\"1\"><span style=\"font-weight: 400;\">\u0110o l\u01b0\u1eddng ch\u00ednh x\u00e1c v\u00e0 \u1ed5n \u0111\u1ecbnh<\/span><\/li>\n<\/ul>\n<p>&nbsp;<\/p>\n<p>&nbsp;<\/p>\n","protected":false},"featured_media":2964,"comment_status":"open","ping_status":"closed","template":"","meta":[],"product_cat":[15],"product_tag":[834],"acf":[],"lang":"vi","translations":{"vi":2961,"en":2965},"pll_sync_post":[],"_links":{"self":[{"href":"https:\/\/demo9.thuythu.vn\/reeco\/wp-json\/wp\/v2\/product\/2961"}],"collection":[{"href":"https:\/\/demo9.thuythu.vn\/reeco\/wp-json\/wp\/v2\/product"}],"about":[{"href":"https:\/\/demo9.thuythu.vn\/reeco\/wp-json\/wp\/v2\/types\/product"}],"replies":[{"embeddable":true,"href":"https:\/\/demo9.thuythu.vn\/reeco\/wp-json\/wp\/v2\/comments?post=2961"}],"wp:featuredmedia":[{"embeddable":true,"href":"https:\/\/demo9.thuythu.vn\/reeco\/wp-json\/wp\/v2\/media\/2964"}],"wp:attachment":[{"href":"https:\/\/demo9.thuythu.vn\/reeco\/wp-json\/wp\/v2\/media?parent=2961"}],"wp:term":[{"taxonomy":"product_cat","embeddable":true,"href":"https:\/\/demo9.thuythu.vn\/reeco\/wp-json\/wp\/v2\/product_cat?post=2961"},{"taxonomy":"product_tag","embeddable":true,"href":"https:\/\/demo9.thuythu.vn\/reeco\/wp-json\/wp\/v2\/product_tag?post=2961"}],"curies":[{"name":"wp","href":"https:\/\/api.w.org\/{rel}","templated":true}]}}