{"id":2950,"date":"2024-01-17T15:02:33","date_gmt":"2024-01-17T08:02:33","guid":{"rendered":"https:\/\/demo9.thuythu.vn\/reeco\/?post_type=product&#038;p=2950"},"modified":"2024-01-17T15:05:51","modified_gmt":"2024-01-17T08:05:51","slug":"radar-do-song-va-muc-nuoc-rangefinder","status":"publish","type":"product","link":"https:\/\/demo9.thuythu.vn\/reeco\/san-pham\/radar-do-song-va-muc-nuoc-rangefinder\/","title":{"rendered":"Radar \u0111o s\u00f3ng v\u00e0 m\u1ef1c n\u01b0\u1edbc RangeFinder"},"content":{"rendered":"","protected":false},"excerpt":{"rendered":"<p><i><span style=\"font-weight: 400;\">Model: RangeFinder<\/span><\/i><\/p>\n<p><i><span style=\"font-weight: 400;\">Manufacturer: Miros<\/span><\/i><\/p>\n<p><i><span style=\"font-weight: 400;\">Made in Norway<\/span><\/i><\/p>\n<ul>\n<li style=\"font-weight: 400;\" aria-level=\"1\"><i><span style=\"font-weight: 400;\">\u0110o m\u1ee9c \u0111\u1ed9 n\u01b0\u1edbc bi\u1ec3n v\u00e0 s\u00f3ng bi\u1ec3n<\/span><\/i><\/li>\n<li style=\"font-weight: 400;\" aria-level=\"1\"><i><span style=\"font-weight: 400;\">\u0110o chi\u1ec1u cao v\u00e0 chi\u1ec1u d\u00e0i c\u1ee7a s\u00f3ng bi\u1ec3n<\/span><\/i><\/li>\n<li style=\"font-weight: 400;\" aria-level=\"1\"><i><span style=\"font-weight: 400;\">Gi\u00e1m s\u00e1t tr\u1ea1ng th\u00e1i bi\u1ec3n hi\u1ec7n t\u1ea1i<\/span><\/i><\/li>\n<\/ul>\n","protected":false},"featured_media":2954,"comment_status":"open","ping_status":"closed","template":"","meta":[],"product_cat":[15],"product_tag":[],"acf":[],"lang":"vi","translations":{"vi":2950,"en":2955},"pll_sync_post":[],"_links":{"self":[{"href":"https:\/\/demo9.thuythu.vn\/reeco\/wp-json\/wp\/v2\/product\/2950"}],"collection":[{"href":"https:\/\/demo9.thuythu.vn\/reeco\/wp-json\/wp\/v2\/product"}],"about":[{"href":"https:\/\/demo9.thuythu.vn\/reeco\/wp-json\/wp\/v2\/types\/product"}],"replies":[{"embeddable":true,"href":"https:\/\/demo9.thuythu.vn\/reeco\/wp-json\/wp\/v2\/comments?post=2950"}],"wp:featuredmedia":[{"embeddable":true,"href":"https:\/\/demo9.thuythu.vn\/reeco\/wp-json\/wp\/v2\/media\/2954"}],"wp:attachment":[{"href":"https:\/\/demo9.thuythu.vn\/reeco\/wp-json\/wp\/v2\/media?parent=2950"}],"wp:term":[{"taxonomy":"product_cat","embeddable":true,"href":"https:\/\/demo9.thuythu.vn\/reeco\/wp-json\/wp\/v2\/product_cat?post=2950"},{"taxonomy":"product_tag","embeddable":true,"href":"https:\/\/demo9.thuythu.vn\/reeco\/wp-json\/wp\/v2\/product_tag?post=2950"}],"curies":[{"name":"wp","href":"https:\/\/api.w.org\/{rel}","templated":true}]}}