{"id":2946,"date":"2024-01-17T14:51:54","date_gmt":"2024-01-17T07:51:54","guid":{"rendered":"https:\/\/demo9.thuythu.vn\/reeco\/?post_type=product&#038;p=2946"},"modified":"2024-01-17T14:54:42","modified_gmt":"2024-01-17T07:54:42","slug":"radar-do-song-va-dong-chay-tren-ben-cang","status":"publish","type":"product","link":"https:\/\/demo9.thuythu.vn\/reeco\/san-pham\/radar-do-song-va-dong-chay-tren-ben-cang\/","title":{"rendered":"Radar \u0111o s\u00f3ng v\u00e0 d\u00f2ng ch\u1ea3y tr\u00ean b\u1ebfn c\u1ea3ng"},"content":{"rendered":"","protected":false},"excerpt":{"rendered":"<p><i><span style=\"font-weight: 400;\">Model: <\/span><\/i><span style=\"font-weight: 400;\">WAVE &amp; CURRENT RADAR<\/span><\/p>\n<p><i><span style=\"font-weight: 400;\">Manufacturer: Miros<\/span><\/i><\/p>\n<p><i><span style=\"font-weight: 400;\">Made in Norway<\/span><\/i><\/p>\n<ul>\n<li style=\"font-weight: 400;\" aria-level=\"1\"><i><span style=\"font-weight: 400;\">Qu\u1ea3n l\u00fd t\u00e0u<\/span><\/i><\/li>\n<li style=\"font-weight: 400;\" aria-level=\"1\"><i><span style=\"font-weight: 400;\">X\u00e2y d\u1ef1ng c\u1ea3ng<\/span><\/i><\/li>\n<li style=\"font-weight: 400;\" aria-level=\"1\"><i><span style=\"font-weight: 400;\">Nghi\u00ean c\u1ee9u bi\u1ec3n<\/span><\/i><\/li>\n<li style=\"font-weight: 400;\" aria-level=\"1\"><i><span style=\"font-weight: 400;\">Qu\u1ea3n l\u00fd t\u00e0i nguy\u00ean sinh h\u1ecdc<\/span><\/i><\/li>\n<li style=\"font-weight: 400;\" aria-level=\"1\"><i><span style=\"font-weight: 400;\">L\u1ecbch tr\u00ecnh ho\u1ea1t \u0111\u1ed9ng c\u1ee7a t\u00e0u<\/span><\/i><\/li>\n<li style=\"font-weight: 400;\" aria-level=\"1\"><i><span style=\"font-weight: 400;\">An to\u00e0n c\u1ed9ng \u0111\u1ed3ng<\/span><\/i><\/li>\n<\/ul>\n","protected":false},"featured_media":2948,"comment_status":"open","ping_status":"closed","template":"","meta":[],"product_cat":[15],"product_tag":[],"acf":[],"lang":"vi","translations":{"vi":2946,"en":2949},"pll_sync_post":[],"_links":{"self":[{"href":"https:\/\/demo9.thuythu.vn\/reeco\/wp-json\/wp\/v2\/product\/2946"}],"collection":[{"href":"https:\/\/demo9.thuythu.vn\/reeco\/wp-json\/wp\/v2\/product"}],"about":[{"href":"https:\/\/demo9.thuythu.vn\/reeco\/wp-json\/wp\/v2\/types\/product"}],"replies":[{"embeddable":true,"href":"https:\/\/demo9.thuythu.vn\/reeco\/wp-json\/wp\/v2\/comments?post=2946"}],"wp:featuredmedia":[{"embeddable":true,"href":"https:\/\/demo9.thuythu.vn\/reeco\/wp-json\/wp\/v2\/media\/2948"}],"wp:attachment":[{"href":"https:\/\/demo9.thuythu.vn\/reeco\/wp-json\/wp\/v2\/media?parent=2946"}],"wp:term":[{"taxonomy":"product_cat","embeddable":true,"href":"https:\/\/demo9.thuythu.vn\/reeco\/wp-json\/wp\/v2\/product_cat?post=2946"},{"taxonomy":"product_tag","embeddable":true,"href":"https:\/\/demo9.thuythu.vn\/reeco\/wp-json\/wp\/v2\/product_tag?post=2946"}],"curies":[{"name":"wp","href":"https:\/\/api.w.org\/{rel}","templated":true}]}}