{"id":2942,"date":"2024-01-17T14:36:38","date_gmt":"2024-01-17T07:36:38","guid":{"rendered":"https:\/\/demo9.thuythu.vn\/reeco\/?post_type=product&#038;p=2942"},"modified":"2024-01-17T14:45:42","modified_gmt":"2024-01-17T07:45:42","slug":"radar-do-song-dong-chay-va-do-tuc-thoi-cua-tau","status":"publish","type":"product","link":"https:\/\/demo9.thuythu.vn\/reeco\/san-pham\/radar-do-song-dong-chay-va-do-tuc-thoi-cua-tau\/","title":{"rendered":"Radar \u0111o s\u00f3ng d\u00f2ng ch\u1ea3y v\u00e0 \u0111\u1ed9 t\u1ee9c th\u1eddi c\u1ee7a t\u00e0u"},"content":{"rendered":"","protected":false},"excerpt":{"rendered":"<p><i><span style=\"font-weight: 400;\">Model: WAWEX<\/span><\/i><\/p>\n<p><i><span style=\"font-weight: 400;\">Manufacturer: Miros<\/span><\/i><\/p>\n<p><i><span style=\"font-weight: 400;\">Made in Norway<\/span><\/i><\/p>\n<ul>\n<li style=\"font-weight: 400;\" aria-level=\"1\"><i><span style=\"font-weight: 400;\">Qu\u1ea3n l\u00fd t\u00e0u<\/span><\/i><\/li>\n<li style=\"font-weight: 400;\" aria-level=\"1\"><span style=\"font-weight: 400;\">\u0110\u1ed9 ch\u00ednh x\u00e1c, t\u1ed1i \u01b0u h\u00f3a nhi\u00ean li\u1ec7u.<\/span><\/li>\n<li style=\"font-weight: 400;\" aria-level=\"1\"><span style=\"font-weight: 400;\">Gi\u1ea3m thi\u1ec7t h\u1ea1i cho t\u00e0u v\u00e0 h\u00e0ng h\u00f3a<\/span><\/li>\n<\/ul>\n","protected":false},"featured_media":2944,"comment_status":"open","ping_status":"closed","template":"","meta":[],"product_cat":[15],"product_tag":[],"acf":[],"lang":"vi","translations":{"vi":2942,"en":2945},"pll_sync_post":[],"_links":{"self":[{"href":"https:\/\/demo9.thuythu.vn\/reeco\/wp-json\/wp\/v2\/product\/2942"}],"collection":[{"href":"https:\/\/demo9.thuythu.vn\/reeco\/wp-json\/wp\/v2\/product"}],"about":[{"href":"https:\/\/demo9.thuythu.vn\/reeco\/wp-json\/wp\/v2\/types\/product"}],"replies":[{"embeddable":true,"href":"https:\/\/demo9.thuythu.vn\/reeco\/wp-json\/wp\/v2\/comments?post=2942"}],"wp:featuredmedia":[{"embeddable":true,"href":"https:\/\/demo9.thuythu.vn\/reeco\/wp-json\/wp\/v2\/media\/2944"}],"wp:attachment":[{"href":"https:\/\/demo9.thuythu.vn\/reeco\/wp-json\/wp\/v2\/media?parent=2942"}],"wp:term":[{"taxonomy":"product_cat","embeddable":true,"href":"https:\/\/demo9.thuythu.vn\/reeco\/wp-json\/wp\/v2\/product_cat?post=2942"},{"taxonomy":"product_tag","embeddable":true,"href":"https:\/\/demo9.thuythu.vn\/reeco\/wp-json\/wp\/v2\/product_tag?post=2942"}],"curies":[{"name":"wp","href":"https:\/\/api.w.org\/{rel}","templated":true}]}}