{"id":2930,"date":"2024-01-17T11:26:31","date_gmt":"2024-01-17T04:26:31","guid":{"rendered":"https:\/\/demo9.thuythu.vn\/reeco\/?post_type=product&#038;p=2930"},"modified":"2024-01-17T14:27:28","modified_gmt":"2024-01-17T07:27:28","slug":"cam-bien-exo-rhodamine","status":"publish","type":"product","link":"https:\/\/demo9.thuythu.vn\/reeco\/san-pham\/cam-bien-exo-rhodamine\/","title":{"rendered":"C\u1ea3m bi\u1ebfn EXO Rhodamine"},"content":{"rendered":"","protected":false},"excerpt":{"rendered":"<ul>\n<li>SKU: 599711<\/li>\n<li>H\u00e3ng s\u1ea3n xu\u1ea5t: YSI<\/li>\n<li>Xu\u1ea5t x\u1ee9: M\u1ef9<\/li>\n<\/ul>\n<p data-sourcepos=\"1:1-1:318\">C\u1ea3m bi\u1ebfn EXO Rhodamine l\u00e0 m\u1ed9t c\u1ea3m bi\u1ebfn quang h\u1ecdc \u0111\u01b0\u1ee3c s\u1eed d\u1ee5ng \u0111\u1ec3 \u0111o h\u00e0m l\u01b0\u1ee3ng Rhodamine WT trong n\u01b0\u1edbc. Rhodamine WT l\u00e0 m\u1ed9t ch\u1ea5t nhu\u1ed9m fluorescenze \u0111\u01b0\u1ee3c s\u1eed d\u1ee5ng r\u1ed9ng r\u00e3i trong c\u00e1c \u1ee9ng d\u1ee5ng theo d\u00f5i m\u00f4i tr\u01b0\u1eddng. N\u00f3 c\u00f3 \u0111\u1eb7c \u0111i\u1ec3m l\u00e0 d\u1ec5 s\u1eed d\u1ee5ng, kh\u1ea3 n\u0103ng h\u1ea5p ph\u1ee5 th\u1ea5p, \u0111\u1ed9 ph\u00e1t quang m\u1ea1nh v\u00e0 t\u00e1c \u0111\u1ed9ng m\u00f4i tr\u01b0\u1eddng kh\u00f4ng \u0111\u00e1ng k\u1ec3.<\/p>\n<p data-sourcepos=\"3:1-3:43\"><strong>Th\u00edch h\u1ee3p cho nhi\u1ec1u \u1ee9ng d\u1ee5ng kh\u00e1c nhau:<\/strong><\/p>\n<ul data-sourcepos=\"5:1-10:0\">\n<li data-sourcepos=\"7:1-7:38\">Nghi\u00ean c\u1ee9u th\u1eddi gian di chuy\u1ec3n (TOT)<\/li>\n<li data-sourcepos=\"8:1-8:19\">\u0110\u1eb7c \u0111i\u1ec3m th\u1ee7y l\u1ef1c<\/li>\n<li data-sourcepos=\"9:1-9:20\">X\u00e1c \u0111\u1ecbnh v\u00f9ng tr\u1ed9n<\/li>\n<li data-sourcepos=\"10:1-10:24\">Theo d\u00f5i lu\u1ed3ng \u00f4 nhi\u1ec5m<\/li>\n<li data-sourcepos=\"11:1-12:0\">V\u1ebd b\u1ea3n \u0111\u1ed3 tr\u00e0n<\/li>\n<\/ul>\n<p data-sourcepos=\"11:1-11:33\"><strong>Th\u00f4ng s\u1ed1 k\u1ef9 thu\u1eadt \u0111\u00e1ng ch\u00fa \u00fd:<\/strong><\/p>\n<ul data-sourcepos=\"13:1-16:0\">\n<li data-sourcepos=\"13:1-13:46\">Ph\u1ea1m vi: 0 \u0111\u1ebfn 1.000 \u00b5g\/L ho\u1eb7c 0 \u0111\u1ebfn 100 RFU<\/li>\n<li data-sourcepos=\"14:1-14:39\">\u0110\u1ed9 ph\u00e2n gi\u1ea3i: 0,01 \u00b5g\/L ho\u1eb7c 0,01 RFU<\/li>\n<li data-sourcepos=\"15:1-16:0\">\u0110\u1ed9 ch\u00ednh x\u00e1c: +\/- 5% ho\u1eb7c 0,1 \u00b5g\/L w.i.g<\/li>\n<\/ul>\n","protected":false},"featured_media":2935,"comment_status":"open","ping_status":"closed","template":"","meta":[],"product_cat":[15],"product_tag":[],"acf":[],"lang":"vi","translations":{"vi":2930,"en":2936},"pll_sync_post":[],"_links":{"self":[{"href":"https:\/\/demo9.thuythu.vn\/reeco\/wp-json\/wp\/v2\/product\/2930"}],"collection":[{"href":"https:\/\/demo9.thuythu.vn\/reeco\/wp-json\/wp\/v2\/product"}],"about":[{"href":"https:\/\/demo9.thuythu.vn\/reeco\/wp-json\/wp\/v2\/types\/product"}],"replies":[{"embeddable":true,"href":"https:\/\/demo9.thuythu.vn\/reeco\/wp-json\/wp\/v2\/comments?post=2930"}],"wp:featuredmedia":[{"embeddable":true,"href":"https:\/\/demo9.thuythu.vn\/reeco\/wp-json\/wp\/v2\/media\/2935"}],"wp:attachment":[{"href":"https:\/\/demo9.thuythu.vn\/reeco\/wp-json\/wp\/v2\/media?parent=2930"}],"wp:term":[{"taxonomy":"product_cat","embeddable":true,"href":"https:\/\/demo9.thuythu.vn\/reeco\/wp-json\/wp\/v2\/product_cat?post=2930"},{"taxonomy":"product_tag","embeddable":true,"href":"https:\/\/demo9.thuythu.vn\/reeco\/wp-json\/wp\/v2\/product_tag?post=2930"}],"curies":[{"name":"wp","href":"https:\/\/api.w.org\/{rel}","templated":true}]}}