{"id":2922,"date":"2024-01-17T09:24:06","date_gmt":"2024-01-17T02:24:06","guid":{"rendered":"https:\/\/demo9.thuythu.vn\/reeco\/?post_type=product&#038;p=2922"},"modified":"2024-01-17T14:28:02","modified_gmt":"2024-01-17T07:28:02","slug":"cam-bien-exo-nitrate","status":"publish","type":"product","link":"https:\/\/demo9.thuythu.vn\/reeco\/san-pham\/cam-bien-exo-nitrate\/","title":{"rendered":"C\u1ea3m bi\u1ebfn EXO Nitrate"},"content":{"rendered":"","protected":false},"excerpt":{"rendered":"<ul>\n<li>SKU: 599709<\/li>\n<li>H\u00e3ng s\u1ea3n xu\u1ea5t: YSI<\/li>\n<li>Xu\u1ea5t x\u1ee9: M\u1ef9<\/li>\n<\/ul>\n<p data-sourcepos=\"1:1-1:246\">C\u1ea3m bi\u1ebfn EXO Nitrate ISE v\u1edbi b\u1ea3o v\u1ec7 l\u00e0 c\u1ea3m bi\u1ebfn th\u00f4ng minh k\u1ef9 thu\u1eadt s\u1ed1 c\u00f3 c\u1ea5u tr\u00fac titan h\u00e0n v\u00e0 c\u00e1c \u0111\u1ea7u n\u1ed1i c\u00f3 th\u1ec3 gh\u00e9p n\u1ed1i \u01b0\u1edbt. Ho\u00e0n th\u00e0nh hi\u1ec7u chu\u1ea9n trong ch\u01b0a \u0111\u1ea7y 15 ph\u00fat b\u1eb1ng b\u1ed9 c\u1ea3m bi\u1ebfn th\u00f4ng minh c\u1ee7a EXO v\u00e0 ph\u1ea7n m\u1ec1m giao di\u1ec7n KOR tr\u1ef1c quan.<\/p>\n<p data-sourcepos=\"3:1-3:106\"><strong>L\u01b0u \u00fd:<\/strong> D\u00e0nh cho c\u00e1c \u1ee9ng d\u1ee5ng l\u1ea5y m\u1eabu. Kh\u00f4ng s\u1eed d\u1ee5ng trong h\u1ec7 th\u1ed1ng EXO c\u00f3 g\u1ea1t n\u01b0\u1edbc trung t\u00e2m \u0111\u01b0\u1ee3c l\u1eafp \u0111\u1eb7<\/p>\n<p data-sourcepos=\"3:1-3:106\"><strong>T\u00ednh n\u0103ng:<\/strong><\/p>\n<ul>\n<li data-sourcepos=\"3:1-3:106\">\u0110o NO3 trong c\u00e1c \u1ee9ng d\u1ee5ng n\u01b0\u1edbc ng\u1ecdt<\/li>\n<li data-sourcepos=\"3:1-3:106\">\u0110\u1ed9 s\u00e2u kh\u00f4ng v\u01b0\u1ee3t qu\u00e1 17 m\u00e9t (55 ft) ho\u1eb7c 25 psi<\/li>\n<li data-sourcepos=\"3:1-3:106\">B\u1ea3o h\u00e0nh 3 th\u00e1ng cho m\u00f4-\u0111un c\u1ea3m bi\u1ebfn<\/li>\n<\/ul>\n","protected":false},"featured_media":2923,"comment_status":"open","ping_status":"closed","template":"","meta":[],"product_cat":[15],"product_tag":[],"acf":[],"lang":"vi","translations":{"vi":2922,"en":2924},"pll_sync_post":[],"_links":{"self":[{"href":"https:\/\/demo9.thuythu.vn\/reeco\/wp-json\/wp\/v2\/product\/2922"}],"collection":[{"href":"https:\/\/demo9.thuythu.vn\/reeco\/wp-json\/wp\/v2\/product"}],"about":[{"href":"https:\/\/demo9.thuythu.vn\/reeco\/wp-json\/wp\/v2\/types\/product"}],"replies":[{"embeddable":true,"href":"https:\/\/demo9.thuythu.vn\/reeco\/wp-json\/wp\/v2\/comments?post=2922"}],"wp:featuredmedia":[{"embeddable":true,"href":"https:\/\/demo9.thuythu.vn\/reeco\/wp-json\/wp\/v2\/media\/2923"}],"wp:attachment":[{"href":"https:\/\/demo9.thuythu.vn\/reeco\/wp-json\/wp\/v2\/media?parent=2922"}],"wp:term":[{"taxonomy":"product_cat","embeddable":true,"href":"https:\/\/demo9.thuythu.vn\/reeco\/wp-json\/wp\/v2\/product_cat?post=2922"},{"taxonomy":"product_tag","embeddable":true,"href":"https:\/\/demo9.thuythu.vn\/reeco\/wp-json\/wp\/v2\/product_tag?post=2922"}],"curies":[{"name":"wp","href":"https:\/\/api.w.org\/{rel}","templated":true}]}}