{"id":2919,"date":"2024-01-17T13:59:33","date_gmt":"2024-01-17T06:59:33","guid":{"rendered":"https:\/\/demo9.thuythu.vn\/reeco\/?post_type=product&#038;p=2919"},"modified":"2024-01-17T14:26:22","modified_gmt":"2024-01-17T07:26:22","slug":"cam-bien-exo-ammonium","status":"publish","type":"product","link":"https:\/\/demo9.thuythu.vn\/reeco\/san-pham\/cam-bien-exo-ammonium\/","title":{"rendered":"C\u1ea3m bi\u1ebfn EXO Ammonium"},"content":{"rendered":"","protected":false},"excerpt":{"rendered":"<ul>\n<li>SKU: 599710<\/li>\n<li>H\u00e3ng s\u1ea3n xu\u1ea5t: YSI<\/li>\n<li>Xu\u1ea5t x\u1ee9: M\u1ef9<\/li>\n<\/ul>\n<p data-sourcepos=\"1:1-1:236\">C\u1ea3m bi\u1ebfn EXO Ammonium ISE (\u0111i\u1ec7n c\u1ef1c ch\u1ecdn ion) \u0111\u01b0\u1ee3c b\u1ea3o v\u1ec7 b\u1eb1ng titan h\u00e0n l\u00e0 c\u1ea3m bi\u1ebfn th\u00f4ng minh k\u1ef9 thu\u1eadt s\u1ed1 c\u00f3 \u0111\u1ea7u n\u1ed1i \u01b0\u1edbt. Ho\u00e0n th\u00e0nh hi\u1ec7u chu\u1ea9n trong v\u00f2ng ch\u01b0a \u0111\u1ea7y 15 ph\u00fat b\u1eb1ng b\u1ed9 c\u1ea3m bi\u1ebfn th\u00f4ng minh c\u1ee7a EXO v\u00e0 Ph\u1ea7n m\u1ec1m Kor tr\u1ef1c quan.<\/p>\n<p data-sourcepos=\"3:1-3:101\"><strong>L\u01b0u \u00fd:<\/strong> D\u00e0nh cho c\u00e1c \u1ee9ng d\u1ee5ng l\u1ea5y m\u1eabu. Kh\u00f4ng s\u1eed d\u1ee5ng trong h\u1ec7 th\u1ed1ng EXO c\u00f3 g\u1ea1t trung t\u00e2m \u0111\u01b0\u1ee3c l\u1eafp \u0111\u1eb7t.<\/p>\n<ul>\n<li data-sourcepos=\"5:1-5:35\">\u0110o NH4 trong c\u00e1c \u1ee9ng d\u1ee5ng n\u01b0\u1edbc ng\u1ecdt<\/li>\n<li data-sourcepos=\"7:1-7:48\">\u0110\u1ed9 s\u00e2u kh\u00f4ng v\u01b0\u1ee3t qu\u00e1 17 m\u00e9t (55 ft) ho\u1eb7c 25 psi<\/li>\n<li data-sourcepos=\"9:1-9:36\">B\u1ea3o h\u00e0nh 3 th\u00e1ng cho m\u00f4-\u0111un c\u1ea3m bi\u1ebfn<\/li>\n<\/ul>\n","protected":false},"featured_media":2920,"comment_status":"open","ping_status":"closed","template":"","meta":[],"product_cat":[15],"product_tag":[819],"acf":[],"lang":"vi","translations":{"vi":2919,"en":2921},"pll_sync_post":[],"_links":{"self":[{"href":"https:\/\/demo9.thuythu.vn\/reeco\/wp-json\/wp\/v2\/product\/2919"}],"collection":[{"href":"https:\/\/demo9.thuythu.vn\/reeco\/wp-json\/wp\/v2\/product"}],"about":[{"href":"https:\/\/demo9.thuythu.vn\/reeco\/wp-json\/wp\/v2\/types\/product"}],"replies":[{"embeddable":true,"href":"https:\/\/demo9.thuythu.vn\/reeco\/wp-json\/wp\/v2\/comments?post=2919"}],"wp:featuredmedia":[{"embeddable":true,"href":"https:\/\/demo9.thuythu.vn\/reeco\/wp-json\/wp\/v2\/media\/2920"}],"wp:attachment":[{"href":"https:\/\/demo9.thuythu.vn\/reeco\/wp-json\/wp\/v2\/media?parent=2919"}],"wp:term":[{"taxonomy":"product_cat","embeddable":true,"href":"https:\/\/demo9.thuythu.vn\/reeco\/wp-json\/wp\/v2\/product_cat?post=2919"},{"taxonomy":"product_tag","embeddable":true,"href":"https:\/\/demo9.thuythu.vn\/reeco\/wp-json\/wp\/v2\/product_tag?post=2919"}],"curies":[{"name":"wp","href":"https:\/\/api.w.org\/{rel}","templated":true}]}}