{"id":2905,"date":"2024-01-16T14:31:11","date_gmt":"2024-01-16T07:31:11","guid":{"rendered":"https:\/\/demo9.thuythu.vn\/reeco\/?post_type=product&#038;p=2905"},"modified":"2024-01-18T16:10:19","modified_gmt":"2024-01-18T09:10:19","slug":"phan-mem-quan-ly-du-lieu-quan-trac-tu-dong-vnemisoft","status":"publish","type":"product","link":"https:\/\/demo9.thuythu.vn\/reeco\/san-pham\/phan-mem-quan-ly-du-lieu-quan-trac-tu-dong-vnemisoft\/","title":{"rendered":"Ph\u1ea7n m\u1ec1m Qu\u1ea3n l\u00fd d\u1eef li\u1ec7u quan tr\u1eafc t\u1ef1 \u0111\u1ed9ng VnEmisoft"},"content":{"rendered":"","protected":false},"excerpt":{"rendered":"<p><em>Model: VnEmisoft<\/em><\/p>\n<p><em>H\u00e3ng: Reeco Tech<\/em><\/p>\n<p><em>Xu\u1ea5t x\u1ee9: Vi\u1ec7t Nam<\/em><\/p>\n<p><strong><a href=\"https:\/\/reecotech.com.vn\/lien-he\/\" target=\"_blank\" rel=\"noopener\">C\u00f4ng ty TNHH Khoa h\u1ecdc v\u00e0 K\u1ef9 thu\u1eadt REECO<\/a><\/strong>\u00a0cung c\u1ea5p c\u00e1c d\u1eef li\u1ec7u quan tr\u1eafc m\u00f4i tr\u01b0\u1eddng v\u00e0 kh\u00ed t\u01b0\u1ee3ng thu\u1ef7 h\u1ea3i v\u0103n. C\u00e1c d\u1eef li\u1ec7u n\u00e0y \u0111\u01b0\u1ee3c t\u1ed5ng h\u1ee3p v\u00e0 h\u1ee3p nh\u1ea5t theo \u0111\u1ecba \u0111i\u1ec3m v\u00e0 th\u1eddi gian, sau \u0111\u00f3 x\u1eed l\u00fd b\u1eb1ng c\u00e1c c\u00f4ng c\u1ee5 ph\u00e2n t\u00edch v\u00e0 th\u1ed1ng k\u00ea khoa h\u1ecdc, k\u1ebft h\u1ee3p v\u1edbi AI x\u00e2y d\u1ef1ng l\u00ean m\u00f4 h\u00ecnh d\u1ef1 b\u00e1o v\u00e0 c\u1ea3nh b\u00e1o.<\/p>\n","protected":false},"featured_media":2907,"comment_status":"open","ping_status":"closed","template":"","meta":[],"product_cat":[15],"product_tag":[],"acf":[],"lang":"vi","translations":{"vi":2905,"en":2906},"pll_sync_post":[],"_links":{"self":[{"href":"https:\/\/demo9.thuythu.vn\/reeco\/wp-json\/wp\/v2\/product\/2905"}],"collection":[{"href":"https:\/\/demo9.thuythu.vn\/reeco\/wp-json\/wp\/v2\/product"}],"about":[{"href":"https:\/\/demo9.thuythu.vn\/reeco\/wp-json\/wp\/v2\/types\/product"}],"replies":[{"embeddable":true,"href":"https:\/\/demo9.thuythu.vn\/reeco\/wp-json\/wp\/v2\/comments?post=2905"}],"wp:featuredmedia":[{"embeddable":true,"href":"https:\/\/demo9.thuythu.vn\/reeco\/wp-json\/wp\/v2\/media\/2907"}],"wp:attachment":[{"href":"https:\/\/demo9.thuythu.vn\/reeco\/wp-json\/wp\/v2\/media?parent=2905"}],"wp:term":[{"taxonomy":"product_cat","embeddable":true,"href":"https:\/\/demo9.thuythu.vn\/reeco\/wp-json\/wp\/v2\/product_cat?post=2905"},{"taxonomy":"product_tag","embeddable":true,"href":"https:\/\/demo9.thuythu.vn\/reeco\/wp-json\/wp\/v2\/product_tag?post=2905"}],"curies":[{"name":"wp","href":"https:\/\/api.w.org\/{rel}","templated":true}]}}