{"id":2878,"date":"2024-01-16T17:57:45","date_gmt":"2024-01-16T17:57:45","guid":{"rendered":"https:\/\/demo9.thuythu.vn\/reeco\/?post_type=product&#038;p=2878"},"modified":"2024-01-25T16:43:45","modified_gmt":"2024-01-25T09:43:45","slug":"khao-sat-duoi-nuoc-bang-robot-rov","status":"publish","type":"product","link":"https:\/\/demo9.thuythu.vn\/reeco\/san-pham\/khao-sat-duoi-nuoc-bang-robot-rov\/","title":{"rendered":"Kh\u1ea3o s\u00e1t d\u01b0\u1edbi n\u01b0\u1edbc b\u1eb1ng Robot ROV"},"content":{"rendered":"","protected":false},"excerpt":{"rendered":"<p><em>Model: Pro 4 ROV<\/em><\/p>\n<p><em>H\u00e3ng: VideoRay,<\/em><\/p>\n<p><em>Xu\u1ea5t x\u1ee9: USA<\/em><\/p>\n<p><strong>C\u00f4ng ty TNHH Khoa h\u1ecdc v\u00e0 K\u1ef9 thu\u1eadt REECO<\/strong>\u00a0cung c\u1ea5p d\u1ecbch v\u1ee5 kh\u1ea3o s\u00e1t, th\u0103m d\u00f2 d\u01b0\u1edbi n\u01b0\u1edbc b\u1eb1ng robot ng\u1ea7m \u0111i\u1ec1u khi\u1ec3n t\u1eeb xa (ROV), c\u00f3 kh\u1ea3 n\u0103ng th\u1ef1c hi\u1ec7n kh\u1ea3o s\u00e1t khu v\u1ef1c c\u00f3 kh\u00f4ng gian h\u1ea1n ch\u1ebf ho\u1eb7c \u0111i\u1ec1u ki\u1ec7n nguy hi\u1ec3m m\u00e0 con ng\u01b0\u1eddi kh\u00f3 c\u00f3 ti\u1ebfp c\u1eadn \u0111\u01b0\u1ee3c.<\/p>\n<p>REECO\u00a0l\u00e0 \u0111\u1ea1i di\u1ec7n ch\u00ednh h\u00e3ng\u00a0VideoRay\u00a0t\u1ea1i Vi\u1ec7t Nam, ch\u00fang t\u00f4i cam k\u1ebft cung c\u1ea5p \u0111\u1ebfn t\u1eadn tay kh\u00e1ch h\u00e0ng thi\u1ebft b\u1ecb ch\u1ea5t l\u01b0\u1ee3ng v\u00e0 gi\u00e1 c\u1ea3 h\u1ee3p l\u00fd nh\u1ea5t.<\/p>\n","protected":false},"featured_media":2885,"comment_status":"open","ping_status":"closed","template":"","meta":[],"product_cat":[15],"product_tag":[],"acf":[],"lang":"vi","translations":{"vi":2878,"en":2879},"pll_sync_post":[],"_links":{"self":[{"href":"https:\/\/demo9.thuythu.vn\/reeco\/wp-json\/wp\/v2\/product\/2878"}],"collection":[{"href":"https:\/\/demo9.thuythu.vn\/reeco\/wp-json\/wp\/v2\/product"}],"about":[{"href":"https:\/\/demo9.thuythu.vn\/reeco\/wp-json\/wp\/v2\/types\/product"}],"replies":[{"embeddable":true,"href":"https:\/\/demo9.thuythu.vn\/reeco\/wp-json\/wp\/v2\/comments?post=2878"}],"wp:featuredmedia":[{"embeddable":true,"href":"https:\/\/demo9.thuythu.vn\/reeco\/wp-json\/wp\/v2\/media\/2885"}],"wp:attachment":[{"href":"https:\/\/demo9.thuythu.vn\/reeco\/wp-json\/wp\/v2\/media?parent=2878"}],"wp:term":[{"taxonomy":"product_cat","embeddable":true,"href":"https:\/\/demo9.thuythu.vn\/reeco\/wp-json\/wp\/v2\/product_cat?post=2878"},{"taxonomy":"product_tag","embeddable":true,"href":"https:\/\/demo9.thuythu.vn\/reeco\/wp-json\/wp\/v2\/product_tag?post=2878"}],"curies":[{"name":"wp","href":"https:\/\/api.w.org\/{rel}","templated":true}]}}