{"id":2859,"date":"2024-01-16T16:45:12","date_gmt":"2024-01-16T16:45:12","guid":{"rendered":"https:\/\/demo9.thuythu.vn\/reeco\/?post_type=product&#038;p=2859"},"modified":"2024-01-25T16:51:57","modified_gmt":"2024-01-25T09:51:57","slug":"khao-sat-ho-chua-dap-thuy-dien-bang-robot-rov","status":"publish","type":"product","link":"https:\/\/demo9.thuythu.vn\/reeco\/san-pham\/khao-sat-ho-chua-dap-thuy-dien-bang-robot-rov\/","title":{"rendered":"Kh\u1ea3o s\u00e1t h\u1ed3 ch\u1ee9a, \u0111\u1eadp th\u1ee7y \u0111i\u1ec7n b\u1eb1ng Robot ROV"},"content":{"rendered":"","protected":false},"excerpt":{"rendered":"<ul>\n<li><em>Model: Pro 4 ROV<\/em><\/li>\n<li><em>H\u00e3ng SX: VideoRay, M\u1ef9<\/em><\/li>\n<\/ul>\n<p><strong>C\u00f4ng ty TNHH Khoa h\u1ecdc v\u00e0 K\u1ef9 thu\u1eadt REECO<\/strong>\u00a0cung c\u1ea5p d\u1ecbch v\u1ee5 kh\u1ea3o s\u00e1t h\u1ed3 ch\u1ee9a, \u0111\u1eadp th\u1ee7y \u0111i\u1ec7n b\u1eb1ng robot ng\u1ea7m \u0111i\u1ec1u khi\u1ec3n t\u1eeb xa (ROV), c\u00f3 kh\u1ea3 n\u0103ng th\u1ef1c hi\u1ec7n kh\u1ea3o s\u00e1t khu v\u1ef1c c\u00f3 kh\u00f4ng gian h\u1ea1n ch\u1ebf ho\u1eb7c \u0111i\u1ec1u ki\u1ec7n nguy hi\u1ec3m m\u00e0 con ng\u01b0\u1eddi kh\u00f3 c\u00f3 ti\u1ebfp c\u1eadn \u0111\u01b0\u1ee3c.<\/p>\n<div>H\u1ec7 th\u1ed1ng \u0111\u01b0\u1ee3c thi\u1ebft k\u1ebf gi\u00fap quan s\u00e1t, \u0111\u1ecbnh h\u01b0\u1edbng trong \u0111i\u1ec1u ki\u1ec7n \u0111\u1ed9 \u0111\u1ee5c c\u1ee7a m\u00f4i tr\u01b0\u1eddng n\u01b0\u1edbc cao (t\u1ea7m nh\u00ecn b\u1eb1ng m\u1eaft g\u1ea7n b\u1eb1ng 0) v\u1edbi c\u00e1c trang b\u1ecb:<\/div>\n<ul>\n<li class=\"bullet-checkmark\">Camera m\u00e0u chuy\u00ean d\u1ee5ng<\/li>\n<li class=\"bullet-checkmark\">\u0110\u00e8n chi\u1ebfu s\u00e1ng<\/li>\n<li class=\"bullet-checkmark\">C\u00e1c c\u1ea3m bi\u1ebfn: la b\u00e0n; gia t\u1ed1c; v\u1eadn t\u1ed1c; nhi\u1ec7t \u0111\u1ed9 n\u01b0\u1edbc; ki\u1ec3m so\u00e1t r\u00f2 r\u1ec9; \u0111o \u0111\u1ed9 s\u00e2u<\/li>\n<li class=\"bullet-checkmark\">H\u1ec7 th\u1ed1ng ghi \u1ea3nh sonar<\/li>\n<\/ul>\n<p>REECO\u00a0l\u00e0 \u0111\u1ea1i di\u1ec7n ch\u00ednh h\u00e3ng\u00a0VideoRay\u00a0t\u1ea1i Vi\u1ec7t Nam, ch\u00fang t\u00f4i cam k\u1ebft cung c\u1ea5p \u0111\u1ebfn t\u1eadn tay kh\u00e1ch h\u00e0ng thi\u1ebft b\u1ecb ch\u1ea5t l\u01b0\u1ee3ng v\u00e0 gi\u00e1 c\u1ea3 h\u1ee3p l\u00fd nh\u1ea5t.<\/p>\n","protected":false},"featured_media":2861,"comment_status":"open","ping_status":"closed","template":"","meta":[],"product_cat":[15],"product_tag":[],"acf":[],"lang":"vi","translations":{"vi":2859,"en":2860},"pll_sync_post":[],"_links":{"self":[{"href":"https:\/\/demo9.thuythu.vn\/reeco\/wp-json\/wp\/v2\/product\/2859"}],"collection":[{"href":"https:\/\/demo9.thuythu.vn\/reeco\/wp-json\/wp\/v2\/product"}],"about":[{"href":"https:\/\/demo9.thuythu.vn\/reeco\/wp-json\/wp\/v2\/types\/product"}],"replies":[{"embeddable":true,"href":"https:\/\/demo9.thuythu.vn\/reeco\/wp-json\/wp\/v2\/comments?post=2859"}],"wp:featuredmedia":[{"embeddable":true,"href":"https:\/\/demo9.thuythu.vn\/reeco\/wp-json\/wp\/v2\/media\/2861"}],"wp:attachment":[{"href":"https:\/\/demo9.thuythu.vn\/reeco\/wp-json\/wp\/v2\/media?parent=2859"}],"wp:term":[{"taxonomy":"product_cat","embeddable":true,"href":"https:\/\/demo9.thuythu.vn\/reeco\/wp-json\/wp\/v2\/product_cat?post=2859"},{"taxonomy":"product_tag","embeddable":true,"href":"https:\/\/demo9.thuythu.vn\/reeco\/wp-json\/wp\/v2\/product_tag?post=2859"}],"curies":[{"name":"wp","href":"https:\/\/api.w.org\/{rel}","templated":true}]}}