{"id":2817,"date":"2024-01-16T09:38:38","date_gmt":"2024-01-16T09:38:38","guid":{"rendered":"https:\/\/demo9.thuythu.vn\/reeco\/?post_type=product&#038;p=2817"},"modified":"2024-01-17T04:12:59","modified_gmt":"2024-01-17T04:12:59","slug":"cam-bien-exo-fdom","status":"publish","type":"product","link":"https:\/\/demo9.thuythu.vn\/reeco\/san-pham\/cam-bien-exo-fdom\/","title":{"rendered":"C\u1ea3m bi\u1ebfn EXO fDOM"},"content":{"rendered":"","protected":false},"excerpt":{"rendered":"<p data-sourcepos=\"1:1-1:274\">C\u1ea3m bi\u1ebfn EXO fDOM (ch\u1ea5t h\u1eefu c\u01a1 h\u00f2a tan hu\u1ef3nh quang) l\u00e0 m\u1ed9t c\u1ea3m bi\u1ebfn th\u00f4ng minh k\u1ef9 thu\u1eadt s\u1ed1 \u0111\u01b0\u1ee3c ch\u1ebf t\u1ea1o b\u1eb1ng titan h\u00e0n ch\u1eafc v\u00e0 c\u00f3 \u0111\u1ea7u n\u1ed1i c\u00f3 th\u1ec3 k\u1ebft n\u1ed1i khi \u01b0\u1edbt. Ho\u00e0n th\u00e0nh hi\u1ec7u chu\u1ea9n trong v\u00f2ng ch\u01b0a \u0111\u1ea7y 15 ph\u00fat b\u1eb1ng b\u1ed9 c\u1ea3m bi\u1ebfn th\u00f4ng minh c\u1ee7a EXO v\u00e0 Ph\u1ea7n m\u1ec1m Kor tr\u1ef1c quan.<\/p>\n<ul>\n<li data-sourcepos=\"5:1-7:34\">Ph\u1ea1m vi \u0111o: 0 \u0111\u1ebfn 300 ppb t\u01b0\u01a1ng \u0111\u01b0\u01a1ng Quinine Sulfate (QSE)<\/li>\n<li data-sourcepos=\"5:1-7:34\">\u0110\u1ed9 ph\u00e2n gi\u1ea3i: 0,01 ppb QSE<\/li>\n<li data-sourcepos=\"5:1-7:34\">Th\u1eddi gian ph\u1ea3n h\u1ed3i T63 &lt; 2 gi\u00e2y<\/li>\n<\/ul>\n","protected":false},"featured_media":2823,"comment_status":"open","ping_status":"closed","template":"","meta":[],"product_cat":[15],"product_tag":[],"acf":[],"lang":"vi","translations":{"vi":2817,"en":2824},"pll_sync_post":[],"_links":{"self":[{"href":"https:\/\/demo9.thuythu.vn\/reeco\/wp-json\/wp\/v2\/product\/2817"}],"collection":[{"href":"https:\/\/demo9.thuythu.vn\/reeco\/wp-json\/wp\/v2\/product"}],"about":[{"href":"https:\/\/demo9.thuythu.vn\/reeco\/wp-json\/wp\/v2\/types\/product"}],"replies":[{"embeddable":true,"href":"https:\/\/demo9.thuythu.vn\/reeco\/wp-json\/wp\/v2\/comments?post=2817"}],"wp:featuredmedia":[{"embeddable":true,"href":"https:\/\/demo9.thuythu.vn\/reeco\/wp-json\/wp\/v2\/media\/2823"}],"wp:attachment":[{"href":"https:\/\/demo9.thuythu.vn\/reeco\/wp-json\/wp\/v2\/media?parent=2817"}],"wp:term":[{"taxonomy":"product_cat","embeddable":true,"href":"https:\/\/demo9.thuythu.vn\/reeco\/wp-json\/wp\/v2\/product_cat?post=2817"},{"taxonomy":"product_tag","embeddable":true,"href":"https:\/\/demo9.thuythu.vn\/reeco\/wp-json\/wp\/v2\/product_tag?post=2817"}],"curies":[{"name":"wp","href":"https:\/\/api.w.org\/{rel}","templated":true}]}}