{"id":2799,"date":"2024-01-16T09:15:35","date_gmt":"2024-01-16T09:15:35","guid":{"rendered":"https:\/\/demo9.thuythu.vn\/reeco\/?post_type=product&#038;p=2799"},"modified":"2024-01-16T09:20:42","modified_gmt":"2024-01-16T09:20:42","slug":"cam-bien-pe-do-tong-luong-tao","status":"publish","type":"product","link":"https:\/\/demo9.thuythu.vn\/reeco\/san-pham\/cam-bien-pe-do-tong-luong-tao\/","title":{"rendered":"C\u1ea3m bi\u1ec3n PE \u0111o t\u1ed5ng l\u01b0\u1ee3ng t\u1ea3o"},"content":{"rendered":"","protected":false},"excerpt":{"rendered":"<p data-sourcepos=\"1:1-1:344\">C\u1ea3m bi\u1ebfn EXO Total Algae PE l\u00e0 m\u1ed9t c\u1ea3m bi\u1ebfn th\u00f4ng minh k\u1ef9 thu\u1eadt s\u1ed1 (chlorophyll &amp; phycoerythrin) v\u1edbi th\u00e2n \u0111\u01b0\u1ee3c h\u00e0n b\u1eb1ng titan v\u00e0 c\u00e1c \u0111\u1ea7u n\u1ed1i c\u00f3 th\u1ec3 gh\u00e9p n\u1ed1i \u01b0\u1edbt, t\u1ed1i \u01b0u cho vi\u1ec7c s\u1eed d\u1ee5ng trong n\u01b0\u1edbc m\u1eb7n. B\u1ea1n c\u00f3 th\u1ec3 ho\u00e0n th\u00e0nh vi\u1ec7c hi\u1ec7u chu\u1ea9n trong v\u00f2ng ch\u01b0a \u0111\u1ea7y 15 ph\u00fat b\u1eb1ng b\u1ed9 c\u1ea3m bi\u1ebfn th\u00f4ng minh c\u1ee7a EXO v\u00e0 ph\u1ea7n m\u1ec1m giao di\u1ec7n Kor tr\u1ef1c quan.<\/p>\n<ul data-sourcepos=\"3:1-6:0\">\n<li data-sourcepos=\"3:1-3:19\">C\u1ea3m bi\u1ebfn k\u00eanh \u0111\u00f4i<\/li>\n<li data-sourcepos=\"4:1-4:43\">\u0110o v\u00e0 xu\u1ea5t c\u1ea3 chlorophyll v\u00e0 t\u1ea3o xanh lam<\/li>\n<li data-sourcepos=\"5:1-6:0\">T\u00f9y ch\u1ecdn \u0111\u1ea7u ra \u00b5g\/L v\u00e0 RFU<\/li>\n<\/ul>\n","protected":false},"featured_media":2810,"comment_status":"open","ping_status":"closed","template":"","meta":[],"product_cat":[15],"product_tag":[],"acf":[],"lang":"vi","translations":{"vi":2799,"en":2811},"pll_sync_post":[],"_links":{"self":[{"href":"https:\/\/demo9.thuythu.vn\/reeco\/wp-json\/wp\/v2\/product\/2799"}],"collection":[{"href":"https:\/\/demo9.thuythu.vn\/reeco\/wp-json\/wp\/v2\/product"}],"about":[{"href":"https:\/\/demo9.thuythu.vn\/reeco\/wp-json\/wp\/v2\/types\/product"}],"replies":[{"embeddable":true,"href":"https:\/\/demo9.thuythu.vn\/reeco\/wp-json\/wp\/v2\/comments?post=2799"}],"wp:featuredmedia":[{"embeddable":true,"href":"https:\/\/demo9.thuythu.vn\/reeco\/wp-json\/wp\/v2\/media\/2810"}],"wp:attachment":[{"href":"https:\/\/demo9.thuythu.vn\/reeco\/wp-json\/wp\/v2\/media?parent=2799"}],"wp:term":[{"taxonomy":"product_cat","embeddable":true,"href":"https:\/\/demo9.thuythu.vn\/reeco\/wp-json\/wp\/v2\/product_cat?post=2799"},{"taxonomy":"product_tag","embeddable":true,"href":"https:\/\/demo9.thuythu.vn\/reeco\/wp-json\/wp\/v2\/product_tag?post=2799"}],"curies":[{"name":"wp","href":"https:\/\/api.w.org\/{rel}","templated":true}]}}