{"id":2790,"date":"2024-01-16T08:41:43","date_gmt":"2024-01-16T08:41:43","guid":{"rendered":"https:\/\/demo9.thuythu.vn\/reeco\/?post_type=product&#038;p=2790"},"modified":"2024-01-16T08:45:20","modified_gmt":"2024-01-16T08:45:20","slug":"cam-bien-do-do-ph","status":"publish","type":"product","link":"https:\/\/demo9.thuythu.vn\/reeco\/san-pham\/cam-bien-do-do-ph\/","title":{"rendered":"C\u1ea3m bi\u1ebfn \u0111o \u0111\u1ed9 pH"},"content":{"rendered":"","protected":false},"excerpt":{"rendered":"<p data-sourcepos=\"1:1-1:234\">C\u1ea3m bi\u1ebfn pH kh\u00f4ng b\u1ea3o v\u1ec7 EXO l\u00e0 m\u1ed9t c\u1ea3m bi\u1ebfn th\u00f4ng minh k\u1ef9 thu\u1eadt s\u1ed1 v\u1edbi c\u1ea5u tr\u00fac titan h\u00e0n v\u00e0 c\u00e1c \u0111\u1ea7u n\u1ed1i c\u00f3 th\u1ec3 gh\u00e9p n\u1ed1i \u01b0\u1edbt. Ho\u00e0n th\u00e0nh hi\u1ec7u chu\u1ea9n trong ch\u01b0a \u0111\u1ea7y 15 ph\u00fat b\u1eb1ng b\u1ed9 c\u1ea3m bi\u1ebfn th\u00f4ng minh c\u1ee7a EXO v\u00e0 Ph\u1ea7n m\u1ec1m Kor tr\u1ef1c quan.<\/p>\n<p data-sourcepos=\"3:1-3:184\">L\u01b0u \u00fd: Model kh\u00f4ng \u0111\u01b0\u1ee3c b\u1ea3o v\u1ec7 n\u00e0y \u0111\u01b0\u1ee3c s\u1eed d\u1ee5ng v\u1edbi EXO2 ho\u1eb7c EXO3 c\u00f3 l\u1eafp c\u1ea7n g\u1ea1t trung t\u00e2m. \u0110\u1ec3 bi\u1ebft phi\u00ean b\u1ea3n \u0111\u01b0\u1ee3c b\u1ea3o v\u1ec7, vui l\u00f2ng tham kh\u1ea3o<a href=\"https:\/\/demo9.thuythu.vn\/reeco\/san-pham\/cam-bien-do-ph\/\"> C\u1ea3m bi\u1ebfn pH th\u00f4ng minh EXO (\u0110\u01b0\u1ee3c b\u1ea3o v\u1ec7)<\/a>.<\/p>\n<p data-sourcepos=\"5:1-5:22\"><strong>C\u00e1c th\u00f4ng s\u1ed1 k\u1ef9 thu\u1eadt:<\/strong><\/p>\n<ul data-sourcepos=\"6:1-9:0\">\n<li data-sourcepos=\"6:1-6:29\">D\u1ea3i \u0111o t\u1eeb 0 \u0111\u1ebfn 14 \u0111\u01a1n v\u1ecb<\/li>\n<li data-sourcepos=\"7:1-7:38\">Th\u1eddi gian ph\u1ea3n h\u1ed3i T63 &lt; 3 gi\u00e2y<\/li>\n<li data-sourcepos=\"8:1-9:0\">\u0110\u1ed9 ch\u00ednh x\u00e1c \u00b10,1 \u0111\u01a1n v\u1ecb pH trong ph\u1ea1m vi \u00b110\u00b0C so v\u1edbi nhi\u1ec7t \u0111\u1ed9 hi\u1ec7u chu\u1ea9n<\/li>\n<\/ul>\n","protected":false},"featured_media":2791,"comment_status":"open","ping_status":"closed","template":"","meta":[],"product_cat":[15],"product_tag":[],"acf":[],"lang":"vi","translations":{"vi":2790,"en":2792},"pll_sync_post":[],"_links":{"self":[{"href":"https:\/\/demo9.thuythu.vn\/reeco\/wp-json\/wp\/v2\/product\/2790"}],"collection":[{"href":"https:\/\/demo9.thuythu.vn\/reeco\/wp-json\/wp\/v2\/product"}],"about":[{"href":"https:\/\/demo9.thuythu.vn\/reeco\/wp-json\/wp\/v2\/types\/product"}],"replies":[{"embeddable":true,"href":"https:\/\/demo9.thuythu.vn\/reeco\/wp-json\/wp\/v2\/comments?post=2790"}],"wp:featuredmedia":[{"embeddable":true,"href":"https:\/\/demo9.thuythu.vn\/reeco\/wp-json\/wp\/v2\/media\/2791"}],"wp:attachment":[{"href":"https:\/\/demo9.thuythu.vn\/reeco\/wp-json\/wp\/v2\/media?parent=2790"}],"wp:term":[{"taxonomy":"product_cat","embeddable":true,"href":"https:\/\/demo9.thuythu.vn\/reeco\/wp-json\/wp\/v2\/product_cat?post=2790"},{"taxonomy":"product_tag","embeddable":true,"href":"https:\/\/demo9.thuythu.vn\/reeco\/wp-json\/wp\/v2\/product_tag?post=2790"}],"curies":[{"name":"wp","href":"https:\/\/api.w.org\/{rel}","templated":true}]}}