{"id":2783,"date":"2024-01-16T07:17:26","date_gmt":"2024-01-16T07:17:26","guid":{"rendered":"https:\/\/demo9.thuythu.vn\/reeco\/?post_type=product&#038;p=2783"},"modified":"2024-01-16T07:20:12","modified_gmt":"2024-01-16T07:20:12","slug":"cam-bien-do-do-dan-va-nhiet-do","status":"publish","type":"product","link":"https:\/\/demo9.thuythu.vn\/reeco\/san-pham\/cam-bien-do-do-dan-va-nhiet-do\/","title":{"rendered":"C\u1ea3m bi\u1ebfn \u0111o \u0111\u1ed9 d\u1eabn v\u00e0 nhi\u1ec7t \u0111\u1ed9"},"content":{"rendered":"","protected":false},"excerpt":{"rendered":"<p>C\u1ea3m bi\u1ebfn nhi\u1ec7t \u0111\u1ed9 &amp; \u0111\u1ed9 d\u1eabn \u0111i\u1ec7n th\u00f4ng minh YSI EXO l\u00e0 m\u1ed9t b\u1ed9 c\u1ea3m bi\u1ebfn th\u00f4ng minh c\u00f3 k\u1ebft c\u1ea5u h\u00e0n titan v\u00e0 nh\u1eefng \u0111\u1ea7u n\u1ed1i ch\u1ecbu \u0111\u01b0\u1ee3c \u1ea9m \u01b0\u1edbt.\u00a0M\u1ed9t h\u1ec7 th\u1ed1ng \u0111o l\u01b0\u1eddng m\u1edbi \u0111\u1eb7c bi\u1ec7t d\u00e0nh cho EXO cho ph\u00e9p c\u1ea3i thi\u1ec7n ph\u1ea1m vi d\u1eabn truy\u1ec1n v\u00e0 t\u0103ng \u0111\u1ed9 ch\u00ednh x\u00e1c c\u1ee7a c\u1ea3m bi\u1ebfn nhi\u1ec7t \u0111\u1ed9 \u0111\u1ec3 gi\u1ea3i quy\u1ebft t\u1ed1t h\u01a1n nh\u1eefng kh\u00f3 kh\u0103n trong nghi\u00ean c\u1ee9u h\u1ea3i d\u01b0\u01a1ng h\u1ecdc.<\/p>\n<ul>\n<li>Kho\u1ea3ng \u0111o t\u1eeb 0 \u0111\u1ebfn 200 mS\/cm<\/li>\n<li>Th\u1eddi gian ph\u1ea3n h\u1ed3i T63&lt;2 gi\u00e2y<\/li>\n<li>\u0110\u1ed9 ch\u00ednh x\u00e1c t\u1eeb 0 \u0111\u1ebfn 100: \u00b1 0.5% s\u1ed1 ghi ho\u1eb7c 0.001 mS\/cm<\/li>\n<\/ul>\n","protected":false},"featured_media":2784,"comment_status":"open","ping_status":"closed","template":"","meta":[],"product_cat":[15],"product_tag":[],"acf":[],"lang":"vi","translations":{"vi":2783,"en":2786},"pll_sync_post":[],"_links":{"self":[{"href":"https:\/\/demo9.thuythu.vn\/reeco\/wp-json\/wp\/v2\/product\/2783"}],"collection":[{"href":"https:\/\/demo9.thuythu.vn\/reeco\/wp-json\/wp\/v2\/product"}],"about":[{"href":"https:\/\/demo9.thuythu.vn\/reeco\/wp-json\/wp\/v2\/types\/product"}],"replies":[{"embeddable":true,"href":"https:\/\/demo9.thuythu.vn\/reeco\/wp-json\/wp\/v2\/comments?post=2783"}],"wp:featuredmedia":[{"embeddable":true,"href":"https:\/\/demo9.thuythu.vn\/reeco\/wp-json\/wp\/v2\/media\/2784"}],"wp:attachment":[{"href":"https:\/\/demo9.thuythu.vn\/reeco\/wp-json\/wp\/v2\/media?parent=2783"}],"wp:term":[{"taxonomy":"product_cat","embeddable":true,"href":"https:\/\/demo9.thuythu.vn\/reeco\/wp-json\/wp\/v2\/product_cat?post=2783"},{"taxonomy":"product_tag","embeddable":true,"href":"https:\/\/demo9.thuythu.vn\/reeco\/wp-json\/wp\/v2\/product_tag?post=2783"}],"curies":[{"name":"wp","href":"https:\/\/api.w.org\/{rel}","templated":true}]}}