{"id":2779,"date":"2024-01-16T07:05:57","date_gmt":"2024-01-16T07:05:57","guid":{"rendered":"https:\/\/demo9.thuythu.vn\/reeco\/?post_type=product&#038;p=2779"},"modified":"2024-01-16T07:09:01","modified_gmt":"2024-01-16T07:09:01","slug":"exo-central-wiper","status":"publish","type":"product","link":"https:\/\/demo9.thuythu.vn\/reeco\/san-pham\/exo-central-wiper\/","title":{"rendered":"EXO Central Wiper"},"content":{"rendered":"","protected":false},"excerpt":{"rendered":"<div>EXO Central Wiper \u0111\u01b0\u1ee3c l\u1eafp \u0111\u1eb7t t\u1ea1i c\u1ed5ng trung t\u00e2m c\u1ee7a \u0111\u1ea7u d\u00f2 EXO2 ho\u1eb7c EXO3 v\u00e0 \u0111\u01b0\u1ee3c s\u1eed d\u1ee5ng \u0111\u1ec3 gi\u1eef cho b\u1ec1 m\u1eb7t c\u1ea3m bi\u1ebfn s\u1ea1ch trong c\u00e1c \u0111\u1ee3t tri\u1ec3n khai d\u00e0i h\u1ea1n. M\u1ea3ng b\u00e1m b\u1ea9n do vi sinh v\u1eadt l\u00e0 \u0111i\u1ec1u kh\u00f3 tr\u00e1nh kh\u1ecfi trong c\u00e1c ph\u00e9p \u0111o d\u01b0\u1edbi n\u01b0\u1edbc. \u0110\u1ec3 ng\u0103n c\u1ea3n n\u00f3 tr\u00e1nh \u1ea3nh h\u01b0\u1edfng \u0111\u1ebfn d\u1eef li\u1ec7u, \u0111\u1ea7u d\u00f2 EXO2 ho\u1eb7c EXO3 c\u00f3 th\u1ec3 \u0111\u01b0\u1ee3c trang b\u1ecb b\u1ed9 g\u1ea1t ch\u1ed1ng b\u00e1m n\u00e0y \u0111\u1ec3 k\u00e9o d\u00e0i th\u1eddi gian tri\u1ec3n khai v\u00e0 c\u1ea3i thi\u1ec7n \u0111\u1ed9 ch\u00ednh x\u00e1c c\u1ee7a d\u1eef li\u1ec7u.<\/div>\n<div><\/div>\n<div><strong>C\u00e1c l\u1ee3i \u00edch ch\u00ednh:<\/strong><\/div>\n<ul>\n<li>Gi\u1ea3m chi ph\u00ed v\u1eadn h\u00e0nh: Gi\u1ea3m s\u1ed1 l\u1ea7n \u0111\u1ebfn hi\u1ec7n tr\u01b0\u1eddng \u0111\u1ec3 b\u1ea3o tr\u00ec do c\u1ea3m bi\u1ebfn s\u1ea1ch h\u01a1n.<\/li>\n<li>D\u1eef li\u1ec7u \u0111\u00e1ng tin c\u1eady h\u01a1n: C\u1ea3m bi\u1ebfn s\u1ea1ch mang l\u1ea1i d\u1eef li\u1ec7u ch\u00ednh x\u00e1c h\u01a1n trong c\u00e1c \u0111\u1ee3t tri\u1ec3n khai d\u00e0i h\u1ea1n.<\/li>\n<li>Gi\u1ea3m nhu c\u1ea7u v\u1ec7 sinh v\u00e0 b\u1ea3o tr\u00ec: Gi\u1ea3m th\u1eddi gian c\u1ea7n thi\u1ebft \u0111\u1ec3 l\u00e0m s\u1ea1ch c\u1ea3m bi\u1ebfn v\u00e0 thay th\u1ebf l\u01b0\u1edbi ch\u1ed1ng b\u00e1m.<\/li>\n<li>C\u1ea3i thi\u1ec7n \u0111\u1ed9 tin c\u1eady c\u1ee7a c\u1ea3m bi\u1ebfn: Thi\u1ebft k\u1ebf ch\u1eafc ch\u1eafn v\u00e0 \u0111\u00e1ng tin c\u1eady gi\u00fap k\u00e9o d\u00e0i tu\u1ed5i th\u1ecd c\u1ee7a c\u1ea3m bi\u1ebfn.<\/li>\n<li>Gi\u1ea3m x\u1eed l\u00fd d\u1eef li\u1ec7u sau khi thu th\u1eadp: D\u1eef li\u1ec7u s\u1ea1ch c\u1ea7n \u00edt x\u1eed l\u00fd th\u1ee7 c\u00f4ng h\u01a1n \u0111\u1ec3 lo\u1ea1i b\u1ecf nhi\u1ec5u do sinh b\u00e1m.<\/li>\n<li>Ng\u0103n ng\u1eeba c\u00e1c lo\u1ea1i sinh b\u00e1m ph\u1ed5 bi\u1ebfn: Ng\u0103n ch\u1eb7n t\u1ea3o, h\u00e0, c\u00e1c h\u1ea1t v\u00e0 c\u00e1c sinh v\u1eadt kh\u00e1c b\u00e1m v\u00e0o c\u1ea3m bi\u1ebfn.<\/li>\n<\/ul>\n","protected":false},"featured_media":2781,"comment_status":"open","ping_status":"closed","template":"","meta":[],"product_cat":[15],"product_tag":[],"acf":[],"lang":"vi","translations":{"vi":2779,"en":2782},"pll_sync_post":[],"_links":{"self":[{"href":"https:\/\/demo9.thuythu.vn\/reeco\/wp-json\/wp\/v2\/product\/2779"}],"collection":[{"href":"https:\/\/demo9.thuythu.vn\/reeco\/wp-json\/wp\/v2\/product"}],"about":[{"href":"https:\/\/demo9.thuythu.vn\/reeco\/wp-json\/wp\/v2\/types\/product"}],"replies":[{"embeddable":true,"href":"https:\/\/demo9.thuythu.vn\/reeco\/wp-json\/wp\/v2\/comments?post=2779"}],"wp:featuredmedia":[{"embeddable":true,"href":"https:\/\/demo9.thuythu.vn\/reeco\/wp-json\/wp\/v2\/media\/2781"}],"wp:attachment":[{"href":"https:\/\/demo9.thuythu.vn\/reeco\/wp-json\/wp\/v2\/media?parent=2779"}],"wp:term":[{"taxonomy":"product_cat","embeddable":true,"href":"https:\/\/demo9.thuythu.vn\/reeco\/wp-json\/wp\/v2\/product_cat?post=2779"},{"taxonomy":"product_tag","embeddable":true,"href":"https:\/\/demo9.thuythu.vn\/reeco\/wp-json\/wp\/v2\/product_tag?post=2779"}],"curies":[{"name":"wp","href":"https:\/\/api.w.org\/{rel}","templated":true}]}}