{"id":2771,"date":"2024-01-16T06:51:57","date_gmt":"2024-01-16T06:51:57","guid":{"rendered":"https:\/\/demo9.thuythu.vn\/reeco\/?post_type=product&#038;p=2771"},"modified":"2024-01-16T06:54:05","modified_gmt":"2024-01-16T06:54:05","slug":"may-do-chat-luong-nuoc-da-thong-so-6920-v2","status":"publish","type":"product","link":"https:\/\/demo9.thuythu.vn\/reeco\/san-pham\/may-do-chat-luong-nuoc-da-thong-so-6920-v2\/","title":{"rendered":"M\u00e1y \u0111o ch\u1ea5t l\u01b0\u1ee3ng n\u01b0\u1edbc \u0111a th\u00f4ng s\u1ed1 6920 V2"},"content":{"rendered":"","protected":false},"excerpt":{"rendered":"<div>YSI 6920 V2-2 m\u1ed9t h\u1ec7 th\u1ed1ng ghi ch\u00e9p ch\u1ea5t l\u01b0\u1ee3ng n\u01b0\u1edbc ti\u1ebft ki\u1ec7m, l\u00fd t\u01b0\u1edfng khi d\u00f9ng d\u00e0i h\u1ea1n t\u1ea1i ch\u1ed7 cho vi\u1ec7c gi\u00e1m s\u00e1t v\u00e0 gia c\u00f4ng \u0111\u1ecbnh h\u00ecnh. Gi\u00e1m s\u00e1t \u0111\u1ed9 \u0111\u1ee5c theo th\u1eddi gian th\u1ef1c, gi\u00e1m s\u00e1t oxy h\u00f2a tan, gi\u00e1m s\u00e1t t\u1ea3o, v.v&#8230;<\/div>\n<div><strong>\u0110\u1ea7u d\u00f2 c\u00f3 2 phi\u00ean b\u1ea3n:<\/strong><\/div>\n<ul>\n<li>6920 V2-1 c\u00f3 1 c\u1ed5ng quang h\u1ecdc, 1 c\u1ed5ng d\u1eabn \u0111i\u1ec7n\/nhi\u1ec7t \u0111\u1ed9, 1 c\u1ed5ng xung oxy h\u00f2a tan nhanh, 1 c\u1ed5ng pH\/ORP, v\u00e0 3 c\u1ed5ng ISE<\/li>\n<li>6920 V2-2 c\u00f3 2 c\u1ed5ng quang h\u1ecdc, 1 c\u1ed5ng d\u1eabn \u0111i\u1ec7n\/nhi\u1ec7t \u0111\u1ed9, 1 c\u1ed5ng pH, v\u00e0 1 c\u1ed5ng ISE<\/li>\n<\/ul>\n<div><strong>T\u00ednh n\u0103ng<\/strong><\/div>\n<ul>\n<li>L\u1ef1a ch\u1ecdn gi\u1eefa m\u1ed9t ho\u1eb7c hai c\u1ed5ng c\u1ea3m bi\u1ebfn quang h\u1ecdc<\/li>\n<li>T\u1ea5t c\u1ea3 c\u00e1c c\u1ea3m bi\u1ebfn \u0111\u1ec1u c\u00f3 th\u1ec3 thay th\u1ebf t\u1ea1i hi\u1ec7n tr\u01b0\u1eddng v\u00e0 c\u1ea3m bi\u1ebfn quang h\u1ecdc c\u00f3 c\u1ea7n g\u1ea1t n\u01b0\u1edbc t\u1ef1 l\u00e0m s\u1ea1ch<\/li>\n<li>Giao ti\u1ebfp RS-232 v\u00e0 SDI-12<\/li>\n<li>B\u1ed9 pin v\u00e0 b\u1ed9 nh\u1edb b\u00ean trong \u0111\u1ec3 tri\u1ec3n khai l\u00e2u d\u00e0i, kh\u00f4ng c\u1ea7n gi\u00e1m s\u00e1t<\/li>\n<li>T\u01b0\u01a1ng th\u00edch v\u1edbi h\u1ec7 th\u1ed1ng ghi d\u1eef li\u1ec7u th\u1eddi gian th\u1ef1c<\/li>\n<\/ul>\n<div><b>Th\u00f4ng s\u1ed1 \u0111o:<\/b><\/div>\n<ul>\n<li><span><span>Nhi\u1ec7t \u0111\u1ed9\/\u0110\u1ed9 d\u1eabn \u0111i\u1ec7n<\/span><\/span><\/li>\n<li><span><span>pH ho\u1eb7c pH\/ORP<\/span><\/span><\/li>\n<li><span><span>ISE (Nitrat, Amoni v\u00e0 Clorua)<\/span><\/span><\/li>\n<li><span><span>Quang h\u1ecdc (oxy h\u00f2a tan, \u0111\u1ed9 \u0111\u1ee5c, ch\u1ea5t di\u1ec7p l\u1ee5c, t\u1ea3o xanh lam v\u00e0\/ho\u1eb7c Rhodamine)<\/span><\/span><\/li>\n<\/ul>\n","protected":false},"featured_media":2777,"comment_status":"open","ping_status":"closed","template":"","meta":[],"product_cat":[15],"product_tag":[796,798,683,800],"acf":[],"lang":"vi","translations":{"vi":2771,"en":2778},"pll_sync_post":[],"_links":{"self":[{"href":"https:\/\/demo9.thuythu.vn\/reeco\/wp-json\/wp\/v2\/product\/2771"}],"collection":[{"href":"https:\/\/demo9.thuythu.vn\/reeco\/wp-json\/wp\/v2\/product"}],"about":[{"href":"https:\/\/demo9.thuythu.vn\/reeco\/wp-json\/wp\/v2\/types\/product"}],"replies":[{"embeddable":true,"href":"https:\/\/demo9.thuythu.vn\/reeco\/wp-json\/wp\/v2\/comments?post=2771"}],"wp:featuredmedia":[{"embeddable":true,"href":"https:\/\/demo9.thuythu.vn\/reeco\/wp-json\/wp\/v2\/media\/2777"}],"wp:attachment":[{"href":"https:\/\/demo9.thuythu.vn\/reeco\/wp-json\/wp\/v2\/media?parent=2771"}],"wp:term":[{"taxonomy":"product_cat","embeddable":true,"href":"https:\/\/demo9.thuythu.vn\/reeco\/wp-json\/wp\/v2\/product_cat?post=2771"},{"taxonomy":"product_tag","embeddable":true,"href":"https:\/\/demo9.thuythu.vn\/reeco\/wp-json\/wp\/v2\/product_tag?post=2771"}],"curies":[{"name":"wp","href":"https:\/\/api.w.org\/{rel}","templated":true}]}}