{"id":2766,"date":"2024-01-16T06:25:31","date_gmt":"2024-01-16T06:25:31","guid":{"rendered":"https:\/\/demo9.thuythu.vn\/reeco\/?post_type=product&#038;p=2766"},"modified":"2024-01-16T06:28:36","modified_gmt":"2024-01-16T06:28:36","slug":"cam-bien-do-do-duc-thong-minh-exo","status":"publish","type":"product","link":"https:\/\/demo9.thuythu.vn\/reeco\/san-pham\/cam-bien-do-do-duc-thong-minh-exo\/","title":{"rendered":"C\u1ea3m bi\u1ebfn \u0111o \u0111\u1ed9 \u0111\u1ee5c"},"content":{"rendered":"","protected":false},"excerpt":{"rendered":"<p>C\u1ea3m bi\u1ebfn \u0111o \u0111\u1ed9 \u0111\u1ee5c EXO l\u00e0 m\u1ed9t c\u1ea3m bi\u1ebfn k\u1ef9 thu\u1eadt s\u1ed1 th\u00f4ng minh c\u00f3 k\u1ebft c\u1ea5u \u0111\u1ea7u h\u00e0n titan v\u00e0 c\u00e1c \u0111\u1ea7u n\u1ed1i ch\u1ecbu \u0111\u01b0\u1ee3c \u1ea9m \u01b0\u1edbt. Vi\u1ec7c hi\u1ec7u chu\u1ea9n ho\u00e0n th\u00e0nh trong v\u00f2ng 15 ph\u00fat b\u1eb1ng b\u1ed9 c\u1ea3m bi\u1ebfn th\u00f4ng minh c\u1ee7a EXO v\u00e0 ph\u1ea7n m\u1ec1m giao di\u1ec7n KOR tr\u1ef1c quan.<\/p>\n<ul data-sourcepos=\"5:1-8:0\">\n<li data-sourcepos=\"5:1-5:37\"><strong>Ph\u1ea1m vi \u0111o:<\/strong>\u00a00 \u0111\u1ebfn 4000 FNU, NTU<\/li>\n<li data-sourcepos=\"6:1-6:41\"><strong>Th\u1eddi gian ph\u1ea3n h\u1ed3i:<\/strong>\u00a0T63 &lt; 2 gi\u00e2y<\/li>\n<li data-sourcepos=\"7:1-8:0\"><strong>\u0110\u1ed9 ch\u00ednh x\u00e1c:<\/strong>\u00a00,3 FNU ho\u1eb7c \u00b12% gi\u00e1 tr\u1ecb \u0111o t\u1eeb 0 \u0111\u1ebfn 999 FNU<\/li>\n<\/ul>\n","protected":false},"featured_media":2769,"comment_status":"open","ping_status":"closed","template":"","meta":[],"product_cat":[15],"product_tag":[],"acf":[],"lang":"vi","translations":{"vi":2766,"en":2770},"pll_sync_post":[],"_links":{"self":[{"href":"https:\/\/demo9.thuythu.vn\/reeco\/wp-json\/wp\/v2\/product\/2766"}],"collection":[{"href":"https:\/\/demo9.thuythu.vn\/reeco\/wp-json\/wp\/v2\/product"}],"about":[{"href":"https:\/\/demo9.thuythu.vn\/reeco\/wp-json\/wp\/v2\/types\/product"}],"replies":[{"embeddable":true,"href":"https:\/\/demo9.thuythu.vn\/reeco\/wp-json\/wp\/v2\/comments?post=2766"}],"wp:featuredmedia":[{"embeddable":true,"href":"https:\/\/demo9.thuythu.vn\/reeco\/wp-json\/wp\/v2\/media\/2769"}],"wp:attachment":[{"href":"https:\/\/demo9.thuythu.vn\/reeco\/wp-json\/wp\/v2\/media?parent=2766"}],"wp:term":[{"taxonomy":"product_cat","embeddable":true,"href":"https:\/\/demo9.thuythu.vn\/reeco\/wp-json\/wp\/v2\/product_cat?post=2766"},{"taxonomy":"product_tag","embeddable":true,"href":"https:\/\/demo9.thuythu.vn\/reeco\/wp-json\/wp\/v2\/product_tag?post=2766"}],"curies":[{"name":"wp","href":"https:\/\/api.w.org\/{rel}","templated":true}]}}