{"id":2763,"date":"2024-01-16T04:32:30","date_gmt":"2024-01-16T04:32:30","guid":{"rendered":"https:\/\/demo9.thuythu.vn\/reeco\/?post_type=product&#038;p=2763"},"modified":"2024-01-16T06:14:35","modified_gmt":"2024-01-16T06:14:35","slug":"cam-bien-do-oxy-hoa-tan-quang-hoc-exo","status":"publish","type":"product","link":"https:\/\/demo9.thuythu.vn\/reeco\/san-pham\/cam-bien-do-oxy-hoa-tan-quang-hoc-exo\/","title":{"rendered":"C\u1ea3m bi\u1ebfn \u0111o oxy h\u00f2a tan"},"content":{"rendered":"","protected":false},"excerpt":{"rendered":"<p data-sourcepos=\"1:1-1:305\">C\u1ea3m bi\u1ebfn \u0111o Oxy h\u00f2a tan quang EXO l\u00e0 m\u1ed9t c\u1ea3m bi\u1ebfn th\u00f4ng minh k\u1ef9 thu\u1eadt s\u1ed1 c\u00f3 c\u1ea5u tr\u00fac titan h\u00e0n v\u00e0 c\u00e1c \u0111\u1ea7u n\u1ed1i c\u00f3 th\u1ec3 gh\u00e9p n\u1ed1i \u01b0\u1edbt. Ho\u00e0n th\u00e0nh hi\u1ec7u chu\u1ea9n trong ch\u01b0a \u0111\u1ea7y 15 ph\u00fat b\u1eb1ng b\u1ed9 c\u1ea3m bi\u1ebfn th\u00f4ng minh c\u1ee7a EXO v\u00e0 Ph\u1ea7n m\u1ec1m Kor tr\u1ef1c quan. C\u1ea3m bi\u1ebfn n\u00e0y cung c\u1ea5p c\u00e1c ph\u00e9p \u0111o oxy h\u00f2a tan quang h\u1ecdc c\u0169ng nh\u01b0 %DO.<\/p>\n<ul data-sourcepos=\"3:1-6:0\">\n<li data-sourcepos=\"3:1-3:28\">Kho\u1ea3ng \u0111o t\u1eeb 0 \u0111\u1ebfn 50 mg\/L<\/li>\n<li data-sourcepos=\"4:1-4:36\">Th\u1eddi gian ph\u1ea3n h\u1ed3i T63 &lt; 5 gi\u00e2y<\/li>\n<li data-sourcepos=\"5:1-6:0\">\u0110\u1ed9 ch\u00ednh x\u00e1c \u0111\u1ecdc t\u1eeb 0 \u0111\u1ebfn 20 mg\/L l\u00e0 \u00b10,1 mg\/L ho\u1eb7c 1%<\/li>\n<\/ul>\n","protected":false},"featured_media":2764,"comment_status":"open","ping_status":"closed","template":"","meta":[],"product_cat":[15],"product_tag":[],"acf":[],"lang":"vi","translations":{"vi":2763,"en":2765},"pll_sync_post":[],"_links":{"self":[{"href":"https:\/\/demo9.thuythu.vn\/reeco\/wp-json\/wp\/v2\/product\/2763"}],"collection":[{"href":"https:\/\/demo9.thuythu.vn\/reeco\/wp-json\/wp\/v2\/product"}],"about":[{"href":"https:\/\/demo9.thuythu.vn\/reeco\/wp-json\/wp\/v2\/types\/product"}],"replies":[{"embeddable":true,"href":"https:\/\/demo9.thuythu.vn\/reeco\/wp-json\/wp\/v2\/comments?post=2763"}],"wp:featuredmedia":[{"embeddable":true,"href":"https:\/\/demo9.thuythu.vn\/reeco\/wp-json\/wp\/v2\/media\/2764"}],"wp:attachment":[{"href":"https:\/\/demo9.thuythu.vn\/reeco\/wp-json\/wp\/v2\/media?parent=2763"}],"wp:term":[{"taxonomy":"product_cat","embeddable":true,"href":"https:\/\/demo9.thuythu.vn\/reeco\/wp-json\/wp\/v2\/product_cat?post=2763"},{"taxonomy":"product_tag","embeddable":true,"href":"https:\/\/demo9.thuythu.vn\/reeco\/wp-json\/wp\/v2\/product_tag?post=2763"}],"curies":[{"name":"wp","href":"https:\/\/api.w.org\/{rel}","templated":true}]}}