{"id":2759,"date":"2024-01-16T04:13:11","date_gmt":"2024-01-16T04:13:11","guid":{"rendered":"https:\/\/demo9.thuythu.vn\/reeco\/?post_type=product&#038;p=2759"},"modified":"2024-01-16T06:16:18","modified_gmt":"2024-01-16T06:16:18","slug":"cam-bien-do-ph-orp","status":"publish","type":"product","link":"https:\/\/demo9.thuythu.vn\/reeco\/san-pham\/cam-bien-do-ph-orp\/","title":{"rendered":"C\u1ea3m bi\u1ebfn \u0111o pH &#038; ORP"},"content":{"rendered":"","protected":false},"excerpt":{"rendered":"<p>C\u1ea3m bi\u1ebfn pH &amp; ORP EXO \u0111\u01b0\u1ee3c b\u1ea3o v\u1ec7 l\u00e0 c\u1ea3m bi\u1ebfn th\u00f4ng minh k\u1ef9 thu\u1eadt s\u1ed1 c\u00f3 c\u1ea5u tr\u00fac titan h\u00e0n ch\u1eafc ch\u1eafn v\u00e0 \u0111\u1ea7u n\u1ed1i ch\u1ed1ng n\u01b0\u1edbc ti\u1ec7n l\u1ee3i. B\u1ea1n c\u00f3 th\u1ec3 hi\u1ec7u chu\u1ea9n ho\u00e0n ch\u1ec9nh trong ch\u01b0a \u0111\u1ea7y 15 ph\u00fat b\u1eb1ng b\u1ed9 c\u1ea3m bi\u1ebfn th\u00f4ng minh EXO v\u00e0 ph\u1ea7n m\u1ec1m Kor d\u1ec5 s\u1eed d\u1ee5ng.<\/p>\n<p><strong>C\u00e1c t\u00ednh n\u0103ng n\u1ed5i b\u1eadt<\/strong><\/p>\n<ul>\n<li>D\u1ea3i \u0111o: 0 \u0111\u1ebfn 14 \u0111\u01a1n v\u1ecb<\/li>\n<li>Th\u1eddi gian ph\u1ea3n h\u1ed3i: T63 &lt; 3 gi\u00e2y cho pH, T63 &lt; 5 gi\u00e2y cho ORP<\/li>\n<li>\u0110\u1ed9 ch\u00ednh x\u00e1c: \u00b10,1 \u0111\u01a1n v\u1ecb pH trong ph\u1ea1m vi \u00b110\u00b0C so v\u1edbi nhi\u1ec7t \u0111\u1ed9 hi\u1ec7u chu\u1ea9n<\/li>\n<li>\u0110\u1ed9 ch\u00ednh x\u00e1c: \u00b120 mV \u0111\u01a1n v\u1ecb ORP trong dung d\u1ecbch chu\u1ea9n Redox<\/li>\n<\/ul>\n","protected":false},"featured_media":2761,"comment_status":"open","ping_status":"closed","template":"","meta":[],"product_cat":[15],"product_tag":[],"acf":[],"lang":"vi","translations":{"vi":2759,"en":2762},"pll_sync_post":[],"_links":{"self":[{"href":"https:\/\/demo9.thuythu.vn\/reeco\/wp-json\/wp\/v2\/product\/2759"}],"collection":[{"href":"https:\/\/demo9.thuythu.vn\/reeco\/wp-json\/wp\/v2\/product"}],"about":[{"href":"https:\/\/demo9.thuythu.vn\/reeco\/wp-json\/wp\/v2\/types\/product"}],"replies":[{"embeddable":true,"href":"https:\/\/demo9.thuythu.vn\/reeco\/wp-json\/wp\/v2\/comments?post=2759"}],"wp:featuredmedia":[{"embeddable":true,"href":"https:\/\/demo9.thuythu.vn\/reeco\/wp-json\/wp\/v2\/media\/2761"}],"wp:attachment":[{"href":"https:\/\/demo9.thuythu.vn\/reeco\/wp-json\/wp\/v2\/media?parent=2759"}],"wp:term":[{"taxonomy":"product_cat","embeddable":true,"href":"https:\/\/demo9.thuythu.vn\/reeco\/wp-json\/wp\/v2\/product_cat?post=2759"},{"taxonomy":"product_tag","embeddable":true,"href":"https:\/\/demo9.thuythu.vn\/reeco\/wp-json\/wp\/v2\/product_tag?post=2759"}],"curies":[{"name":"wp","href":"https:\/\/api.w.org\/{rel}","templated":true}]}}