{"id":2753,"date":"2024-01-16T03:52:49","date_gmt":"2024-01-16T03:52:49","guid":{"rendered":"https:\/\/demo9.thuythu.vn\/reeco\/?post_type=product&#038;p=2753"},"modified":"2024-01-16T06:17:49","modified_gmt":"2024-01-16T06:17:49","slug":"cam-bien-do-ph-orp-exo","status":"publish","type":"product","link":"https:\/\/demo9.thuythu.vn\/reeco\/san-pham\/cam-bien-do-ph-orp-exo\/","title":{"rendered":"C\u1ea3m bi\u1ebfn \u0111o pH &#038; ORP EXO"},"content":{"rendered":"","protected":false},"excerpt":{"rendered":"<p>C\u1ea3m bi\u1ebfn pH &amp; ORP kh\u00f4ng b\u1ea3o v\u1ec7 EXO l\u00e0 m\u1ed9t c\u1ea3m bi\u1ebfn th\u00f4ng minh k\u1ef9 thu\u1eadt s\u1ed1 \u0111\u01b0\u1ee3c thi\u1ebft k\u1ebf v\u1edbi c\u1ea5u tr\u00fac titan h\u00e0n v\u00e0 c\u00e1c \u0111\u1ea7u n\u1ed1i c\u00f3 th\u1ec3 gh\u00e9p n\u1ed1i khi \u01b0\u1edbt. Ho\u00e0n th\u00e0nh hi\u1ec7u chu\u1ea9n trong v\u00f2ng ch\u01b0a \u0111\u1ea7y 15 ph\u00fat b\u1eb1ng b\u1ed9 c\u1ea3m bi\u1ebfn th\u00f4ng minh c\u1ee7a EXO v\u00e0 ph\u1ea7n m\u1ec1m Kor tr\u1ef1c quan.<\/p>\n<p><strong>TH\u00d4NG S\u1ed0 K\u1ef8 THU\u1eacT<\/strong><\/p>\n<ul>\n<li>D\u1ea3i \u0111o pH t\u1eeb 0 \u0111\u1ebfn 14<\/li>\n<li>Th\u1eddi gian ph\u1ea3n h\u1ed3i T63 &lt; 3 gi\u00e2y cho pH, T63 &lt; 5 gi\u00e2y cho ORP<\/li>\n<li>\u0110\u1ed9 ch\u00ednh x\u00e1c pH \u00b1 0,1 \u0111\u01a1n v\u1ecb trong ph\u1ea1m vi \u00b1 10\u00b0C so v\u1edbi nhi\u1ec7t \u0111\u1ed9 hi\u1ec7u chu\u1ea9n<\/li>\n<li>\u0110\u1ed9 ch\u00ednh x\u00e1c ORP \u00b1 20 mV trong dung d\u1ecbch chu\u1ea9n Redox<\/li>\n<\/ul>\n","protected":false},"featured_media":2755,"comment_status":"open","ping_status":"closed","template":"","meta":[],"product_cat":[15],"product_tag":[],"acf":[],"lang":"vi","translations":{"vi":2753,"en":2758},"pll_sync_post":[],"_links":{"self":[{"href":"https:\/\/demo9.thuythu.vn\/reeco\/wp-json\/wp\/v2\/product\/2753"}],"collection":[{"href":"https:\/\/demo9.thuythu.vn\/reeco\/wp-json\/wp\/v2\/product"}],"about":[{"href":"https:\/\/demo9.thuythu.vn\/reeco\/wp-json\/wp\/v2\/types\/product"}],"replies":[{"embeddable":true,"href":"https:\/\/demo9.thuythu.vn\/reeco\/wp-json\/wp\/v2\/comments?post=2753"}],"wp:featuredmedia":[{"embeddable":true,"href":"https:\/\/demo9.thuythu.vn\/reeco\/wp-json\/wp\/v2\/media\/2755"}],"wp:attachment":[{"href":"https:\/\/demo9.thuythu.vn\/reeco\/wp-json\/wp\/v2\/media?parent=2753"}],"wp:term":[{"taxonomy":"product_cat","embeddable":true,"href":"https:\/\/demo9.thuythu.vn\/reeco\/wp-json\/wp\/v2\/product_cat?post=2753"},{"taxonomy":"product_tag","embeddable":true,"href":"https:\/\/demo9.thuythu.vn\/reeco\/wp-json\/wp\/v2\/product_tag?post=2753"}],"curies":[{"name":"wp","href":"https:\/\/api.w.org\/{rel}","templated":true}]}}