{"id":2744,"date":"2024-01-16T03:11:14","date_gmt":"2024-01-16T03:11:14","guid":{"rendered":"https:\/\/demo9.thuythu.vn\/reeco\/?post_type=product&#038;p=2744"},"modified":"2024-01-16T03:33:35","modified_gmt":"2024-01-16T03:33:35","slug":"proswap-logger","status":"publish","type":"product","link":"https:\/\/demo9.thuythu.vn\/reeco\/san-pham\/proswap-logger\/","title":{"rendered":"ProSwap Logger"},"content":{"rendered":"","protected":false},"excerpt":{"rendered":"<div>\n<p data-sourcepos=\"3:1-3:393\">B\u1ed9 ghi ProSwap c\u00f3 c\u1ed5ng \u0111a n\u0103ng cho nhi\u1ec1u \u1ee9ng d\u1ee5ng gi\u00e1m s\u00e1t th\u1eddi gian th\u1ef1c. K\u1ebft h\u1ee3p b\u1ea5t k\u1ef3 c\u1ea3m bi\u1ebfn th\u00f4ng minh k\u1ef9 thu\u1eadt s\u1ed1 n\u00e0o v\u1edbi c\u00e1c c\u1ea3m bi\u1ebfn nhi\u1ec7t \u0111\u1ed9 v\u00e0 \u0111\u1ed9 s\u00e2u t\u00edch h\u1ee3p \u0111\u1ec3 \u0111o l\u01b0\u1eddng to\u00e0n di\u1ec7n ch\u1ea5t l\u01b0\u1ee3ng n\u01b0\u1edbc . Th\u00eam c\u1ea3m bi\u1ebfn \u0111\u1ed9 d\u1eabn \u0111i\u1ec7n \u0111\u1ec3 c\u00f3 \u0111\u1ea7u d\u00f2 CTD g\u1ecdn nh\u1eb9 ho\u1eb7c x\u00e2y d\u1ef1ng h\u1ec7 th\u1ed1ng chuy\u00ean d\u1ee5ng \u0111\u1ec3 gi\u00e1m s\u00e1t oxy h\u00f2a tan, pH, \u0111\u1ed9 \u0111\u1ee5c ho\u1eb7c t\u1ea3o v\u1edbi c\u00e1c t\u00f9y ch\u1ecdn t\u00f9y ch\u1ec9nh \u0111\u1ed9c \u0111\u00e1o.<\/p>\n<\/div>\n<h3><strong>T\u00ednh n\u0103ng n\u1ed5i b\u1eadt<\/strong><\/h3>\n<ul>\n<li>D\u1eef li\u1ec7u ch\u1ea5t l\u01b0\u1ee3ng cao: C\u00f4ng ngh\u1ec7 c\u1ea3m bi\u1ebfn th\u00f4ng minh h\u00e0ng \u0111\u1ea7u v\u1edbi kh\u1ea3 n\u0103ng gi\u00e1m s\u00e1t t\u00edch h\u1ee3p \u0111\u1ec3 hi\u1ec7u chu\u1ea9n v\u00e0 hi\u1ec7u su\u1ea5t t\u1ed1t h\u01a1n.<\/li>\n<li>C\u1ea3m bi\u1ebfn c\u00f3 th\u1ec3 thay th\u1ebf: T\u00f9y ch\u1ec9nh h\u1ec7 th\u1ed1ng c\u1ee7a b\u1ea1n v\u1edbi c\u00e1c c\u1ea3m bi\u1ebfn ch\u1ea5t l\u01b0\u1ee3ng n\u01b0\u1edbc c\u00f3 th\u1ec3 thay th\u1ebf d\u1ec5 d\u00e0ng c\u00f9ng v\u1edbi nhi\u1ec7t \u0111\u1ed9 v\u00e0 \u0111\u1ed9 s\u00e2u t\u00edch h\u1ee3p<\/li>\n<li>Ghi d\u1eef li\u1ec7u t\u1ef1 \u0111\u1ed9ng: N\u00e2ng cao vi\u1ec7c thu th\u1eadp d\u1eef li\u1ec7u c\u1ee7a b\u1ea1n v\u1edbi kh\u1ea3 n\u0103ng gi\u00e1m s\u00e1t li\u00ean t\u1ee5c v\u00e0 tri\u1ec3n khai kh\u00f4ng c\u1ea7n gi\u00e1m s\u00e1t.<\/li>\n<li>\u0110\u1ed9 b\u1ec1n v\u01b0\u1ee3t tr\u1ed9i: V\u1ecf titan v\u00e0 c\u00e1c \u0111\u1ea7u n\u1ed1i ch\u1ed1ng n\u01b0\u1edbc \u0111\u1ea3m b\u1ea3o ho\u1ea1t \u0111\u1ed9ng t\u1ed1t trong t\u01b0\u01a1ng lai.<\/li>\n<li>Giao di\u1ec7n th\u00e2n thi\u1ec7n v\u1edbi ng\u01b0\u1eddi d\u00f9ng: \u0110\u01a1n gi\u1ea3n h\u00f3a c\u00f4ng vi\u1ec7c th\u1ef1c \u0111\u1ecba v\u1edbi thi\u1ebft l\u1eadp nhanh ch\u00f3ng, t\u00edch h\u1ee3p h\u1ec7 th\u1ed1ng tr\u1ef1c ti\u1ebfp v\u00e0 qu\u1ea3n l\u00fd d\u1eef li\u1ec7u tr\u1ef1c quan.<\/li>\n<\/ul>\n","protected":false},"featured_media":2749,"comment_status":"open","ping_status":"closed","template":"","meta":[],"product_cat":[15],"product_tag":[],"acf":[],"lang":"vi","translations":{"vi":2744,"en":2751},"pll_sync_post":[],"_links":{"self":[{"href":"https:\/\/demo9.thuythu.vn\/reeco\/wp-json\/wp\/v2\/product\/2744"}],"collection":[{"href":"https:\/\/demo9.thuythu.vn\/reeco\/wp-json\/wp\/v2\/product"}],"about":[{"href":"https:\/\/demo9.thuythu.vn\/reeco\/wp-json\/wp\/v2\/types\/product"}],"replies":[{"embeddable":true,"href":"https:\/\/demo9.thuythu.vn\/reeco\/wp-json\/wp\/v2\/comments?post=2744"}],"wp:featuredmedia":[{"embeddable":true,"href":"https:\/\/demo9.thuythu.vn\/reeco\/wp-json\/wp\/v2\/media\/2749"}],"wp:attachment":[{"href":"https:\/\/demo9.thuythu.vn\/reeco\/wp-json\/wp\/v2\/media?parent=2744"}],"wp:term":[{"taxonomy":"product_cat","embeddable":true,"href":"https:\/\/demo9.thuythu.vn\/reeco\/wp-json\/wp\/v2\/product_cat?post=2744"},{"taxonomy":"product_tag","embeddable":true,"href":"https:\/\/demo9.thuythu.vn\/reeco\/wp-json\/wp\/v2\/product_tag?post=2744"}],"curies":[{"name":"wp","href":"https:\/\/api.w.org\/{rel}","templated":true}]}}