{"id":2728,"date":"2024-01-15T09:50:03","date_gmt":"2024-01-15T09:50:03","guid":{"rendered":"https:\/\/demo9.thuythu.vn\/reeco\/?post_type=product&#038;p=2728"},"modified":"2024-01-15T09:58:31","modified_gmt":"2024-01-15T09:58:31","slug":"cam-bien-do-do-dan-dien-va-nhiet-do-cam-ung-lau-chui-exo","status":"publish","type":"product","link":"https:\/\/demo9.thuythu.vn\/reeco\/san-pham\/cam-bien-do-do-dan-dien-va-nhiet-do-cam-ung-lau-chui-exo\/","title":{"rendered":"C\u1ea3m bi\u1ebfn \u0111o \u0111\u1ed9 d\u1eabn \u0111i\u1ec7n v\u00e0 nhi\u1ec7t \u0111\u1ed9 c\u1ea3m \u1ee9ng lau ch\u00f9i EXO"},"content":{"rendered":"","protected":false},"excerpt":{"rendered":"<p>S\u1ea3n ph\u1ea9m n\u00e0y d\u00e0nh cho c\u00e1c \u1ee9ng d\u1ee5ng gi\u00e1m s\u00e1t l\u00e2u d\u00e0i trong m\u00f4i tr\u01b0\u1eddng \u00f4 nhi\u1ec5m.<br \/>\nC\u1ea3m bi\u1ebfn n\u00e0y ph\u1ea3i \u0111\u01b0\u1ee3c l\u1eafp v\u00e0o\u00a0\u0110\u1ea7u d\u00f2 EXO\u00a0\u00a0c\u00f3 c\u1ea7n g\u1ea1t n\u01b0\u1edbc trung t\u00e2m \u0111\u1ec3 ho\u1ea1t \u0111\u1ed9ng<\/p>\n<p><strong>T\u00ednh n\u0103ng s\u1ea3n ph\u1ea9m:<\/strong><\/p>\n<ul>\n<li>Ph\u1ea1m vi \u0111o t\u1eeb 0 \u0111\u1ebfn 100 mS\/cm<\/li>\n<li>\u0110\u1ed9 ch\u00ednh x\u00e1c \u00b10.01\u00b0C (-5 \u0111\u1ebfn 35\u00b0C)<\/li>\n<li>C\u1ea3m bi\u1ebfn n\u00e0y c\u00f3 th\u1ec3 \u0111\u01b0\u1ee3c s\u1eed d\u1ee5ng \u0111\u1ec3 theo d\u00f5i \u0111\u1ed9 d\u1eabn \u0111i\u1ec7n v\u00e0 nhi\u1ec7t \u0111\u1ed9 trong m\u1ed9t th\u1eddi gian d\u00e0i m\u00e0 kh\u00f4ng c\u1ea7n ph\u1ea3i hi\u1ec7u chu\u1ea9n th\u01b0\u1eddng xuy\u00ean<\/li>\n<li>C\u1ea3m bi\u1ebfn n\u00e0y c\u00f3 th\u1ec3 \u0111\u01b0\u1ee3c hi\u1ec7u chu\u1ea9n d\u1ec5 d\u00e0ng b\u1eb1ng c\u00e1ch s\u1eed d\u1ee5ng m\u1ed9t dung d\u1ecbch chu\u1ea9n ho\u1eb7c m\u1ed9t thi\u1ebft b\u1ecb hi\u1ec7u chu\u1ea9n chuy\u00ean d\u1ee5ng.<\/li>\n<\/ul>\n","protected":false},"featured_media":2732,"comment_status":"open","ping_status":"closed","template":"","meta":[],"product_cat":[15],"product_tag":[785],"acf":[],"lang":"vi","translations":{"vi":2728,"en":2733},"pll_sync_post":[],"_links":{"self":[{"href":"https:\/\/demo9.thuythu.vn\/reeco\/wp-json\/wp\/v2\/product\/2728"}],"collection":[{"href":"https:\/\/demo9.thuythu.vn\/reeco\/wp-json\/wp\/v2\/product"}],"about":[{"href":"https:\/\/demo9.thuythu.vn\/reeco\/wp-json\/wp\/v2\/types\/product"}],"replies":[{"embeddable":true,"href":"https:\/\/demo9.thuythu.vn\/reeco\/wp-json\/wp\/v2\/comments?post=2728"}],"wp:featuredmedia":[{"embeddable":true,"href":"https:\/\/demo9.thuythu.vn\/reeco\/wp-json\/wp\/v2\/media\/2732"}],"wp:attachment":[{"href":"https:\/\/demo9.thuythu.vn\/reeco\/wp-json\/wp\/v2\/media?parent=2728"}],"wp:term":[{"taxonomy":"product_cat","embeddable":true,"href":"https:\/\/demo9.thuythu.vn\/reeco\/wp-json\/wp\/v2\/product_cat?post=2728"},{"taxonomy":"product_tag","embeddable":true,"href":"https:\/\/demo9.thuythu.vn\/reeco\/wp-json\/wp\/v2\/product_tag?post=2728"}],"curies":[{"name":"wp","href":"https:\/\/api.w.org\/{rel}","templated":true}]}}