{"id":2722,"date":"2024-01-15T09:25:19","date_gmt":"2024-01-15T09:25:19","guid":{"rendered":"https:\/\/demo9.thuythu.vn\/reeco\/?post_type=product&#038;p=2722"},"modified":"2024-01-17T06:32:42","modified_gmt":"2024-01-17T06:32:42","slug":"dau-do-giam-sat-quang-hoc-600oms-v2","status":"publish","type":"product","link":"https:\/\/demo9.thuythu.vn\/reeco\/san-pham\/dau-do-giam-sat-quang-hoc-600oms-v2\/","title":{"rendered":"\u0110\u1ea7u d\u00f2 gi\u00e1m s\u00e1t quang h\u1ecdc 600OMS V2"},"content":{"rendered":"","protected":false},"excerpt":{"rendered":"<p>\u0110\u01b0\u1ee3c thi\u1ebft k\u1ebf \u0111\u1ec3 s\u1eed d\u1ee5ng \u1edf v\u00f9ng n\u01b0\u1edbc ng\u1ecdt, n\u01b0\u1edbc bi\u1ec3n ho\u1eb7c n\u01b0\u1edbc b\u1ecb \u00f4 nhi\u1ec5m, \u0110\u1ea7u d\u00f2 gi\u00e1m s\u00e1t quang h\u1ecdc 600OMS V2\u00a0s\u1eed d\u1ee5ng c\u00e1c c\u1ea3m bi\u1ebfn YSI \u0111\u00e3 \u0111\u01b0\u1ee3c ch\u1ee9ng minh t\u1ea1i hi\u1ec7n tr\u01b0\u1eddng v\u00e0 k\u1ebft h\u1ee3p c\u00e1c c\u1ea3i ti\u1ebfn v\u1ec1 c\u1ea5u h\u00ecnh c\u1ea3m bi\u1ebfn nh\u01b0 m\u00f4-\u0111un \u0111\u1ed9 d\u1eabn \u0111i\u1ec7n v\u00e0 nhi\u1ec7t \u0111\u1ed9 ph\u00f9 h\u1ee3p v\u1edbi\u00a0 sonde.<\/p>\n<p data-sourcepos=\"7:1-7:46\"><strong>C\u00e1c th\u00f4ng s\u1ed1 c\u00f3 s\u1eb5n cho 600OMS V2 bao g\u1ed3m:<\/strong><\/p>\n<ul data-sourcepos=\"9:1-17:0\">\n<li data-sourcepos=\"9:1-9:10\">Nhi\u1ec7t \u0111\u1ed9<\/li>\n<li data-sourcepos=\"10:1-10:10\">D\u1eabn \u0111i\u1ec7n<\/li>\n<li data-sourcepos=\"11:1-11:8\">\u0110\u1ed9 m\u1eb7n<\/li>\n<li data-sourcepos=\"12:1-12:19\">\u0110\u1ed9 d\u1eabn \u0111i\u1ec7n ri\u00eang<\/li>\n<li data-sourcepos=\"13:1-13:8\">\u0110\u1ed9 s\u00e2u<\/li>\n<li data-sourcepos=\"14:1-14:29\">T\u1ed5ng ch\u1ea5t r\u1eafn h\u00f2a tan (TDS)<\/li>\n<li data-sourcepos=\"15:1-15:20\">M\u1ee9c th\u00f4ng gi\u00f3 n\u00f4ng<\/li>\n<li data-sourcepos=\"16:1-17:0\">Oxy h\u00f2a tan quang h\u1ecdc, T\u1ea3o lam xanh l\u1ee5c, \u0110\u1ed9 \u0111\u1ee5c, Chlorophyll ho\u1eb7c Rhodamine<\/li>\n<\/ul>\n<p data-sourcepos=\"18:1-18:138\"><strong>600OMS V2 c\u00f3 s\u1eb5n v\u1edbi ho\u1eb7c kh\u00f4ng c\u00f3 ngu\u1ed3n \u0111i\u1ec7n b\u00ean trong. K\u00edch th\u01b0\u1edbc nh\u1ecf g\u1ecdn c\u1ee7a n\u00f3 ho\u00e0n h\u1ea3o cho c\u00e1c \u1ee9ng d\u1ee5ng gi\u00e1m s\u00e1t \u0111\u1ed9 \u0111\u1ee5c ho\u1eb7c oxy.<\/strong><\/p>\n<p data-sourcepos=\"20:1-20:14\"><strong>\u0110\u1eb7c tr\u01b0ng:<\/strong><\/p>\n<ul data-sourcepos=\"22:1-26:0\">\n<li data-sourcepos=\"22:1-22:22\">V\u1eeba v\u1edbi gi\u1ebfng 2 inch<\/li>\n<li>D\u1ec5 d\u00e0ng k\u1ebft n\u1ed1i v\u1edbi n\u1ec1n t\u1ea3ng thu th\u1eadp d\u1eef li\u1ec7u<\/li>\n<li>T\u01b0\u01a1ng th\u00edch v\u1edbi YSI 650 MDS<\/li>\n<li>Quang h\u1ecdc b\u1ecb x\u00f3a ng\u0103n ng\u1eeba b\u00e1m b\u1ea9n sinh h\u1ecdc<\/li>\n<\/ul>\n","protected":false},"featured_media":2726,"comment_status":"open","ping_status":"closed","template":"","meta":[],"product_cat":[15],"product_tag":[],"acf":[],"lang":"vi","translations":{"vi":2722,"en":2727},"pll_sync_post":[],"_links":{"self":[{"href":"https:\/\/demo9.thuythu.vn\/reeco\/wp-json\/wp\/v2\/product\/2722"}],"collection":[{"href":"https:\/\/demo9.thuythu.vn\/reeco\/wp-json\/wp\/v2\/product"}],"about":[{"href":"https:\/\/demo9.thuythu.vn\/reeco\/wp-json\/wp\/v2\/types\/product"}],"replies":[{"embeddable":true,"href":"https:\/\/demo9.thuythu.vn\/reeco\/wp-json\/wp\/v2\/comments?post=2722"}],"wp:featuredmedia":[{"embeddable":true,"href":"https:\/\/demo9.thuythu.vn\/reeco\/wp-json\/wp\/v2\/media\/2726"}],"wp:attachment":[{"href":"https:\/\/demo9.thuythu.vn\/reeco\/wp-json\/wp\/v2\/media?parent=2722"}],"wp:term":[{"taxonomy":"product_cat","embeddable":true,"href":"https:\/\/demo9.thuythu.vn\/reeco\/wp-json\/wp\/v2\/product_cat?post=2722"},{"taxonomy":"product_tag","embeddable":true,"href":"https:\/\/demo9.thuythu.vn\/reeco\/wp-json\/wp\/v2\/product_tag?post=2722"}],"curies":[{"name":"wp","href":"https:\/\/api.w.org\/{rel}","templated":true}]}}