{"id":2714,"date":"2024-01-15T09:07:52","date_gmt":"2024-01-15T09:07:52","guid":{"rendered":"https:\/\/demo9.thuythu.vn\/reeco\/?post_type=product&#038;p=2714"},"modified":"2024-01-15T09:09:49","modified_gmt":"2024-01-15T09:09:49","slug":"man-hinh-cam-tay-exo","status":"publish","type":"product","link":"https:\/\/demo9.thuythu.vn\/reeco\/san-pham\/man-hinh-cam-tay-exo\/","title":{"rendered":"M\u00e0n h\u00ecnh c\u1ea7m tay EXO"},"content":{"rendered":"","protected":false},"excerpt":{"rendered":"<p data-sourcepos=\"1:1-1:83\"><strong>M\u00e0n h\u00ecnh c\u1ea7m tay EXO c\u1ee7a YSI: N\u0103ng \u0110\u1ed9ng v\u00e0 Ch\u00ednh X\u00e1c trong Nghi\u00ean C\u1ee9u M\u00f4i Tr\u01b0\u1eddng<\/strong><\/p>\n<p data-sourcepos=\"3:1-3:417\">M\u00e1y C\u1ea7m Tay EXO c\u1ee7a YSI \u0111\u01b0\u1ee3c thi\u1ebft k\u1ebf v\u00e0 s\u1ea3n xu\u1ea5t nh\u01b0 m\u1ed9t giao di\u1ec7n chuy\u00ean d\u1ee5ng cho c\u00e1c \u0111\u1ea7u d\u00f2 EXO. Thi\u1ebft b\u1ecb gi\u00e0u t\u00ednh n\u0103ng n\u00e0y cho ph\u00e9p b\u1ea1n ghi d\u1eef li\u1ec7u theo th\u1eddi gian th\u1ef1c, hi\u1ec7u chu\u1ea9n c\u1ea3m bi\u1ebfn, thi\u1ebft l\u1eadp \u0111\u1ea7u d\u00f2 \u0111\u1ec3 tri\u1ec3n khai v\u00e0 truy\u1ec1n d\u1eef li\u1ec7u ch\u1ea5t l\u01b0\u1ee3ng n\u01b0\u1edbc sang PC. \u0110\u01b0\u1ee3c thi\u1ebft k\u1ebf \u0111\u1ec3 s\u1eed d\u1ee5ng \u0111\u00e1ng tin c\u1eady trong m\u00f4i tr\u01b0\u1eddng kh\u1eafc nghi\u1ec7t, m\u00e0n h\u00ecnh n\u00e0y c\u00f3 t\u00ednh n\u0103ng ch\u1ed1ng n\u01b0\u1edbc IP-67, v\u1ecf ch\u1ed1ng va \u0111\u1eadp v\u00e0 \u0111\u1ea7u n\u1ed1i ch\u1ed1ng \u1ea9m.<\/p>\n<h3 data-sourcepos=\"3:1-3:417\"><strong>T\u00ednh n\u0103ng<\/strong><\/h3>\n<ul data-sourcepos=\"3:1-9:0\">\n<li data-sourcepos=\"3:1-3:132\"><strong>Gi\u1ea3m t\u1ea3i cho nh\u1eefng chuy\u1ebfn \u0111i d\u00e0i:<\/strong>\u00a0Thi\u1ebft b\u1ecb thi\u1ebft k\u1ebf g\u1ecdn nh\u1eb9, c\u1ea7m tho\u1ea3i m\u00e1i gi\u00fap vi\u1ec7c l\u1ea5y m\u1eabu v\u00e0 l\u1eadp h\u1ed3 s\u01a1 tr\u1edf n\u00ean d\u1ec5 d\u00e0ng h\u01a1n.<\/li>\n<li data-sourcepos=\"4:1-4:136\"><strong>D\u1ec5 d\u00e0ng thu th\u1eadp d\u1eef li\u1ec7u ch\u1ea5t l\u01b0\u1ee3ng cao:<\/strong>\u00a0Giao di\u1ec7n \u0111\u01a1n gi\u1ea3n, t\u00edch h\u1ee3p m\u00e0n h\u00ecnh tr\u1ee3 gi\u00fap gi\u00fap gi\u1ea3m th\u1eddi gian l\u00e0m quen v\u1edbi thi\u1ebft b\u1ecb.<\/li>\n<li data-sourcepos=\"5:1-5:114\"><strong>Gi\u1eef c\u1ea3m bi\u1ebfn ho\u1ea1t \u0111\u1ed9ng hi\u1ec7u qu\u1ea3:<\/strong>\u00a0Nh\u1eafc nh\u1edf hi\u1ec7u chu\u1ea9n t\u1ef1 \u0111\u1ed9ng d\u1ef1a tr\u00ean quy tr\u00ecnh v\u1eadn h\u00e0nh ti\u00eau chu\u1ea9n c\u1ee7a b\u1ea1n.<\/li>\n<li data-sourcepos=\"6:1-6:102\"><strong>X\u00e2y d\u1ef1ng t\u1eadp d\u1eef li\u1ec7u tham chi\u1ebfu \u0111\u1ecba l\u00fd:<\/strong>\u00a0T\u00ednh n\u0103ng GPS v\u00e0 g\u1eafn th\u1ebb \u0111\u1ecba \u0111i\u1ec3m cho t\u1ed1i \u0111a 100 v\u1ecb tr\u00ed.<\/li>\n<li data-sourcepos=\"7:1-7:131\"><strong>Truy\u1ec1n d\u1eef li\u1ec7u nhanh ch\u00f3ng:<\/strong>\u00a0Chuy\u1ec3n c\u00e1c b\u1ed9 d\u1eef li\u1ec7u \u0111\u00e3 thu th\u1eadp v\u00e0 h\u1ed3 s\u01a1 hi\u1ec7u chu\u1ea9n sang \u1ed5 flash USB ch\u1ec9 b\u1eb1ng m\u1ed9t l\u1ea7n nh\u1ea5n n\u00fat.<\/li>\n<li data-sourcepos=\"8:1-9:0\"><strong>Pin s\u1ea1c Li-Ion m\u1ea1nh m\u1ebd:<\/strong>\u00a0Lo\u1ea1i b\u1ecf pin alkaline, cho ph\u00e9p l\u1ea5y m\u1eabu l\u00e2u h\u01a1n v\u1edbi pin s\u1ea1c Li-Ion dung l\u01b0\u1ee3ng cao.<\/li>\n<\/ul>\n","protected":false},"featured_media":2719,"comment_status":"open","ping_status":"closed","template":"","meta":[],"product_cat":[15],"product_tag":[],"acf":[],"lang":"vi","translations":{"vi":2714,"en":2720},"pll_sync_post":[],"_links":{"self":[{"href":"https:\/\/demo9.thuythu.vn\/reeco\/wp-json\/wp\/v2\/product\/2714"}],"collection":[{"href":"https:\/\/demo9.thuythu.vn\/reeco\/wp-json\/wp\/v2\/product"}],"about":[{"href":"https:\/\/demo9.thuythu.vn\/reeco\/wp-json\/wp\/v2\/types\/product"}],"replies":[{"embeddable":true,"href":"https:\/\/demo9.thuythu.vn\/reeco\/wp-json\/wp\/v2\/comments?post=2714"}],"wp:featuredmedia":[{"embeddable":true,"href":"https:\/\/demo9.thuythu.vn\/reeco\/wp-json\/wp\/v2\/media\/2719"}],"wp:attachment":[{"href":"https:\/\/demo9.thuythu.vn\/reeco\/wp-json\/wp\/v2\/media?parent=2714"}],"wp:term":[{"taxonomy":"product_cat","embeddable":true,"href":"https:\/\/demo9.thuythu.vn\/reeco\/wp-json\/wp\/v2\/product_cat?post=2714"},{"taxonomy":"product_tag","embeddable":true,"href":"https:\/\/demo9.thuythu.vn\/reeco\/wp-json\/wp\/v2\/product_tag?post=2714"}],"curies":[{"name":"wp","href":"https:\/\/api.w.org\/{rel}","templated":true}]}}