{"id":2708,"date":"2024-01-17T14:10:45","date_gmt":"2024-01-17T07:10:45","guid":{"rendered":"https:\/\/demo9.thuythu.vn\/reeco\/?post_type=product&#038;p=2708"},"modified":"2024-01-17T14:28:39","modified_gmt":"2024-01-17T07:28:39","slug":"he-thong-giam-sat-chat-luong-nuoc-da-thong-so-exo3s","status":"publish","type":"product","link":"https:\/\/demo9.thuythu.vn\/reeco\/san-pham\/he-thong-giam-sat-chat-luong-nuoc-da-thong-so-exo3s\/","title":{"rendered":"H\u1ec7 th\u1ed1ng gi\u00e1m s\u00e1t ch\u1ea5t l\u01b0\u1ee3ng n\u01b0\u1edbc \u0111a th\u00f4ng s\u1ed1 EXO3s"},"content":{"rendered":"","protected":false},"excerpt":{"rendered":"<h3 data-sourcepos=\"11:1-11:34\"><strong>\u0110\u1eb7c \u0111i\u1ec3m<\/strong><\/h3>\n<ul data-sourcepos=\"3:1-8:0\">\n<li data-sourcepos=\"3:1-3:166\"><strong>Ch\u1ea5t l\u01b0\u1ee3ng d\u1eef li\u1ec7u cao nh\u1ea5t:<\/strong>\u00a0D\u1eef li\u1ec7u \u0111o \u0111\u01b0\u1ee3c c\u1ee7a EXO r\u1ea5t ch\u00ednh x\u00e1c v\u00e0 \u0111\u00e1ng tin c\u1eady, nh\u1edd h\u1ec7 th\u1ed1ng gi\u00e1m s\u00e1t t\u00edch h\u1ee3p li\u00ean t\u1ee5c ki\u1ec3m tra ho\u1ea1t \u0111\u1ed9ng c\u1ee7a c\u00e1c c\u1ea3m bi\u1ebfn.<\/li>\n<li data-sourcepos=\"4:1-4:157\"><strong>Gi\u00e1m s\u00e1t \u0111a th\u00f4ng s\u1ed1:<\/strong>\u00a0EXO c\u00f3 th\u1ec3 \u0111o \u0111\u01b0\u1ee3c nhi\u1ec1u th\u00f4ng s\u1ed1 kh\u00e1c nhau, bao g\u1ed3m: nhi\u1ec7t \u0111\u1ed9, \u0111\u1ed9 d\u1eabn \u0111i\u1ec7n, oxy h\u00f2a tan, amoni, chloride, nitrat, pH, \u0111\u1ed9 \u0111\u1ee5c,&#8230;<\/li>\n<li data-sourcepos=\"5:1-5:179\"><strong>Ch\u1ed1ng b\u00e1m h\u00e0ng \u0111\u1ea7u:<\/strong>\u00a0EXO \u0111\u01b0\u1ee3c thi\u1ebft k\u1ebf v\u1edbi c\u00f4ng ngh\u1ec7 g\u1ea1t n\u01b0\u1edbc ti\u00ean ti\u1ebfn, gi\u00fap ng\u0103n ng\u1eeba s\u1ef1 t\u00edch t\u1ee5 c\u1ee7a c\u00e1c ch\u1ea5t c\u1eb7n b\u00e3 tr\u00ean c\u00e1c c\u1ea3m bi\u1ebfn, \u0111\u1ea3m b\u1ea3o \u0111\u1ed9 ch\u00ednh x\u00e1c c\u1ee7a k\u1ebft qu\u1ea3 \u0111o.<\/li>\n<li data-sourcepos=\"6:1-6:189\"><strong>Linh ki\u1ec7n titanium:<\/strong>\u00a0EXO \u0111\u01b0\u1ee3c ch\u1ebf t\u1ea1o t\u1eeb c\u00e1c linh ki\u1ec7n titanium cao c\u1ea5p, c\u00f3 \u0111\u1ed9 b\u1ec1n cao v\u00e0 kh\u1ea3 n\u0103ng ch\u1ed1ng \u0103n m\u00f2n t\u1ed1t, gi\u00fap thi\u1ebft b\u1ecb ho\u1ea1t \u0111\u1ed9ng \u1ed5n \u0111\u1ecbnh trong nhi\u1ec1u m\u00f4i tr\u01b0\u1eddng kh\u1eafc nghi\u1ec7t.<\/li>\n<li data-sourcepos=\"6:1-6:189\"><strong>T\u00edch h\u1ee3p li\u1ec1n m\u1ea1ch<\/strong> &#8211; EXO c\u00f3 th\u1ec3 c\u1eafm v\u00e0 ch\u1ea1y v\u00e0o c\u00e1c h\u1ec7 th\u1ed1ng gi\u00e1m s\u00e1t bi\u1ec3n, c\u1eeda s\u00f4ng, n\u01b0\u1edbc ng\u1ecdt v\u00e0 n\u01b0\u1edbc ng\u1ea7m<\/li>\n<\/ul>\n<h3 data-sourcepos=\"11:1-11:34\"><strong>C\u1ea3m bi\u1ebfn v\u00e0 \u0111\u1ea7u d\u00f2 th\u00f4ng minh<\/strong><\/h3>\n<p data-sourcepos=\"13:1-13:151\">EXO l\u00e0 m\u1ed9t thi\u1ebft b\u1ecb c\u1ef1c k\u1ef3 linh ho\u1ea1t, cho ph\u00e9p ng\u01b0\u1eddi d\u00f9ng t\u1ef1 \u0111\u1ed9ng c\u1ea5u h\u00ecnh \u0111\u1ea7u d\u00f2 v\u1edbi c\u00e1c c\u1ea3m bi\u1ebfn kh\u00e1c nhau cho c\u00e1c \u1ee9ng d\u1ee5ng kh\u00e1c nhau trong v\u00e0i ph\u00fat.<\/p>\n<h3 data-sourcepos=\"15:1-15:37\"><strong>C\u00e1c t\u00f9y ch\u1ecdn c\u1ea3m bi\u1ebfn th\u00f4ng minh<\/strong><\/h3>\n<ul data-sourcepos=\"17:1-41:0\">\n<li data-sourcepos=\"17:1-17:38\">\n<p data-sourcepos=\"17:3-17:38\">D\u1eabn \u0111i\u1ec7n\/Nhi\u1ec7t \u0111\u1ed9 (lau v\u00e0 kh\u00f4ng lau)<\/p>\n<\/li>\n<li data-sourcepos=\"18:1-18:13\">\n<p data-sourcepos=\"18:3-18:13\">Oxy h\u00f2a tan<\/p>\n<\/li>\n<li data-sourcepos=\"19:1-19:6\">\n<p data-sourcepos=\"19:3-19:6\">fDOM<\/p>\n<\/li>\n<li data-sourcepos=\"20:1-20:34\">\n<p data-sourcepos=\"20:3-20:34\">ISE (Amoni, Chloride, v\u00e0 Nitrat)<\/p>\n<\/li>\n<li data-sourcepos=\"21:1-21:32\">\n<p data-sourcepos=\"21:3-21:32\">pH (c\u00f3 b\u1ea3o v\u1ec7 v\u00e0 kh\u00f4ng b\u1ea3o v\u1ec7)<\/p>\n<\/li>\n<li data-sourcepos=\"22:1-22:42\">\n<p data-sourcepos=\"22:3-22:42\">pH &amp; ORP (c\u00f3 b\u1ea3o v\u1ec7 v\u00e0 kh\u00f4ng b\u1ea3o v\u1ec7)<\/p>\n<\/li>\n<li data-sourcepos=\"23:1-23:11\">\n<p data-sourcepos=\"23:3-23:11\">Rhodamine<\/p>\n<\/li>\n<li data-sourcepos=\"24:1-24:55\">\n<p data-sourcepos=\"24:3-24:55\">T\u1ed5ng t\u1ea3o (Chlorophyll + Phycocyanin v\u00e0 Phycoerythrin)<\/p>\n<\/li>\n<li data-sourcepos=\"25:1-25:8\">\n<p data-sourcepos=\"25:3-25:8\">\u0110\u1ed9 \u0111\u1ee5c<\/p>\n<\/li>\n<\/ul>\n<h3 data-sourcepos=\"26:3-26:26\"><strong>C\u00e1c th\u00f4ng s\u1ed1 \u0111o kh\u00e1c c\u00f3 s\u1eb5n<\/strong><\/h3>\n<ul data-sourcepos=\"17:1-41:0\">\n<li data-sourcepos=\"28:1-28:19\">\n<p data-sourcepos=\"28:3-28:19\">\u00c1p su\u1ea5t tuy\u1ec7t \u0111\u1ed1i<\/p>\n<\/li>\n<li data-sourcepos=\"29:1-29:7\">\n<p data-sourcepos=\"29:3-29:7\">Amoni<\/p>\n<\/li>\n<li data-sourcepos=\"30:1-30:8\">\n<p data-sourcepos=\"30:3-30:8\">\u0110\u1ed9 s\u00e2u<\/p>\n<\/li>\n<li data-sourcepos=\"31:1-31:12\">\n<p data-sourcepos=\"31:3-31:12\">DO% c\u1ee5c b\u1ed9<\/p>\n<\/li>\n<li data-sourcepos=\"32:1-32:12\">\n<p data-sourcepos=\"32:3-32:12\">\u00c1p su\u1ea5t \u0111o<\/p>\n<\/li>\n<li data-sourcepos=\"33:1-33:14\">\n<p data-sourcepos=\"33:3-33:14\">D\u1eabn \u0111i\u1ec7n nLF<\/p>\n<\/li>\n<li data-sourcepos=\"34:1-34:5\">\n<p data-sourcepos=\"34:3-34:5\">PAR<\/p>\n<\/li>\n<li data-sourcepos=\"35:1-35:10\">\n<p data-sourcepos=\"35:3-35:10\">\u0110i\u1ec7n tr\u1edf<\/p>\n<\/li>\n<li data-sourcepos=\"36:1-36:8\">\n<p data-sourcepos=\"36:3-36:8\">\u0110\u1ed9 m\u1eb7n<\/p>\n<\/li>\n<li data-sourcepos=\"37:1-37:16\">\n<p data-sourcepos=\"37:3-37:16\">D\u1eabn \u0111i\u1ec7n ri\u00eang<\/p>\n<\/li>\n<li data-sourcepos=\"38:1-38:23\">\n<p data-sourcepos=\"38:3-38:23\">T\u1ed5ng ch\u1ea5t r\u1eafn h\u00f2a tan<\/p>\n<\/li>\n<li data-sourcepos=\"39:1-39:23\">\n<p data-sourcepos=\"39:3-39:23\">T\u1ed5ng ch\u1ea5t r\u1eafn l\u01a1 l\u1eedng<\/p>\n<\/li>\n<li data-sourcepos=\"40:1-41:0\">\n<p data-sourcepos=\"40:3-40:13\">M\u1eadt \u0111\u1ed9 n\u01b0\u1edbc<\/p>\n<\/li>\n<\/ul>\n","protected":false},"featured_media":2712,"comment_status":"open","ping_status":"closed","template":"","meta":[],"product_cat":[15],"product_tag":[],"acf":[],"lang":"vi","translations":{"vi":2708,"en":2713},"pll_sync_post":[],"_links":{"self":[{"href":"https:\/\/demo9.thuythu.vn\/reeco\/wp-json\/wp\/v2\/product\/2708"}],"collection":[{"href":"https:\/\/demo9.thuythu.vn\/reeco\/wp-json\/wp\/v2\/product"}],"about":[{"href":"https:\/\/demo9.thuythu.vn\/reeco\/wp-json\/wp\/v2\/types\/product"}],"replies":[{"embeddable":true,"href":"https:\/\/demo9.thuythu.vn\/reeco\/wp-json\/wp\/v2\/comments?post=2708"}],"wp:featuredmedia":[{"embeddable":true,"href":"https:\/\/demo9.thuythu.vn\/reeco\/wp-json\/wp\/v2\/media\/2712"}],"wp:attachment":[{"href":"https:\/\/demo9.thuythu.vn\/reeco\/wp-json\/wp\/v2\/media?parent=2708"}],"wp:term":[{"taxonomy":"product_cat","embeddable":true,"href":"https:\/\/demo9.thuythu.vn\/reeco\/wp-json\/wp\/v2\/product_cat?post=2708"},{"taxonomy":"product_tag","embeddable":true,"href":"https:\/\/demo9.thuythu.vn\/reeco\/wp-json\/wp\/v2\/product_tag?post=2708"}],"curies":[{"name":"wp","href":"https:\/\/api.w.org\/{rel}","templated":true}]}}