{"id":2681,"date":"2024-01-17T14:11:05","date_gmt":"2024-01-17T07:11:05","guid":{"rendered":"https:\/\/demo9.thuythu.vn\/reeco\/?post_type=product&#038;p=2681"},"modified":"2024-01-17T14:29:18","modified_gmt":"2024-01-17T07:29:18","slug":"exo-go","status":"publish","type":"product","link":"https:\/\/demo9.thuythu.vn\/reeco\/san-pham\/exo-go\/","title":{"rendered":"EXO GO"},"content":{"rendered":"","protected":false},"excerpt":{"rendered":"<p data-sourcepos=\"3:1-3:372\">Thi\u1ebft b\u1ecb EXO GO c\u00f3 t\u00ednh di \u0111\u1ed9ng cao, gi\u00fap ng\u01b0\u1eddi d\u00f9ng r\u1ea3nh tay khi l\u00e0m vi\u1ec7c ngo\u00e0i hi\u1ec7n tr\u01b0\u1eddng. Th\u00f4ng qua ph\u1ea7n m\u1ec1m KorEXO m\u1edbi nh\u1ea5t ch\u1ea1y tr\u00ean c\u1ea3 m\u00e1y t\u00ednh x\u00e1ch tay v\u00e0 m\u00e1y t\u00ednh b\u1ea3ng, ng\u01b0\u1eddi d\u00f9ng c\u00f3 th\u1ec3 d\u1ec5 d\u00e0ng xem t\u1ecda \u0111\u1ed9 GPS v\u00e0 \u00e1p su\u1ea5t kh\u00ed quy\u1ec3n ngay t\u1ea1i ch\u1ed7. Thi\u1ebft b\u1ecb \u0111\u1ea1t ti\u00eau chu\u1ea9n ch\u1ed1ng b\u1ee5i v\u00e0 n\u01b0\u1edbc IP-67, c\u00f3 kh\u1ea3 n\u0103ng ch\u1ed1ng ch\u1ecbu va \u0111\u1eadp, r\u1ec9 n\u01b0\u1edbc v\u00e0 th\u1eadm ch\u00ed c\u1ea3 nh\u00fang ch\u00ecm.<\/p>\n<h3 data-sourcepos=\"3:1-3:372\"><strong>T\u00ednh n\u0103ng<\/strong><\/h3>\n<ul>\n<li data-sourcepos=\"3:1-3:372\">Theo d\u00f5i d\u1eef li\u1ec7u th\u1eddi gian th\u1ef1c c\u1ee7a \u0111\u1ea7u d\u00f2 t\u1eeb xa th\u00f4ng qua thi\u1ebft b\u1ecb di \u0111\u1ed9ng ho\u1eb7c m\u00e1y t\u00ednh ngay c\u1ea3 khi v\u1eabn \u0111ang ng\u00e2m trong n\u01b0\u1edbc, thu\u1eadn ti\u1ec7n t\u1ea3i xu\u1ed1ng t\u1ec7p d\u1eef li\u1ec7u ho\u1eb7c \u0111i\u1ec1u ch\u1ec9nh c\u00e0i \u0111\u1eb7t tri\u1ec3n khai.<\/li>\n<li data-sourcepos=\"3:1-3:372\">KorEXO c\u00f3 th\u1ec3 \u0111\u01b0\u1ee3c k\u1ebft n\u1ed1i v\u1edbi b\u1ea5t k\u1ef3 thi\u1ebft b\u1ecb di \u0111\u1ed9ng n\u00e0o ch\u1ea1y h\u1ec7 \u0111i\u1ec1u h\u00e0nh Windows. \u0110i\u1ec1u n\u00e0y cho ph\u00e9p ng\u01b0\u1eddi d\u00f9ng s\u1eed d\u1ee5ng c\u00e1c thi\u1ebft b\u1ecb di \u0111\u1ed9ng ph\u1ed5 bi\u1ebfn \u0111\u1ec3 truy c\u1eadp d\u1eef li\u1ec7u c\u1ee7a h\u1ecd.<\/li>\n<li data-sourcepos=\"3:1-3:372\">Th\u1ef1c hi\u1ec7n nhi\u1ec1u l\u1ea7n l\u1ea5y m\u1eabu h\u01a1n v\u1edbi pin s\u1ea1c l\u00e2u d\u00e0i, b\u1ec1n b\u1ec9 &#8211; th\u1eddi gian s\u1eed d\u1ee5ng l\u00ean \u0111\u1ebfn 15 gi\u1edd<\/li>\n<\/ul>\n","protected":false},"featured_media":2686,"comment_status":"open","ping_status":"closed","template":"","meta":[],"product_cat":[15],"product_tag":[],"acf":[],"lang":"vi","translations":{"vi":2681,"en":2689},"pll_sync_post":[],"_links":{"self":[{"href":"https:\/\/demo9.thuythu.vn\/reeco\/wp-json\/wp\/v2\/product\/2681"}],"collection":[{"href":"https:\/\/demo9.thuythu.vn\/reeco\/wp-json\/wp\/v2\/product"}],"about":[{"href":"https:\/\/demo9.thuythu.vn\/reeco\/wp-json\/wp\/v2\/types\/product"}],"replies":[{"embeddable":true,"href":"https:\/\/demo9.thuythu.vn\/reeco\/wp-json\/wp\/v2\/comments?post=2681"}],"wp:featuredmedia":[{"embeddable":true,"href":"https:\/\/demo9.thuythu.vn\/reeco\/wp-json\/wp\/v2\/media\/2686"}],"wp:attachment":[{"href":"https:\/\/demo9.thuythu.vn\/reeco\/wp-json\/wp\/v2\/media?parent=2681"}],"wp:term":[{"taxonomy":"product_cat","embeddable":true,"href":"https:\/\/demo9.thuythu.vn\/reeco\/wp-json\/wp\/v2\/product_cat?post=2681"},{"taxonomy":"product_tag","embeddable":true,"href":"https:\/\/demo9.thuythu.vn\/reeco\/wp-json\/wp\/v2\/product_tag?post=2681"}],"curies":[{"name":"wp","href":"https:\/\/api.w.org\/{rel}","templated":true}]}}