{"id":2672,"date":"2024-01-17T14:40:04","date_gmt":"2024-01-17T07:40:04","guid":{"rendered":"https:\/\/demo9.thuythu.vn\/reeco\/?post_type=product&#038;p=2672"},"modified":"2024-01-19T11:11:48","modified_gmt":"2024-01-19T04:11:48","slug":"he-thong-giam-sat-chat-luong-nuoc-da-thong-so-exo3","status":"publish","type":"product","link":"https:\/\/demo9.thuythu.vn\/reeco\/san-pham\/he-thong-giam-sat-chat-luong-nuoc-da-thong-so-exo3\/","title":{"rendered":"H\u1ec7 th\u1ed1ng gi\u00e1m s\u00e1t ch\u1ea5t l\u01b0\u1ee3ng n\u01b0\u1edbc \u0111a th\u00f4ng s\u1ed1 EXO3"},"content":{"rendered":"","protected":false},"excerpt":{"rendered":"<p data-sourcepos=\"3:1-3:118\">EXO3 k\u1ebft h\u1ee3p s\u1ef1 linh ho\u1ea1t c\u1ee7a EXO1 v\u1edbi ch\u1ee9c n\u0103ng ch\u1ed1ng b\u00e1m rong r\u00eau hi\u1ec7u qu\u1ea3 c\u1ee7a EXO2.<\/p>\n<p data-sourcepos=\"5:1-5:162\">N\u1ec1n t\u1ea3ng gi\u00e1m s\u00e1t ch\u1ea5t l\u01b0\u1ee3ng n\u01b0\u1edbc ti\u00ean ti\u1ebfn EXO bao g\u1ed3m d\u00f2ng sonde \u0111a tham s\u1ed1 linh ho\u1ea1t EXO3, ph\u00f9 h\u1ee3p cho c\u00e1c \u1ee9ng d\u1ee5ng n\u01b0\u1edbc bi\u1ec3n, n\u01b0\u1edbc c\u1eeda s\u00f4ng ho\u1eb7c n\u01b0\u1edbc m\u1eb7t.<\/p>\n<p data-sourcepos=\"7:1-7:99\">EXO3 \u0111\u01b0\u1ee3c thi\u1ebft k\u1ebf chuy\u00ean d\u1ee5ng \u0111\u1ec3 theo d\u00f5i c\u00e1c th\u00f4ng s\u1ed1 quan tr\u1ecdng v\u1ec1 ch\u1ea5t l\u01b0\u1ee3ng n\u01b0\u1edbc, bao g\u1ed3m: pH, \u0110\u1ed9 d\u1eabn \u0111i\u1ec7n, Nhi\u1ec7t \u0111\u1ed9, \u0110\u1ed9 \u0111\u1ee5c, Oxy h\u00f2a tan<\/p>\n<h3 data-sourcepos=\"15:1-15:21\">\u0110\u1eb7c \u0111i\u1ec3m n\u1ed5i b\u1eadt:<\/h3>\n<ul>\n<li><strong>Ch\u1ea5t l\u01b0\u1ee3ng d\u1eef li\u1ec7u cao nh\u1ea5t:<\/strong>\u00a0h\u1ec7 th\u1ed1ng gi\u00e1m s\u00e1t t\u00edch h\u1ee3p x\u00e1c minh ho\u1ea1t \u0111\u1ed9ng c\u1ee7a c\u1ea3m bi\u1ebfn<\/li>\n<li><strong>Gi\u00e1m s\u00e1t \u0111a tham s\u1ed1:<\/strong>\u00a05 c\u1ed5ng \u0111a n\u0103ng cho ph\u00e9p k\u1ebft h\u1ee3p t\u00f9y \u00fd c\u00e1c c\u1ea3m bi\u1ebfn th\u00f4ng minh ho\u1eb7c b\u1ed9 lau trung t\u00e2m<\/li>\n<li><strong>C\u00f4ng ngh\u1ec7 ch\u1ed1ng b\u00e1m rong r\u00eau h\u00e0ng \u0111\u1ea7u:<\/strong>\u00a0c\u00f4ng ngh\u1ec7 lau ti\u00ean ti\u1ebfn nh\u1ea5t<\/li>\n<li><strong>Th\u00e0nh ph\u1ea7n titan:<\/strong>\u00a0c\u00e1c b\u1ed9 ph\u1eadn c\u00f3 \u0111\u1ed9 b\u1ec1n cao nh\u1ea5t \u0111\u1ea3m b\u1ea3o ho\u1ea1t \u0111\u1ed9ng l\u00e2u d\u00e0i<\/li>\n<li><strong>T\u00edch h\u1ee3p li\u1ec1n m\u1ea1ch:<\/strong>\u00a0EXO c\u00f3 th\u1ec3 k\u1ebft h\u1ee3p linh ho\u1ea1t v\u1edbi c\u00e1c h\u1ec7 th\u1ed1ng gi\u00e1m s\u00e1t n\u01b0\u1edbc bi\u1ec3n, n\u01b0\u1edbc c\u1eeda s\u00f4ng, n\u01b0\u1edbc ng\u1ecdt v\u00e0 n\u01b0\u1edbc ng\u1ea7m<\/li>\n<li><strong>Sonde v\u00e0 c\u1ea3m bi\u1ebfn th\u00f4ng minh:<\/strong>\u00a0thi\u1ebft b\u1ecb linh ho\u1ea1t, cho ph\u00e9p ng\u01b0\u1eddi d\u00f9ng t\u1ef1 \u0111\u1ed9ng c\u1ea5u h\u00ecnh sonde v\u1edbi c\u00e1c c\u1ea3m bi\u1ebfn kh\u00e1c nhau cho c\u00e1c \u1ee9ng d\u1ee5ng kh\u00e1c nhau trong v\u00e0i ph\u00fat<\/li>\n<\/ul>\n<h3><strong>C\u00e1c tham s\u1ed1 c\u00f3 s\u1eb5n:<\/strong><\/h3>\n<ul>\n<li>D\u1eabn \u0111i\u1ec7n\/Nhi\u1ec7t \u0111\u1ed9 (lau v\u00e0 kh\u00f4ng lau)<\/li>\n<li>Oxy h\u00f2a tan<\/li>\n<li>fDOM<\/li>\n<li>ISE (Amoni, Clorua, Nitrat)<\/li>\n<li>pH (c\u00f3 v\u00e0 kh\u00f4ng b\u1ea3o v\u1ec7)<\/li>\n<li>pH &amp; ORP (c\u00f3 v\u00e0 kh\u00f4ng b\u1ea3o v\u1ec7)<\/li>\n<li>Rhodamine<\/li>\n<li>T\u1ed5ng t\u1ea3o (Chlorophyll + Phycocyanin + Phycoerythrin)<\/li>\n<li>\u0110\u1ed9 \u0111\u1ee5c<\/li>\n<\/ul>\n<h3>C\u00e1c tham s\u1ed1 kh\u00e1c<\/h3>\n<ul>\n<li>\u00c1p su\u1ea5t tuy\u1ec7t \u0111\u1ed1i<\/li>\n<li>Amoniac<\/li>\n<li>\u0110\u1ed9 s\u00e2u<\/li>\n<li>DO% c\u1ee5c b\u1ed9<\/li>\n<li>\u00c1p su\u1ea5t man\u00f4<\/li>\n<li>D\u1eabn \u0111i\u1ec7n nLF<\/li>\n<li>PAR<\/li>\n<li>\u0110i\u1ec7n tr\u1edf su\u1ea5t<\/li>\n<li>\u0110\u1ed9 m\u1eb7n<\/li>\n<li>D\u1eabn \u0111i\u1ec7n ri\u00eang<\/li>\n<li>T\u1ed5ng ch\u1ea5t r\u1eafn h\u00f2a tan<\/li>\n<li>T\u1ed5ng ch\u1ea5t r\u1eafn l\u01a1 l\u1eedng<\/li>\n<li>M\u1eadt \u0111\u1ed9 n\u01b0\u1edbc<\/li>\n<\/ul>\n","protected":false},"featured_media":2679,"comment_status":"open","ping_status":"closed","template":"","meta":[],"product_cat":[15],"product_tag":[],"acf":[],"lang":"vi","translations":{"vi":2672,"en":2680},"pll_sync_post":[],"_links":{"self":[{"href":"https:\/\/demo9.thuythu.vn\/reeco\/wp-json\/wp\/v2\/product\/2672"}],"collection":[{"href":"https:\/\/demo9.thuythu.vn\/reeco\/wp-json\/wp\/v2\/product"}],"about":[{"href":"https:\/\/demo9.thuythu.vn\/reeco\/wp-json\/wp\/v2\/types\/product"}],"replies":[{"embeddable":true,"href":"https:\/\/demo9.thuythu.vn\/reeco\/wp-json\/wp\/v2\/comments?post=2672"}],"wp:featuredmedia":[{"embeddable":true,"href":"https:\/\/demo9.thuythu.vn\/reeco\/wp-json\/wp\/v2\/media\/2679"}],"wp:attachment":[{"href":"https:\/\/demo9.thuythu.vn\/reeco\/wp-json\/wp\/v2\/media?parent=2672"}],"wp:term":[{"taxonomy":"product_cat","embeddable":true,"href":"https:\/\/demo9.thuythu.vn\/reeco\/wp-json\/wp\/v2\/product_cat?post=2672"},{"taxonomy":"product_tag","embeddable":true,"href":"https:\/\/demo9.thuythu.vn\/reeco\/wp-json\/wp\/v2\/product_tag?post=2672"}],"curies":[{"name":"wp","href":"https:\/\/api.w.org\/{rel}","templated":true}]}}