{"id":2661,"date":"2024-01-17T14:20:40","date_gmt":"2024-01-17T07:20:40","guid":{"rendered":"https:\/\/demo9.thuythu.vn\/reeco\/?post_type=product&#038;p=2661"},"modified":"2024-01-17T14:28:55","modified_gmt":"2024-01-17T07:28:55","slug":"he-thong-gma-sat-chat-luong-nuoc-da-thong-so-exo2","status":"publish","type":"product","link":"https:\/\/demo9.thuythu.vn\/reeco\/san-pham\/he-thong-gma-sat-chat-luong-nuoc-da-thong-so-exo2\/","title":{"rendered":"H\u1ec7 th\u1ed1ng gi\u00e1m s\u00e1t ch\u1ea5t l\u01b0\u1ee3ng n\u01b0\u1edbc \u0111a th\u00f4ng s\u1ed1 EXO2"},"content":{"rendered":"","protected":false},"excerpt":{"rendered":"<p data-sourcepos=\"1:1-1:21\">N\u1ec1n t\u1ea3ng gi\u00e1m s\u00e1t ch\u1ea5t l\u01b0\u1ee3ng n\u01b0\u1edbc ti\u00ean ti\u1ebfn EXO bao g\u1ed3m \u0111\u1ea7u d\u00f2 \u0111a tham s\u1ed1 EXO2 linh ho\u1ea1t cho c\u00e1c \u1ee9ng d\u1ee5ng n\u01b0\u1edbc bi\u1ec3n, n\u01b0\u1edbc c\u1eeda s\u00f4ng ho\u1eb7c n\u01b0\u1edbc m\u1eb7t. Thu th\u1eadp d\u1eef li\u1ec7u \u0111\u1ebfn 250m v\u1edbi \u0111\u1ea7u d\u00f2 EXO2 ti\u00ean ti\u1ebfn &#8211; ch\u1ee9a s\u00e1u c\u1ea3m bi\u1ebfn &#8220;th\u00f4ng minh&#8221; c\u00f3 th\u1ec3 thay th\u1ebf v\u00e0 m\u1ed9t c\u1ea7n g\u1ea1t trung t\u00e2m \u0111\u1ec3 l\u00e0m s\u1ea1ch sinh v\u1eadt b\u00e1m.<\/p>\n<h3 data-sourcepos=\"1:1-1:21\">T\u00ednh n\u0103ng<\/h3>\n<ul>\n<li data-sourcepos=\"3:1-7:132\"><strong>Ch\u1ea5t l\u01b0\u1ee3ng d\u1eef li\u1ec7u cao nh\u1ea5t:<\/strong> H\u1ec7 th\u1ed1ng gi\u00e1m s\u00e1t t\u00edch h\u1ee3p x\u00e1c minh ho\u1ea1t \u0111\u1ed9ng c\u1ee7a c\u1ea3m bi\u1ebfn.<\/li>\n<li data-sourcepos=\"3:1-7:132\"><strong>Gi\u00e1m s\u00e1t \u0111a tham s\u1ed1:<\/strong> 7 c\u1ed5ng \u0111a n\u0103ng cho ph\u00e9p s\u1eed d\u1ee5ng b\u1ea5t k\u1ef3 s\u1ef1 k\u1ebft h\u1ee3p n\u00e0o c\u1ee7a c\u1ea3m bi\u1ebfn th\u00f4ng minh ho\u1eb7c c\u1ea7n g\u1ea1t trung t\u00e2m.<\/li>\n<li data-sourcepos=\"3:1-7:132\"><strong>Ng\u0103n b\u00e1m h\u00e0ng \u0111\u1ea7u:<\/strong> C\u00f4ng ngh\u1ec7 c\u1ea7n g\u1ea1t t\u1ed1t nh\u1ea5t trong ph\u00e2n kh\u00fac.<\/li>\n<li data-sourcepos=\"3:1-7:132\"><strong>Th\u00e0nh ph\u1ea7n Titanium:<\/strong> C\u00e1c b\u1ed9 ph\u1eadn h\u1ea1ng n\u1eb7ng nh\u1ea5t \u0111\u1ea3m b\u1ea3o ho\u1ea1t \u0111\u1ed9ng t\u1ed1t trong t\u01b0\u01a1ng lai.<\/li>\n<li data-sourcepos=\"3:1-7:132\"><strong>T\u00edch h\u1ee3p li\u1ec1n m\u1ea1ch:<\/strong> EXO c\u00f3 th\u1ec3 k\u1ebft n\u1ed1i plug-and-play v\u1edbi c\u00e1c h\u1ec7 th\u1ed1ng gi\u00e1m s\u00e1t n\u01b0\u1edbc bi\u1ec3n, n\u01b0\u1edbc c\u1eeda s\u00f4ng, n\u01b0\u1edbc ng\u1ecdt v\u00e0 n\u01b0\u1edbc ng\u1ea7m.<\/li>\n<\/ul>\n<h3 data-sourcepos=\"11:1-11:33\"><strong>C\u1ea3m bi\u1ebfn v\u00e0 \u0111\u1ea7u d\u00f2 th\u00f4ng minh<\/strong><\/h3>\n<p data-sourcepos=\"13:1-13:139\">D\u1ee5ng c\u1ee5 c\u1ef1c k\u1ef3 linh ho\u1ea1t, cho ph\u00e9p ng\u01b0\u1eddi d\u00f9ng t\u1ef1 \u0111\u1ed9ng c\u1ea5u h\u00ecnh \u0111\u1ea7u d\u00f2 v\u1edbi c\u00e1c c\u1ea3m bi\u1ebfn kh\u00e1c nhau cho c\u00e1c \u1ee9ng d\u1ee5ng kh\u00e1c nhau trong v\u00e0i ph\u00fat.<\/p>\n<ul data-sourcepos=\"15:1-38:0\">\n<li data-sourcepos=\"15:1-15:49\">D\u1eabn \u0111i\u1ec7n\/Nhi\u1ec7t \u0111\u1ed9 (c\u00f3 c\u1ea7n g\u1ea1t v\u00e0 kh\u00f4ng c\u1ea7n g\u1ea1t)<\/li>\n<li data-sourcepos=\"16:1-16:13\">Oxy h\u00f2a tan<\/li>\n<li data-sourcepos=\"17:1-17:6\">fDOM<\/li>\n<li data-sourcepos=\"18:1-18:31\">ISE (Amoni, Clorua v\u00e0 Nitrat)<\/li>\n<li data-sourcepos=\"19:1-19:28\">pH (c\u00f3 v\u00e0 kh\u00f4ng c\u00f3 b\u1ea3o v\u1ec7)<\/li>\n<li data-sourcepos=\"20:1-20:38\">pH &amp; ORP (c\u00f3 v\u00e0 kh\u00f4ng c\u00f3 b\u1ea3o v\u1ec7)<\/li>\n<li data-sourcepos=\"21:1-21:11\">Rhodamine<\/li>\n<li data-sourcepos=\"22:1-22:55\">T\u1ed5ng t\u1ea3o (Chlorophyll + Phycocyanin v\u00e0 Phycoerythrin)<\/li>\n<li data-sourcepos=\"23:1-23:8\">\u0110\u1ed9 \u0111\u1ee5c<\/li>\n<\/ul>\n<h3><strong>C\u00e1c th\u00f4ng s\u1ed1 kh\u00e1c c\u00f3 s\u1eb5n<\/strong><\/h3>\n<ul data-sourcepos=\"15:1-38:0\">\n<li data-sourcepos=\"25:1-25:19\">\u00c1p su\u1ea5t tuy\u1ec7t \u0111\u1ed1i<\/li>\n<li data-sourcepos=\"26:1-26:9\">Amoniac<\/li>\n<li data-sourcepos=\"27:1-27:8\">\u0110\u1ed9 s\u00e2u<\/li>\n<li data-sourcepos=\"28:1-28:16\">DO% \u0110\u1ecba ph\u01b0\u01a1ng<\/li>\n<li data-sourcepos=\"29:1-29:12\">\u00c1p su\u1ea5t \u0111o<\/li>\n<li data-sourcepos=\"30:1-30:14\">D\u1eabn \u0111i\u1ec7n nLF<\/li>\n<li data-sourcepos=\"31:1-31:5\">PAR<\/li>\n<li data-sourcepos=\"32:1-32:15\">\u0110i\u1ec7n tr\u1edf su\u1ea5t<\/li>\n<li data-sourcepos=\"33:1-33:8\">\u0110\u1ed9 m\u1eb7n<\/li>\n<li data-sourcepos=\"34:1-34:19\">D\u1eabn \u0111i\u1ec7n \u0111\u1eb7c bi\u1ec7t<\/li>\n<li data-sourcepos=\"35:1-35:23\">T\u1ed5ng ch\u1ea5t r\u1eafn h\u00f2a tan<\/li>\n<li data-sourcepos=\"36:1-36:23\">T\u1ed5ng ch\u1ea5t r\u1eafn l\u01a1 l\u1eedng<\/li>\n<li data-sourcepos=\"37:1-38:0\">M\u1eadt \u0111\u1ed9 n\u01b0\u1edbc<\/li>\n<\/ul>\n","protected":false},"featured_media":2668,"comment_status":"open","ping_status":"closed","template":"","meta":[],"product_cat":[15],"product_tag":[761,710,763,683,696,769,765,767],"acf":[],"lang":"vi","translations":{"vi":2661,"en":2671},"pll_sync_post":[],"_links":{"self":[{"href":"https:\/\/demo9.thuythu.vn\/reeco\/wp-json\/wp\/v2\/product\/2661"}],"collection":[{"href":"https:\/\/demo9.thuythu.vn\/reeco\/wp-json\/wp\/v2\/product"}],"about":[{"href":"https:\/\/demo9.thuythu.vn\/reeco\/wp-json\/wp\/v2\/types\/product"}],"replies":[{"embeddable":true,"href":"https:\/\/demo9.thuythu.vn\/reeco\/wp-json\/wp\/v2\/comments?post=2661"}],"wp:featuredmedia":[{"embeddable":true,"href":"https:\/\/demo9.thuythu.vn\/reeco\/wp-json\/wp\/v2\/media\/2668"}],"wp:attachment":[{"href":"https:\/\/demo9.thuythu.vn\/reeco\/wp-json\/wp\/v2\/media?parent=2661"}],"wp:term":[{"taxonomy":"product_cat","embeddable":true,"href":"https:\/\/demo9.thuythu.vn\/reeco\/wp-json\/wp\/v2\/product_cat?post=2661"},{"taxonomy":"product_tag","embeddable":true,"href":"https:\/\/demo9.thuythu.vn\/reeco\/wp-json\/wp\/v2\/product_tag?post=2661"}],"curies":[{"name":"wp","href":"https:\/\/api.w.org\/{rel}","templated":true}]}}