{"id":2649,"date":"2024-01-17T14:14:59","date_gmt":"2024-01-17T07:14:59","guid":{"rendered":"https:\/\/demo9.thuythu.vn\/reeco\/?post_type=product&#038;p=2649"},"modified":"2024-01-17T14:29:06","modified_gmt":"2024-01-17T07:29:06","slug":"he-thong-giam-sat-chat-luong-nuoc-da-thong-so-exo1","status":"publish","type":"product","link":"https:\/\/demo9.thuythu.vn\/reeco\/san-pham\/he-thong-giam-sat-chat-luong-nuoc-da-thong-so-exo1\/","title":{"rendered":"H\u1ec7 th\u1ed1ng gi\u00e1m s\u00e1t ch\u1ea5t l\u01b0\u1ee3ng n\u01b0\u1edbc \u0111a th\u00f4ng s\u1ed1 EXO1"},"content":{"rendered":"","protected":false},"excerpt":{"rendered":"<h3 data-sourcepos=\"1:1-1:22\">T\u00cdNH N\u0102NG :<\/h3>\n<ul data-sourcepos=\"3:1-8:0\">\n<li data-sourcepos=\"3:1-3:123\"><strong>C\u1ea3m bi\u1ebfn \u0111\u1ed9 ch\u00ednh x\u00e1c cao v\u1edbi b\u1ed9 nh\u1edb t\u00edch h\u1ee3p:<\/strong>\u00a0\u0110\u1ea3m b\u1ea3o k\u1ebft qu\u1ea3 \u0111o \u0111\u00e1ng tin c\u1eady v\u00e0 l\u01b0u tr\u1eef d\u1eef li\u1ec7u ngay tr\u00ean thi\u1ebft b\u1ecb.<\/li>\n<li data-sourcepos=\"4:1-4:87\"><strong>K\u1ebft n\u1ed1i kh\u00f4ng d\u00e2y:<\/strong>\u00a0Truy\u1ec1n d\u1eef li\u1ec7u thu\u1eadn ti\u1ec7n v\u00e0 nhanh ch\u00f3ng m\u00e0 kh\u00f4ng c\u1ea7n c\u00e1p n\u1ed1i.<\/li>\n<li data-sourcepos=\"5:1-5:95\"><strong>Th\u1eddi gian ph\u1ea3n h\u1ed3i nhanh:<\/strong>\u00a0Th\u00edch h\u1ee3p cho vi\u1ec7c l\u1ea5y m\u1eabu v\u00e0 \u0111o l\u01b0\u1eddng theo chi\u1ec1u s\u00e2u li\u00ean t\u1ee5c.<\/li>\n<li data-sourcepos=\"6:1-6:104\"><strong>T\u00edch h\u1ee3p d\u1ec5 d\u00e0ng v\u00e0o h\u1ec7 th\u1ed1ng gi\u00e1m s\u00e1t:<\/strong>\u00a0D\u00f9ng cho n\u01b0\u1edbc bi\u1ec3n, n\u01b0\u1edbc c\u1eeda s\u00f4ng, n\u01b0\u1edbc ng\u1ecdt v\u00e0 n\u01b0\u1edbc ng\u1ea7m.<\/li>\n<li data-sourcepos=\"7:1-8:0\"><strong>Sonde v\u00e0 c\u1ea3m bi\u1ebfn th\u00f4ng minh:<\/strong>\u00a0Thay \u0111\u1ed5i c\u1ea5u h\u00ecnh d\u1ec5 d\u00e0ng, ph\u00f9 h\u1ee3p v\u1edbi nhi\u1ec1u \u1ee9ng d\u1ee5ng kh\u00e1c nhau ch\u1ec9 trong v\u00e0i ph\u00fat.<\/li>\n<\/ul>\n<h3 data-sourcepos=\"9:1-9:23\">C\u1ea3m bi\u1ebfn th\u00f4ng minh:<\/h3>\n<ul data-sourcepos=\"11:1-34:0\">\n<li data-sourcepos=\"11:1-11:22\">\u0110\u1ed9 d\u1eabn \u0111i\u1ec7n\/Nhi\u1ec7t \u0111\u1ed9<\/li>\n<li data-sourcepos=\"12:1-12:13\">Oxy h\u00f2a tan (DO)<\/li>\n<li data-sourcepos=\"13:1-13:40\">Ch\u1ea5t h\u1eefu c\u01a1 h\u00f2a tan hu\u1ef3nh quang (fDOM)<\/li>\n<li data-sourcepos=\"14:1-14:53\">\u0110i\u1ec7n c\u1ef1c ion ch\u1ecdn l\u1ecdc (Ammonium, Chloride, Nitrate)<\/li>\n<li data-sourcepos=\"15:1-15:36\">pH (c\u00f3 m\u00e0n ch\u1eafn v\u00e0 kh\u00f4ng m\u00e0n ch\u1eafn)<\/li>\n<li data-sourcepos=\"16:1-16:46\">pH &amp; ORP (c\u00f3 m\u00e0n ch\u1eafn v\u00e0 kh\u00f4ng m\u00e0n ch\u1eafn)<\/li>\n<li data-sourcepos=\"17:1-17:11\">Rhodamine<\/li>\n<li data-sourcepos=\"18:1-18:54\">T\u1ed5ng t\u1ea3o (Chlorophyll + Phycocyanin + Phycoerythrin)<\/li>\n<li data-sourcepos=\"19:1-19:8\">\u0110\u1ed9 \u0111\u1ee5c<\/li>\n<\/ul>\n<h3><strong>C\u00e1c th\u00f4ng s\u1ed1 \u0111o kh\u00e1c:<\/strong><\/h3>\n<ul>\n<li style=\"list-style-type: none;\">\n<ul data-sourcepos=\"21:5-34:0\">\n<li data-sourcepos=\"21:5-21:23\">\u00c1p su\u1ea5t tuy\u1ec7t \u0111\u1ed1i<\/li>\n<li data-sourcepos=\"22:5-22:14\">Ammoniac<\/li>\n<li data-sourcepos=\"23:5-23:12\">\u0110\u1ed9 s\u00e2u<\/li>\n<li data-sourcepos=\"24:5-24:20\">DO%<\/li>\n<li data-sourcepos=\"25:5-25:17\">\u00c1p su\u1ea5t \u0111o<\/li>\n<li data-sourcepos=\"26:5-26:21\">\u0110\u1ed9 d\u1eabn \u0111i\u1ec7n nLF<\/li>\n<li data-sourcepos=\"27:5-27:33\">B\u1ee9c x\u1ea1 quang t\u1ed5ng h\u1ee3p (PAR)<\/li>\n<li data-sourcepos=\"28:5-28:19\">\u0110i\u1ec7n tr\u1edf su\u1ea5t<\/li>\n<li data-sourcepos=\"29:5-29:12\">\u0110\u1ed9 m\u1eb7n<\/li>\n<li data-sourcepos=\"30:5-30:23\">\u0110\u1ed9 d\u1eabn \u0111i\u1ec7n ri\u00eang<\/li>\n<li data-sourcepos=\"31:5-31:27\">T\u1ed5ng ch\u1ea5t r\u1eafn h\u00f2a tan<\/li>\n<li data-sourcepos=\"32:5-32:27\">T\u1ed5ng ch\u1ea5t r\u1eafn l\u01a1 l\u1eedng<\/li>\n<li data-sourcepos=\"33:5-34:0\">M\u1eadt \u0111\u1ed9 n\u01b0\u1edbc<\/li>\n<\/ul>\n<\/li>\n<\/ul>\n","protected":false},"featured_media":2656,"comment_status":"open","ping_status":"closed","template":"","meta":[],"product_cat":[15],"product_tag":[],"acf":[],"lang":"vi","translations":{"vi":2649,"en":2650},"pll_sync_post":[],"_links":{"self":[{"href":"https:\/\/demo9.thuythu.vn\/reeco\/wp-json\/wp\/v2\/product\/2649"}],"collection":[{"href":"https:\/\/demo9.thuythu.vn\/reeco\/wp-json\/wp\/v2\/product"}],"about":[{"href":"https:\/\/demo9.thuythu.vn\/reeco\/wp-json\/wp\/v2\/types\/product"}],"replies":[{"embeddable":true,"href":"https:\/\/demo9.thuythu.vn\/reeco\/wp-json\/wp\/v2\/comments?post=2649"}],"wp:featuredmedia":[{"embeddable":true,"href":"https:\/\/demo9.thuythu.vn\/reeco\/wp-json\/wp\/v2\/media\/2656"}],"wp:attachment":[{"href":"https:\/\/demo9.thuythu.vn\/reeco\/wp-json\/wp\/v2\/media?parent=2649"}],"wp:term":[{"taxonomy":"product_cat","embeddable":true,"href":"https:\/\/demo9.thuythu.vn\/reeco\/wp-json\/wp\/v2\/product_cat?post=2649"},{"taxonomy":"product_tag","embeddable":true,"href":"https:\/\/demo9.thuythu.vn\/reeco\/wp-json\/wp\/v2\/product_tag?post=2649"}],"curies":[{"name":"wp","href":"https:\/\/api.w.org\/{rel}","templated":true}]}}