{"id":2629,"date":"2024-01-13T09:34:26","date_gmt":"2024-01-13T09:34:26","guid":{"rendered":"https:\/\/demo9.thuythu.vn\/reeco\/?post_type=product&#038;p=2629"},"modified":"2024-01-13T09:43:03","modified_gmt":"2024-01-13T09:43:03","slug":"he-thong-aanderaa-seaguard-string-system","status":"publish","type":"product","link":"https:\/\/demo9.thuythu.vn\/reeco\/san-pham\/he-thong-aanderaa-seaguard-string-system\/","title":{"rendered":"H\u1ec7 th\u1ed1ng Aanderaa SEAGUARD\u00ae String System"},"content":{"rendered":"","protected":false},"excerpt":{"rendered":"<p>Model: SEAGUARD\u00ae String System<\/p>\n<p><i>Manufacturer: AANDERAA<\/i><\/p>\n<p><i>Made in Nauy<\/i><\/p>\n<p>B\u1ed9 thu Aanderaa SEAGUARD\u00ae String Logger l\u00e0 m\u00f4 \u0111un c\u01a1 b\u1ea3n c\u1ee7a h\u1ec7 th\u1ed1ng SEAGUARD\u00ae String System. B\u1ed9 thu SEAGUARD\u00ae String Logger c\u00f3 kh\u1ea3 n\u0103ng x\u1eed l\u00fd m\u1ed9t s\u1ed1 l\u01b0\u1ee3ng l\u1edbn c\u00e1c c\u1ea3m bi\u1ebfn. D\u1eef li\u1ec7u \u0111\u01b0\u1ee3c l\u01b0u tr\u1eef trong th\u1ebb SD n\u1ed9i b\u1ed9 ho\u1eb7c \u0111\u01b0\u1ee3c chuy\u1ec3n trong th\u1eddi gian th\u1ef1c th\u00f4ng qua c\u00e1p.<\/p>\n<p>\u01afu \u0111i\u1ec3m c\u1ee7a h\u1ec7 th\u1ed1ng SEAGUARD\u00ae String System:<\/p>\n<ul>\n<li>S\u1eed d\u1ee5ng trong m\u00f4i tr\u01b0\u1eddng n\u01b0\u1edbc bi\u1ec3n v\u00e0 n\u01b0\u1edbc s\u1ea1ch<\/li>\n<li>V\u00f4 c\u00f9ng linh ho\u1ea1t; \u0111\u0103ng k\u00fd d\u1eef li\u1ec7u t\u1eeb l\u00ean \u0111\u1ebfn 25 \u0111i\u1ec3m n\u00fat<\/li>\n<li>V\u1ecb tr\u00ed \u0111\u1ea7u ra do kh\u00e1ch h\u00e0ng ch\u1ec9 \u0111\u1ecbnh<\/li>\n<li>G\u00e1 k\u1eb9p c\u1ed1 \u0111\u1ecbnh b\u1ea3o v\u1ec7 v\u1edbi thi\u1ebft k\u1ebf th\u1ee7y \u0111\u1ed9ng l\u1ef1c h\u1ecdc<\/li>\n<li>C\u1ea5u h\u00ecnh c\u1ea3m bi\u1ebfn c\u1eafm v\u00e0 ch\u1ea1y<\/li>\n<li>L\u00ean \u0111\u1ebfn 4 \u0111\u1ea7u v\u00e0o c\u1ea3m bi\u1ebfn analog (0-5V) (t\u00f9y ch\u1ecdn)<\/li>\n<li>Chi\u1ec1u d\u00e0i c\u00e1p l\u00ean \u0111\u1ebfn 300m<\/li>\n<li>RAM m\u1edf r\u1ed9ng cho s\u1ed1 l\u01b0\u1ee3ng l\u1edbn c\u00e1c \u0111i\u1ec3m n\u00fat<\/li>\n<li>Kh\u1ea3 n\u0103ng l\u01b0u tr\u1eef l\u1edbn tr\u00ean th\u1ebb SD<\/li>\n<li>\u0110\u1ea7u ra XML th\u1eddi gian th\u1ef1c RS-422 (t\u00f9y ch\u1ecdn)<\/li>\n<li>Chu k\u1ef3 ghi ng\u1eafn<\/li>\n<li>M\u1ed7i v\u1ecb tr\u00ed \u0111\u1ea7u ra c\u00f3 th\u1ec3 ch\u1ee9a 2 b\u1ed9 c\u1ea3m bi\u1ebfn b\u00ean trong<\/li>\n<li>Giao di\u1ec7n Windows CE, m\u00e0n h\u00ecnh hi\u1ec3n th\u1ecb m\u00e0u<\/li>\n<li>Ph\u1ea7n m\u1ec1m \u0111\u1ed3 h\u1ecda SEAGUARD\u00ae Studio<\/li>\n<li>c\u00e1c phi\u00ean b\u1ea3n 300m\/2000m\/6000m<\/li>\n<li>Ngu\u1ed3n \u0111i\u1ec7n cung c\u1ea5p ngo\u00e0i 12 &#8211; 30V \u0111\u01b0\u1ee3c \u0111i\u1ec1u ch\u1ec9nh b\u00ean trong th\u00e0nh 11,6V<\/li>\n<li>C\u00f3 th\u1ec3 k\u1ebft n\u1ed1i c\u00e1c c\u1ea3m bi\u1ebfn t\u00f9y ch\u1ecdn v\u1edbi \u0111\u1ea7u n\u1ed1i (l\u00ean \u0111\u1ebfn 3m) c\u00f3 ho\u1eb7c kh\u00f4ng c\u00f3 \u0111\u1ea7u n\u1ed1i \u0111i\u1ec7n c\u00f3 th\u1ec3 ti\u1ebfp x\u00fac d\u01b0\u1edbi n\u01b0\u1edbc<\/li>\n<li>\u0110\u01b0\u1eddng d\u1eabn giao ti\u1ebfp AiCaP \u0111\u1ec3 t\u1ef1 \u0111\u1ed9ng ph\u00e1t hi\u1ec7n v\u00e0 nh\u1eadn d\u1ea1ng c\u00e1c c\u1ea3m bi\u1ebfn b\u1eadt \u0111i\u1ec7n<\/li>\n<li>\u00cdt b\u1ea3o d\u01b0\u1ee1ng<\/li>\n<\/ul>\n","protected":false},"featured_media":2630,"comment_status":"open","ping_status":"closed","template":"","meta":[],"product_cat":[15],"product_tag":[],"acf":[],"lang":"vi","translations":{"vi":2629,"en":2633},"pll_sync_post":[],"_links":{"self":[{"href":"https:\/\/demo9.thuythu.vn\/reeco\/wp-json\/wp\/v2\/product\/2629"}],"collection":[{"href":"https:\/\/demo9.thuythu.vn\/reeco\/wp-json\/wp\/v2\/product"}],"about":[{"href":"https:\/\/demo9.thuythu.vn\/reeco\/wp-json\/wp\/v2\/types\/product"}],"replies":[{"embeddable":true,"href":"https:\/\/demo9.thuythu.vn\/reeco\/wp-json\/wp\/v2\/comments?post=2629"}],"wp:featuredmedia":[{"embeddable":true,"href":"https:\/\/demo9.thuythu.vn\/reeco\/wp-json\/wp\/v2\/media\/2630"}],"wp:attachment":[{"href":"https:\/\/demo9.thuythu.vn\/reeco\/wp-json\/wp\/v2\/media?parent=2629"}],"wp:term":[{"taxonomy":"product_cat","embeddable":true,"href":"https:\/\/demo9.thuythu.vn\/reeco\/wp-json\/wp\/v2\/product_cat?post=2629"},{"taxonomy":"product_tag","embeddable":true,"href":"https:\/\/demo9.thuythu.vn\/reeco\/wp-json\/wp\/v2\/product_tag?post=2629"}],"curies":[{"name":"wp","href":"https:\/\/api.w.org\/{rel}","templated":true}]}}