{"id":2622,"date":"2024-01-13T09:13:28","date_gmt":"2024-01-13T09:13:28","guid":{"rendered":"https:\/\/demo9.thuythu.vn\/reeco\/?post_type=product&#038;p=2622"},"modified":"2024-01-13T09:42:32","modified_gmt":"2024-01-13T09:42:32","slug":"thiet-bi-do-dong-chay-tu-ghi-du-lieu-rcm-blue","status":"publish","type":"product","link":"https:\/\/demo9.thuythu.vn\/reeco\/san-pham\/thiet-bi-do-dong-chay-tu-ghi-du-lieu-rcm-blue\/","title":{"rendered":"Thi\u1ebft b\u1ecb \u0111o d\u00f2ng ch\u1ea3y t\u1ef1 ghi d\u1eef li\u1ec7u RCM Blue"},"content":{"rendered":"","protected":false},"excerpt":{"rendered":"<p>Model: RCM Blue<\/p>\n<p><i>Manufacturer: AANDERAA<\/i><\/p>\n<p><i>Made in Nauy<\/i><\/p>\n<p><strong>T\u00ednh n\u0103ng ch\u00ednh<\/strong><\/p>\n<ul>\n<li>L\u01b0u tr\u1eef d\u1eef li\u1ec7u n\u1ed9i b\u1ed9<\/li>\n<li>L\u1eadp c\u1ea5u h\u00ecnh v\u00e0 kh\u00f4i ph\u1ee5c d\u1eef li\u1ec7u b\u1eb1ng c\u00e1ch s\u1eed d\u1ee5ng Bluetooth<\/li>\n<li>Ng\u0103n ch\u1ee9a \u1eafc quy v\u1edbi c\u00f4ng su\u1ea5t l\u00ean \u0111\u1ebfn 70Ah<\/li>\n<li>\u0110\u00e8n LED ngo\u1ea1i vi v\u1edbi m\u00e3 m\u00e0u b\u00e1o tr\u1ea1ng th\u00e1i<\/li>\n<li>\u0110\u01b0\u1ee3c bao g\u1ed3m ph\u1ea7n m\u1ec1m cho vi\u1ec7c l\u1eadp c\u1ea5u h\u00ecnh v\u00e0 kh\u00f4i ph\u1ee5c d\u1eef li\u1ec7u c\u00f9ng v\u1edbi b\u1ed9 chuy\u1ec3n \u0111\u1ed5i USB sang Bluetooth<\/li>\n<li>C\u00f4ng ngh\u1ec7 \u00e2m h\u1ecdc \u0111a t\u1ea7n Zpulse \u0111\u1ed9c \u0111\u00e1o gi\u00fap c\u1ea3i thi\u1ec7n ch\u1ea5t l\u01b0\u1ee3ng d\u1eef li\u1ec7u, t\u1ed1c \u0111\u1ed9 l\u1ea5y m\u1eabu v\u00e0 gi\u1ea3m m\u1ee9c ti\u00eau th\u1ee5 \u0111i\u1ec7n n\u0103ng<\/li>\n<li>La b\u00e0n 3 tr\u1ee5c th\u1ec3 r\u1eafn l\u1eafp s\u1eb5n v\u00e0 c\u1ea3m bi\u1ebfn \u0111\u1ed9 nghi\u00eang s\u1eed d\u1ee5ng thu\u1eadt to\u00e1n b\u00f9<\/li>\n<li>M\u00e0n h\u00ecnh hi\u1ec3n th\u1ecb tr\u1ef1c ti\u1ebfp d\u1eef li\u1ec7u k\u1ef9 thu\u1eadt<\/li>\n<li>T\u1ef7 l\u1ec7 l\u1ea5y m\u1eabu nhanh<\/li>\n<li>Ti\u00eau th\u1ee5 \u0111i\u1ec7n n\u0103ng th\u1ea5p<\/li>\n<li>Kh\u00f4ng nh\u1ea1y c\u1ea3m nh\u1eefng n\u01a1i b\u1ea9n<\/li>\n<li>C\u1ea7n \u00edt b\u1ea3o d\u01b0\u1ee1ng<\/li>\n<\/ul>\n","protected":false},"featured_media":2626,"comment_status":"open","ping_status":"closed","template":"","meta":[],"product_cat":[15],"product_tag":[],"acf":[],"lang":"vi","translations":{"vi":2622,"en":2628},"pll_sync_post":[],"_links":{"self":[{"href":"https:\/\/demo9.thuythu.vn\/reeco\/wp-json\/wp\/v2\/product\/2622"}],"collection":[{"href":"https:\/\/demo9.thuythu.vn\/reeco\/wp-json\/wp\/v2\/product"}],"about":[{"href":"https:\/\/demo9.thuythu.vn\/reeco\/wp-json\/wp\/v2\/types\/product"}],"replies":[{"embeddable":true,"href":"https:\/\/demo9.thuythu.vn\/reeco\/wp-json\/wp\/v2\/comments?post=2622"}],"wp:featuredmedia":[{"embeddable":true,"href":"https:\/\/demo9.thuythu.vn\/reeco\/wp-json\/wp\/v2\/media\/2626"}],"wp:attachment":[{"href":"https:\/\/demo9.thuythu.vn\/reeco\/wp-json\/wp\/v2\/media?parent=2622"}],"wp:term":[{"taxonomy":"product_cat","embeddable":true,"href":"https:\/\/demo9.thuythu.vn\/reeco\/wp-json\/wp\/v2\/product_cat?post=2622"},{"taxonomy":"product_tag","embeddable":true,"href":"https:\/\/demo9.thuythu.vn\/reeco\/wp-json\/wp\/v2\/product_tag?post=2622"}],"curies":[{"name":"wp","href":"https:\/\/api.w.org\/{rel}","templated":true}]}}