{"id":2617,"date":"2024-01-13T08:55:27","date_gmt":"2024-01-13T08:55:27","guid":{"rendered":"https:\/\/demo9.thuythu.vn\/reeco\/?post_type=product&#038;p=2617"},"modified":"2024-01-18T08:09:42","modified_gmt":"2024-01-18T01:09:42","slug":"thiet-bi-do-dong-chay-seaguard-ii-dcp","status":"publish","type":"product","link":"https:\/\/demo9.thuythu.vn\/reeco\/san-pham\/thiet-bi-do-dong-chay-seaguard-ii-dcp\/","title":{"rendered":"Thi\u1ebft b\u1ecb \u0111o d\u00f2ng ch\u1ea3y SeaGuard II DCP"},"content":{"rendered":"","protected":false},"excerpt":{"rendered":"<p><span style=\"font-weight: 400;\">Model: SeaGuard II DCP<\/span><\/p>\n<p><i><span style=\"font-weight: 400;\">Manufacturer: AANDERAA<\/span><\/i><\/p>\n<p><i><span style=\"font-weight: 400;\">Made in Nauy<\/span><\/i><\/p>\n<p>C\u00f3 th\u1ec3 t\u00edch h\u1ee3p nhi\u1ec1u c\u1ea3m bi\u1ebfn th\u00f4ng minh Aanderaa g\u1ed3m nhi\u1ec7t \u0111\u1ed9, \u00e1p su\u1ea5t, \u0111\u1ed9 d\u1eabn \u0111i\u1ec7n, oxy, s\u00f3ng, th\u1ee7y tri\u1ec1u v\u00e0 \u0111\u1ed9 \u0111\u1ee5c.<\/p>\n<p><strong>\u1ee8ng d\u1ee5ng<\/strong><\/p>\n<ul>\n<li>L\u1eafp \u0111\u1eb7t tr\u00ean tr\u1ea1m phao bi\u1ec3n, \u0111o \u0111\u1ea1c profile d\u00f2ng ch\u1ea3y theo t\u1ea7ng s\u00e2u<\/li>\n<li>L\u1eafp \u0111\u1eb7t tr\u00ean c\u00e1c tr\u1ea1m, h\u1ec7 th\u1ed1ng kh\u00ed t\u01b0\u1ee3ng th\u1ee7y v\u0103n.<\/li>\n<li>Tri\u1ec3n khai chu\u1ed7i \u0111o \u0111\u1ea1c tr\u00ean d\u00e2y neo theo d\u1ea1ng \u0111o t\u1eeb tr\u00ean h\u01b0\u1edbng xu\u1ed1ng<\/li>\n<li>K\u1ebft h\u1ee3p hai sensor \u0111o d\u00f2ng ch\u1ea3y, m\u1ed9t h\u01b0\u1edbng t\u1eeb tr\u00ean xu\u1ed1ng v\u00e0 m\u1ed9t h\u01b0\u1edbng t\u1eeb d\u01b0\u1edbi l\u00ean, v\u00e0o m\u1ed9t thi\u1ebft b\u1ecb nh\u1eb1m t\u0103ng d\u1ea3i profile d\u00f2ng ch\u1ea3y.<\/li>\n<li>Quan tr\u1eafc gi\u00e1m s\u00e1t \u0111a th\u00f4ng s\u1ed1 m\u00f4i tr\u01b0\u1eddng \u2013 v\u1eadt l\u00fd \u2013 h\u1ea3i d\u01b0\u01a1ng h\u1ecdc b\u1eb1ng chu\u1ed7i sensor<\/li>\n<li>Thi\u1ebft l\u1eadp c\u00e1c \u0111i\u1ec3m \u0111o \u0111\u1ea1c li\u00ean t\u1ee5c d\u00f2ng ch\u1ea3y t\u1eeb d\u01b0\u1edbi \u0111\u00e1y bi\u1ec3n (k\u1ebft h\u1ee3p v\u1edbi khung neo \u0111\u00e1y).<\/li>\n<\/ul>\n","protected":false},"featured_media":2618,"comment_status":"open","ping_status":"closed","template":"","meta":[],"product_cat":[15],"product_tag":[],"acf":[],"lang":"vi","translations":{"vi":2617,"en":2621},"pll_sync_post":[],"_links":{"self":[{"href":"https:\/\/demo9.thuythu.vn\/reeco\/wp-json\/wp\/v2\/product\/2617"}],"collection":[{"href":"https:\/\/demo9.thuythu.vn\/reeco\/wp-json\/wp\/v2\/product"}],"about":[{"href":"https:\/\/demo9.thuythu.vn\/reeco\/wp-json\/wp\/v2\/types\/product"}],"replies":[{"embeddable":true,"href":"https:\/\/demo9.thuythu.vn\/reeco\/wp-json\/wp\/v2\/comments?post=2617"}],"wp:featuredmedia":[{"embeddable":true,"href":"https:\/\/demo9.thuythu.vn\/reeco\/wp-json\/wp\/v2\/media\/2618"}],"wp:attachment":[{"href":"https:\/\/demo9.thuythu.vn\/reeco\/wp-json\/wp\/v2\/media?parent=2617"}],"wp:term":[{"taxonomy":"product_cat","embeddable":true,"href":"https:\/\/demo9.thuythu.vn\/reeco\/wp-json\/wp\/v2\/product_cat?post=2617"},{"taxonomy":"product_tag","embeddable":true,"href":"https:\/\/demo9.thuythu.vn\/reeco\/wp-json\/wp\/v2\/product_tag?post=2617"}],"curies":[{"name":"wp","href":"https:\/\/api.w.org\/{rel}","templated":true}]}}