{"id":2609,"date":"2024-01-13T08:24:52","date_gmt":"2024-01-13T08:24:52","guid":{"rendered":"https:\/\/demo9.thuythu.vn\/reeco\/?post_type=product&#038;p=2609"},"modified":"2024-01-18T08:10:25","modified_gmt":"2024-01-18T01:10:25","slug":"thiet-bi-do-toc-do-dong-chay-phan-giai-cao-seaguard-rcm","status":"publish","type":"product","link":"https:\/\/demo9.thuythu.vn\/reeco\/san-pham\/thiet-bi-do-toc-do-dong-chay-phan-giai-cao-seaguard-rcm\/","title":{"rendered":"Thi\u1ebft b\u1ecb \u0111o t\u1ed1c \u0111\u1ed9 d\u00f2ng ch\u1ea3y ph\u00e2n gi\u1ea3i cao SEAGUARD\u00ae RCM"},"content":{"rendered":"","protected":false},"excerpt":{"rendered":"<p><em>Model: SEAGUARD RCM<\/em><\/p>\n<p><em>H\u00e3ng: AANDERAA<\/em><\/p>\n<p><em>Xu\u1ea5t x\u1ee9: Na Uy<\/em><\/p>\n<p><strong>Thi\u1ebft b\u1ecb \u0111o d\u00f2ng ch\u1ea3y <\/strong>SEAGUARD RCM c\u1ee7a AANDERAA (Na-Uy) s\u1eed d\u1ee5ng \u0111\u1ec3 \u0111o c\u00e1c th\u00f4ng s\u1ed1 d\u00f2ng ch\u1ea3y ngo\u00e0i bi\u1ec3n t\u1ea1i c\u00e1c t\u1ea7ng c\u00f3 \u0111\u1ed9 s\u00e2u l\u00ean t\u1edbi 6000m. C\u00f3 kh\u1ea3 n\u0103ng ti\u0301ch h\u01a1\u0323p v\u1edbi ca\u0301c c\u1ea3m bi\u1ebfn kh\u00e1c nh\u01b0 \u0110\u1ed9 d\u1eabn (C) \u2013 Nhi\u1ec7t \u0111\u1ed9 (T) \u2013 \u0110\u1ed9 s\u00e2u (D).<\/p>\n<ul>\n<li>Dung l\u01b0\u1ee3ng l\u01b0u tr\u1eef l\u1edbn tr\u00ean th\u1ebb nh\u1edb SD<\/li>\n<li>Sensor \u0111o d\u00f2ng bang th\u00f4ng r\u1ed9ng v\u1edbi c\u00f4ng ngh\u1ec7 \u0111a t\u1ea7n s\u1ed1 gi\u00fap gi\u1ea3m n\u0103ng l\u01b0\u1ee3ng ti\u00eau th\u1ee5 v\u00e0 tang ch\u1ea5t l\u01b0\u1ee3ng t\u00edn hi\u1ec7u.<\/li>\n<li>Chu k\u1ef3 ghi gi\u1ea3m c\u00f2n \u00a02 gi\u00e2y<\/li>\n<li>S\u1eed d\u1ee5ng trong m\u00f4i tr\u01b0\u1eddng n\u01b0\u1edbc bi\u1ec3n v\u00e0 n\u01b0\u1edbc ng\u1ecdt<\/li>\n<li>D\u00f2ng c\u1ef1c m\u00e1ng th\u1ea5p<\/li>\n<li>L\u00ean t\u1edbi 4 \u0111\u1ea7u v\u00e0o sensor analog (0-5V)<\/li>\n<li>Windows CE tr\u00ean datalogger v\u1edbi m\u00e0n h\u00ecnh TFT d\u1ef1a tr\u00ean b\u1ea3ng \u0111i\u1ec1u khi\u1ec3n c\u1ea3m \u1ee9ng m\u00e0u \u0111\u1ec3 thi\u1ebft l\u1eadp c\u1ea5u h\u00ecnh.<\/li>\n<li>Ph\u1ea7n m\u1ec1m hi\u1ec3n th\u1ecb SeaGuard Studio<\/li>\n<li>C\u00f3 th\u1ec3 k\u1ebft h\u1ee3p v\u1edbi b\u1ed9 real-time collector \u0111\u1ec3 truy\u1ec1n d\u1eef li\u1ec7u th\u1eddi gian th\u1ef1c<\/li>\n<\/ul>\n","protected":false},"featured_media":2611,"comment_status":"open","ping_status":"closed","template":"","meta":[],"product_cat":[15],"product_tag":[],"acf":[],"lang":"vi","translations":{"vi":2609,"en":2615},"pll_sync_post":[],"_links":{"self":[{"href":"https:\/\/demo9.thuythu.vn\/reeco\/wp-json\/wp\/v2\/product\/2609"}],"collection":[{"href":"https:\/\/demo9.thuythu.vn\/reeco\/wp-json\/wp\/v2\/product"}],"about":[{"href":"https:\/\/demo9.thuythu.vn\/reeco\/wp-json\/wp\/v2\/types\/product"}],"replies":[{"embeddable":true,"href":"https:\/\/demo9.thuythu.vn\/reeco\/wp-json\/wp\/v2\/comments?post=2609"}],"wp:featuredmedia":[{"embeddable":true,"href":"https:\/\/demo9.thuythu.vn\/reeco\/wp-json\/wp\/v2\/media\/2611"}],"wp:attachment":[{"href":"https:\/\/demo9.thuythu.vn\/reeco\/wp-json\/wp\/v2\/media?parent=2609"}],"wp:term":[{"taxonomy":"product_cat","embeddable":true,"href":"https:\/\/demo9.thuythu.vn\/reeco\/wp-json\/wp\/v2\/product_cat?post=2609"},{"taxonomy":"product_tag","embeddable":true,"href":"https:\/\/demo9.thuythu.vn\/reeco\/wp-json\/wp\/v2\/product_tag?post=2609"}],"curies":[{"name":"wp","href":"https:\/\/api.w.org\/{rel}","templated":true}]}}