{"id":2599,"date":"2024-01-13T07:23:33","date_gmt":"2024-01-13T07:23:33","guid":{"rendered":"https:\/\/demo9.thuythu.vn\/reeco\/?post_type=product&#038;p=2599"},"modified":"2024-01-13T09:41:26","modified_gmt":"2024-01-13T09:41:26","slug":"thiet-bi-do-do-dan-nhiet-do-ap-suat-seaguard-ctd","status":"publish","type":"product","link":"https:\/\/demo9.thuythu.vn\/reeco\/san-pham\/thiet-bi-do-do-dan-nhiet-do-ap-suat-seaguard-ctd\/","title":{"rendered":"Thi\u1ebft b\u1ecb \u0111o ghi \u0111\u1ed9 d\u1eabn, nhi\u1ec7t \u0111\u1ed9, \u00e1p su\u1ea5t SEAGUARD\u00ae CTD"},"content":{"rendered":"","protected":false},"excerpt":{"rendered":"<p><span style=\"font-weight: 400;\">Model: Seaguard CTD<\/span><\/p>\n<p><i><span style=\"font-weight: 400;\">Manufacturer: AANDERAA<\/span><\/i><\/p>\n<p><i><span style=\"font-weight: 400;\">Made in Nauy<\/span><\/i><\/p>\n<ul>\n<li><span style=\"font-weight: 400;\">Thi\u1ebft b\u1ecb \u0111o d\u1ed9 d\u1eabn, nhi\u1ec7t \u0111\u1ed9, \u00e1p su\u1ea5t t\u1ef1 ghi<\/span><\/li>\n<li><span style=\"font-weight: 400;\">\u0110\u1ed9 ph\u00e2n gi\u1ea3i s\u1ed1 li\u1ec7u cao<\/span><\/li>\n<li><span style=\"font-weight: 400;\">Kh\u1ea3 n\u0103ng l\u01b0u tr\u1eef l\u1edbn tr\u00ean th\u1ebb SD.<\/span><\/li>\n<li><span style=\"font-weight: 400;\">Chu k\u1ef3 ghi xu\u1ed1ng c\u00f2n 2 gi\u00e2y.<\/span><\/li>\n<li><span style=\"font-weight: 400;\">T\u00edch h\u1ee3p \u0111\u01b0\u1ee3c 4 \u0111\u1ea7u v\u00e0o c\u1ea3m bi\u1ebfn analog (0 \u2013 5V).<\/span><\/li>\n<li><span style=\"font-weight: 400;\">S\u1eed d\u1ee5ng trong m\u00f4i tr\u01b0\u1eddng n\u01b0\u1edbc bi\u1ec3n v\u00e0 n\u01b0\u1edbc ng\u1ecdt.<\/span><\/li>\n<li><span style=\"font-weight: 400;\">D\u00f2ng \u0111i\u1ec7n ti\u00eau th\u1ee5 th\u1ea5p.<\/span><\/li>\n<li><span style=\"font-weight: 400;\">Ph\u1ea7n m\u1ec1m SEAGUARD\u00ae Studio hi\u1ec3n th\u1ecb s\u1ed1 li\u1ec7u v\u00e0 v\u1ebd bi\u1ec3u \u0111\u1ed3 \u0111o \u0111\u1ea1c.<\/span><\/li>\n<li><span style=\"font-weight: 400;\">D\u1eef li\u1ec7u \u0111\u1ea7u ra XML theo th\u1eddi gian th\u1ef1c.<\/span><\/li>\n<li><span style=\"font-weight: 400;\">C\u00f4ng ngh\u1ec7 \u0111a t\u1ea7n ZPulse b\u0103ng th\u00f4ng r\u1ed9ng gi\u00fap gi\u1ea3m m\u1ee9c ti\u00eau th\u1ee5 \u0111i\u1ec7n v\u00e0 c\u1ea3i thi\u1ec7n ch\u1ea5t l\u01b0\u1ee3ng.<\/span><\/li>\n<li><span style=\"font-weight: 400;\">C\u1ea3m bi\u1ebfn k\u1ebft n\u1ed1i v\u1edbi nhau d\u1ef1a tr\u00ean giao th\u1ee9c CANbus (AiCaP)<\/span><\/li>\n<li><span style=\"font-weight: 400;\">Datalogger t\u00edch h\u1ee3p m\u00e0n h\u00ecnh c\u1ea3m d\u1ec5 d\u00e0ng \u0111i\u1ec1u ch\u1ec9nh th\u00f4ng s\u1ed1 khi tri\u1ec3n khai \u0111o \u0111\u1ea1c.<\/span><\/li>\n<li><span style=\"font-weight: 400;\">\u0110\u1ed9 s\u00e2u c\u00f3 th\u1ec3 \u0111o: 300m, 2000m v\u00e0 6000m<\/span><\/li>\n<li><span style=\"font-weight: 400;\">C\u1ea3m bi\u1ebfn \u0111o d\u00f2ng ch\u1ea3y Doppler \u00e2m t\u00e1n x\u1ea1, c\u00f3 2 tr\u1ee5c transducer v\u1edbi 2 transducer tr\u00ean m\u1ed7i tr\u1ee5c. \u0110i\u1ec1u n\u00e0y mang l\u1ea1i l\u1ee3i th\u1ebf l\u1edbn l\u00e0 kh\u1ea3 n\u0103ng \u0111o \u0111\u01b0\u1ee3c c\u1ea3 2 h\u01b0\u1edbng tr\u00ean m\u1ed7i tr\u1ee5c.<\/span><\/li>\n<li><span style=\"font-weight: 400;\">Ph\u01b0\u01a1ng ph\u00e1p s\u1eed d\u1ee5ng 2 transducer ng\u01b0\u1ee3c h\u01b0\u1edbng nhau gi\u00fap k\u1ebft qu\u1ea3 \u0111o kh\u00f4ng b\u1ecb \u1ea3nh h\u01b0\u1edfng b\u1edfi t\u00e1c \u0111\u1ed9ng xoay sensor xung quanh c\u00e1p v\u00e0 xung quanh b\u1ea3n th\u00e2n sensor.<\/span><\/li>\n<li><span style=\"font-weight: 400;\">D\u1eef li\u1ec7u ch\u00ednh x\u00e1c cao, \u0111\u01b0\u1ee3c t\u00ednh to\u00e1n b\u00f9 g\u00f3c nghi\u00eang<\/span><\/li>\n<\/ul>\n","protected":false},"featured_media":2604,"comment_status":"open","ping_status":"closed","template":"","meta":[],"product_cat":[15],"product_tag":[],"acf":[],"lang":"vi","translations":{"vi":2599,"en":2607},"pll_sync_post":[],"_links":{"self":[{"href":"https:\/\/demo9.thuythu.vn\/reeco\/wp-json\/wp\/v2\/product\/2599"}],"collection":[{"href":"https:\/\/demo9.thuythu.vn\/reeco\/wp-json\/wp\/v2\/product"}],"about":[{"href":"https:\/\/demo9.thuythu.vn\/reeco\/wp-json\/wp\/v2\/types\/product"}],"replies":[{"embeddable":true,"href":"https:\/\/demo9.thuythu.vn\/reeco\/wp-json\/wp\/v2\/comments?post=2599"}],"wp:featuredmedia":[{"embeddable":true,"href":"https:\/\/demo9.thuythu.vn\/reeco\/wp-json\/wp\/v2\/media\/2604"}],"wp:attachment":[{"href":"https:\/\/demo9.thuythu.vn\/reeco\/wp-json\/wp\/v2\/media?parent=2599"}],"wp:term":[{"taxonomy":"product_cat","embeddable":true,"href":"https:\/\/demo9.thuythu.vn\/reeco\/wp-json\/wp\/v2\/product_cat?post=2599"},{"taxonomy":"product_tag","embeddable":true,"href":"https:\/\/demo9.thuythu.vn\/reeco\/wp-json\/wp\/v2\/product_tag?post=2599"}],"curies":[{"name":"wp","href":"https:\/\/api.w.org\/{rel}","templated":true}]}}