{"id":2592,"date":"2024-01-13T06:59:13","date_gmt":"2024-01-13T06:59:13","guid":{"rendered":"https:\/\/demo9.thuythu.vn\/reeco\/?post_type=product&#038;p=2592"},"modified":"2024-01-13T09:40:53","modified_gmt":"2024-01-13T09:40:53","slug":"cam-bien-do-huong-va-toc-do-dong-chay","status":"publish","type":"product","link":"https:\/\/demo9.thuythu.vn\/reeco\/san-pham\/cam-bien-do-huong-va-toc-do-dong-chay\/","title":{"rendered":"C\u1ea3m bi\u1ebfn \u0111o h\u01b0\u1edbng v\u00e0 t\u1ed1c \u0111\u1ed9 d\u00f2ng ch\u1ea3y"},"content":{"rendered":"","protected":false},"excerpt":{"rendered":"<p><span style=\"font-weight: 400;\">Model: ZPulse\u00ae Doppler Current Sensor<\/span><\/p>\n<p><i><span style=\"font-weight: 400;\">Manufacturer: AANDERAA<\/span><\/i><\/p>\n<p><i><span style=\"font-weight: 400;\">Made in Na Uy<\/span><\/i><\/p>\n<ul>\n<li style=\"font-weight: 400;\" aria-level=\"1\"><span style=\"font-weight: 400;\">\u0110o h\u01b0\u1edbng d\u00f2ng ch\u1ea3y 1 t\u1ea7ng<\/span><\/li>\n<li style=\"font-weight: 400;\" aria-level=\"1\"><span style=\"font-weight: 400;\">\u0110o t\u1ed1c d\u1ed9 d\u00f2ng ch\u1ea3y 1 t\u1ea7ng<\/span><\/li>\n<\/ul>\n<p data-sourcepos=\"1:2-1:22\"><strong>\u0110\u1eb6C T\u00cdNH S\u1ea2N PH\u1ea8M<\/strong><\/p>\n<ul data-sourcepos=\"3:1-13:41\">\n<li data-sourcepos=\"3:1-3:29\">\u0110\u1ed9 s\u00e2u 300m, 4500m v\u00e0 6000m<\/li>\n<li data-sourcepos=\"4:1-4:50\">La b\u00e0n t\u00edch h\u1ee3p 3 tr\u1ee5c tr\u1ea1ng th\u00e1i r\u1eafn b\u00f9 nghi\u00eang<\/li>\n<li data-sourcepos=\"5:1-5:34\">B\u00f9 h\u01b0\u1edbng v\u00e0 nghi\u00eang cho m\u1ed7i ping<\/li>\n<li data-sourcepos=\"6:1-6:28\">Kh\u00f4ng nh\u1ea1y c\u1ea3m v\u1edbi b\u00e1m b\u1ea9n<\/li>\n<li data-sourcepos=\"7:1-7:22\">Nhu c\u1ea7u b\u1ea3o tr\u00ec th\u1ea5p<\/li>\n<li data-sourcepos=\"8:1-8:32\">\u0110\u1ecdc tr\u1ef1c ti\u1ebfp d\u1eef li\u1ec7u k\u1ef9 thu\u1eadt<\/li>\n<li data-sourcepos=\"9:1-9:46\">Kho\u1ea3ng th\u1eddi gian xu\u1ea5t t\u1eeb \u200b\u200b30 gi\u00e2y \u0111\u1ebfn 2 gi\u1edd<\/li>\n<li data-sourcepos=\"10:1-10:78\">Ng\u00f5 ra RS-232 \/ RS-422 \u0111\u1ec3 t\u00edch h\u1ee3p v\u1edbi h\u1ea7u h\u1ebft c\u00e1c Datalogger c\u1ee7a b\u00ean th\u1ee9 ba<\/li>\n<li data-sourcepos=\"11:1-11:44\">\u0110\u1ea7u ra c\u00f3 th\u1ec3 c\u1ea5u h\u00ecnh \u0111\u1ec3 d\u1ec5 d\u00e0ng t\u00edch h\u1ee3p<\/li>\n<li data-sourcepos=\"12:1-12:47\">K\u00edch th\u01b0\u1edbc \u00f4 c\u00f3 th\u1ec3 l\u1ef1a ch\u1ecdn t\u1eeb 0,5 \u0111\u1ebfn 5 m\u00e9t<\/li>\n<li data-sourcepos=\"13:1-13:41\">T\u1ed1i \u0111a 150 \u00f4 ri\u00eang l\u1ebb chia th\u00e0nh ba c\u1ed9t<\/li>\n<\/ul>\n","protected":false},"featured_media":2596,"comment_status":"open","ping_status":"closed","template":"","meta":[],"product_cat":[15],"product_tag":[750,748],"acf":[],"lang":"vi","translations":{"vi":2592,"en":2598},"pll_sync_post":[],"_links":{"self":[{"href":"https:\/\/demo9.thuythu.vn\/reeco\/wp-json\/wp\/v2\/product\/2592"}],"collection":[{"href":"https:\/\/demo9.thuythu.vn\/reeco\/wp-json\/wp\/v2\/product"}],"about":[{"href":"https:\/\/demo9.thuythu.vn\/reeco\/wp-json\/wp\/v2\/types\/product"}],"replies":[{"embeddable":true,"href":"https:\/\/demo9.thuythu.vn\/reeco\/wp-json\/wp\/v2\/comments?post=2592"}],"wp:featuredmedia":[{"embeddable":true,"href":"https:\/\/demo9.thuythu.vn\/reeco\/wp-json\/wp\/v2\/media\/2596"}],"wp:attachment":[{"href":"https:\/\/demo9.thuythu.vn\/reeco\/wp-json\/wp\/v2\/media?parent=2592"}],"wp:term":[{"taxonomy":"product_cat","embeddable":true,"href":"https:\/\/demo9.thuythu.vn\/reeco\/wp-json\/wp\/v2\/product_cat?post=2592"},{"taxonomy":"product_tag","embeddable":true,"href":"https:\/\/demo9.thuythu.vn\/reeco\/wp-json\/wp\/v2\/product_tag?post=2592"}],"curies":[{"name":"wp","href":"https:\/\/api.w.org\/{rel}","templated":true}]}}