{"id":2586,"date":"2024-01-13T06:40:36","date_gmt":"2024-01-13T06:40:36","guid":{"rendered":"https:\/\/demo9.thuythu.vn\/reeco\/?post_type=product&#038;p=2586"},"modified":"2024-01-18T08:10:58","modified_gmt":"2024-01-18T01:10:58","slug":"bo-thiet-bi-do-profile-dong-chay-song-va-thuy-trieu","status":"publish","type":"product","link":"https:\/\/demo9.thuythu.vn\/reeco\/san-pham\/bo-thiet-bi-do-profile-dong-chay-song-va-thuy-trieu\/","title":{"rendered":"B\u1ed9 thi\u1ebft b\u1ecb \u0111o Profile d\u00f2ng ch\u1ea3y, s\u00f3ng v\u00e0 th\u1ee7y tri\u1ec1u SeaGuardII DCP Wave"},"content":{"rendered":"","protected":false},"excerpt":{"rendered":"<p><span style=\"font-weight: 400;\">Model: SeaGuardII DCP Wave<\/span><\/p>\n<p><i><span style=\"font-weight: 400;\">Manufacturer: AANDERAA<\/span><\/i><\/p>\n<p><i><span style=\"font-weight: 400;\">Made in Nauy<\/span><\/i><\/p>\n<ul>\n<li style=\"font-weight: 400;\" aria-level=\"1\"><span style=\"font-weight: 400;\">Thi\u1ebft b\u1ecb \u0111o Profile d\u00f2ng ch\u1ea3y, s\u00f3ng v\u00e0 th\u1ee7y tri\u1ec1u v\u00e0 c\u00e1c ch\u1ec9 ti\u00eau m\u00f4i tr\u01b0\u1eddng bi\u1ec3n<\/span><\/li>\n<li aria-level=\"1\"><span style=\"font-weight: 400;\">\u0110o s\u00f3ng v\u00e0 d\u00f2ng ch\u1ea3y \u0111\u1ed9c l\u1eadp<\/span><\/li>\n<li aria-level=\"1\"><span style=\"font-weight: 400;\">So s\u00e1nh d\u1eef li\u1ec7u x\u00e1c th\u1ef1c t\u1ea1i hi\u1ec7n tr\u01b0\u1eddng v\u1edbi MOTUS float, Datawell<\/span><\/li>\n<li aria-level=\"1\"><span style=\"font-weight: 400;\">\u0110o s\u00f3ng t\u1eeb centimet \u0111\u1ebfn 20m<\/span><\/li>\n<li aria-level=\"1\"><span style=\"font-weight: 400;\">L\u1ea5y m\u1eabu s\u00f3ng 2Hz ho\u1eb7c 4Hz<\/span><\/li>\n<li aria-level=\"1\"><span style=\"font-weight: 400;\">X\u1eed l\u00fd song song t\u1ed1i \u0111a ba c\u1ed9t, cung c\u1ea5p thi\u1ebft l\u1eadp linh ho\u1ea1t v\u1edbi c\u1ea3 c\u00e1c \u00f4 \u0111\u01b0\u1ee3c tham chi\u1ebfu tr\u00ean b\u1ec1 m\u1eb7t v\u00e0 c\u00e1c \u00f4 \u0111\u01b0\u1ee3c tham chi\u1ebfu d\u01b0\u1edbi c\u00f9ng.<\/span><\/li>\n<\/ul>\n","protected":false},"featured_media":2587,"comment_status":"open","ping_status":"closed","template":"","meta":[],"product_cat":[15],"product_tag":[],"acf":[],"lang":"vi","translations":{"vi":2586,"en":2590},"pll_sync_post":[],"_links":{"self":[{"href":"https:\/\/demo9.thuythu.vn\/reeco\/wp-json\/wp\/v2\/product\/2586"}],"collection":[{"href":"https:\/\/demo9.thuythu.vn\/reeco\/wp-json\/wp\/v2\/product"}],"about":[{"href":"https:\/\/demo9.thuythu.vn\/reeco\/wp-json\/wp\/v2\/types\/product"}],"replies":[{"embeddable":true,"href":"https:\/\/demo9.thuythu.vn\/reeco\/wp-json\/wp\/v2\/comments?post=2586"}],"wp:featuredmedia":[{"embeddable":true,"href":"https:\/\/demo9.thuythu.vn\/reeco\/wp-json\/wp\/v2\/media\/2587"}],"wp:attachment":[{"href":"https:\/\/demo9.thuythu.vn\/reeco\/wp-json\/wp\/v2\/media?parent=2586"}],"wp:term":[{"taxonomy":"product_cat","embeddable":true,"href":"https:\/\/demo9.thuythu.vn\/reeco\/wp-json\/wp\/v2\/product_cat?post=2586"},{"taxonomy":"product_tag","embeddable":true,"href":"https:\/\/demo9.thuythu.vn\/reeco\/wp-json\/wp\/v2\/product_tag?post=2586"}],"curies":[{"name":"wp","href":"https:\/\/api.w.org\/{rel}","templated":true}]}}