{"id":2581,"date":"2024-01-13T06:20:59","date_gmt":"2024-01-13T06:20:59","guid":{"rendered":"https:\/\/demo9.thuythu.vn\/reeco\/?post_type=product&#038;p=2581"},"modified":"2024-01-13T06:25:34","modified_gmt":"2024-01-13T06:25:34","slug":"datalogger-thu-thap-va-truyen-du-lieu","status":"publish","type":"product","link":"https:\/\/demo9.thuythu.vn\/reeco\/san-pham\/datalogger-thu-thap-va-truyen-du-lieu\/","title":{"rendered":"Datalogger thu th\u1eadp v\u00e0 truy\u1ec1n d\u1eef li\u1ec7u"},"content":{"rendered":"","protected":false},"excerpt":{"rendered":"<p><span style=\"font-weight: 400;\">Model: SmartGuard<\/span><\/p>\n<p><i><span style=\"font-weight: 400;\">Manufacturer: AANDERAA<\/span><\/i><\/p>\n<p><i><span style=\"font-weight: 400;\">Made in Nauy<\/span><\/i><\/p>\n<ul>\n<li style=\"font-weight: 400;\" aria-level=\"1\"><span style=\"font-weight: 400;\">Data logger thu th\u1eadp v\u00e0 truy\u1ec1n d\u1eef li\u1ec7u<\/span><\/li>\n<li aria-level=\"1\"><span style=\"font-weight: 400;\">T\u00ednh linh ho\u1ea1t cao: x\u1eed l\u00fd t\u1ea5t c\u1ea3 c\u00e1c sensor d\u01b0\u1edbi n\u01b0\u1edbc v\u00e0 trong kh\u00f4ng kh\u00ed<\/span><\/li>\n<li aria-level=\"1\"><span style=\"font-weight: 400;\">C\u00e0i \u0111\u1eb7t c\u1ea5u h\u00ecnh d\u1ec5 d\u00e0ng, linh ho\u1ea1t b\u1eb1ng ph\u1ea7n m\u1ec1m m\u00e1y t\u00ednh<\/span><\/li>\n<li aria-level=\"1\"><span style=\"font-weight: 400;\">T\u00edch h\u1ee3p ho\u00e0n to\u00e0n v\u1edbi h\u1ec7 th\u1ed1ng l\u1ea5y m\u1eabu th\u1eddi gian th\u1ef1c c\u1ee7a Aanderaa<\/span><\/li>\n<li aria-level=\"1\"><span style=\"font-weight: 400;\">Kh\u1ea3 n\u0103ng k\u1ebft n\u1ed1i AiCap Bus v\u1edbi 50 sensor, bao g\u1ed3m 300m d\u00e2y<\/span><\/li>\n<li aria-level=\"1\"><span style=\"font-weight: 400;\">Kh\u1ea3 n\u0103ng k\u1ebft n\u1ed1i h\u1ea7u h\u1ebft c\u00e1c lo\u1ea1i sensor c\u1ee7a b\u00ean th\u1ee9 3: c\u00e1c sensor lo\u1ea1i RS-232\/RS-422, analog, digital<\/span><\/li>\n<\/ul>\n","protected":false},"featured_media":2583,"comment_status":"open","ping_status":"closed","template":"","meta":[],"product_cat":[15],"product_tag":[],"acf":[],"lang":"vi","translations":{"vi":2581,"en":2585},"pll_sync_post":[],"_links":{"self":[{"href":"https:\/\/demo9.thuythu.vn\/reeco\/wp-json\/wp\/v2\/product\/2581"}],"collection":[{"href":"https:\/\/demo9.thuythu.vn\/reeco\/wp-json\/wp\/v2\/product"}],"about":[{"href":"https:\/\/demo9.thuythu.vn\/reeco\/wp-json\/wp\/v2\/types\/product"}],"replies":[{"embeddable":true,"href":"https:\/\/demo9.thuythu.vn\/reeco\/wp-json\/wp\/v2\/comments?post=2581"}],"wp:featuredmedia":[{"embeddable":true,"href":"https:\/\/demo9.thuythu.vn\/reeco\/wp-json\/wp\/v2\/media\/2583"}],"wp:attachment":[{"href":"https:\/\/demo9.thuythu.vn\/reeco\/wp-json\/wp\/v2\/media?parent=2581"}],"wp:term":[{"taxonomy":"product_cat","embeddable":true,"href":"https:\/\/demo9.thuythu.vn\/reeco\/wp-json\/wp\/v2\/product_cat?post=2581"},{"taxonomy":"product_tag","embeddable":true,"href":"https:\/\/demo9.thuythu.vn\/reeco\/wp-json\/wp\/v2\/product_tag?post=2581"}],"curies":[{"name":"wp","href":"https:\/\/api.w.org\/{rel}","templated":true}]}}