{"id":2563,"date":"2024-01-13T04:00:33","date_gmt":"2024-01-13T04:00:33","guid":{"rendered":"https:\/\/demo9.thuythu.vn\/reeco\/?post_type=product&#038;p=2563"},"modified":"2024-01-18T16:05:12","modified_gmt":"2024-01-18T09:05:12","slug":"cam-bien-do-song-dat-tren-phao","status":"publish","type":"product","link":"https:\/\/demo9.thuythu.vn\/reeco\/san-pham\/cam-bien-do-song-dat-tren-phao\/","title":{"rendered":"C\u1ea3m bi\u1ebfn \u0111o s\u00f3ng \u0111\u1eb7t tr\u00ean phao"},"content":{"rendered":"","protected":false},"excerpt":{"rendered":"<p><span style=\"font-weight: 400;\">Model: Motus<\/span><\/p>\n<p><i><span style=\"font-weight: 400;\">Manufacturer: AANDERAA<\/span><\/i><\/p>\n<p><i><span style=\"font-weight: 400;\">Made in Na Uy<\/span><\/i><\/p>\n<p data-sourcepos=\"3:1-3:56\"><strong>Ba t\u00ednh n\u0103ng n\u1ed5i b\u1eadt c\u1ee7a c\u1ea3m bi\u1ebfn MOTUS Stand-Alone:<\/strong><\/p>\n<ol>\n<li style=\"list-style-type: none;\">\n<ol data-sourcepos=\"5:1-9:278\">\n<li data-sourcepos=\"5:1-6:0\">\n<p data-sourcepos=\"5:4-5:268\"><strong>Kh\u1ea3 n\u0103ng b\u00f9 tr\u1eeb cho c\u00e1c phao l\u1edbn:<\/strong> \u0110\u1ed1i v\u1edbi c\u00e1c phao l\u1edbn h\u01a1n, kh\u1ea3 n\u0103ng ph\u1ea3n h\u1ed3i v\u1edbi c\u00e1c b\u01b0\u1edbc s\u00f3ng ng\u1eafn c\u00f3 th\u1ec3 b\u1ecb h\u1ea1n ch\u1ebf. Tuy nhi\u00ean, c\u1ea3m bi\u1ebfn MOTUS c\u00f3 th\u1ec3 b\u00f9 \u0111\u1eafp m\u1ed9t ph\u1ea7n cho v\u1ea5n \u0111\u1ec1 n\u00e0y b\u1eb1ng c\u00e1ch k\u00edch ho\u1ea1t v\u00e0 \u0111i\u1ec1u ch\u1ec9nh ch\u1ee9c n\u0103ng truy\u1ec1n d\u1eef li\u1ec7u \u0111\u01b0\u1ee3c t\u00edch h\u1ee3p s\u1eb5n.<\/p>\n<\/li>\n<li data-sourcepos=\"7:1-8:0\">\n<p data-sourcepos=\"7:4-7:214\"><strong>Linh ho\u1ea1t trong v\u1ecb tr\u00ed l\u1eafp \u0111\u1eb7t:<\/strong> C\u1ea3m bi\u1ebfn c\u00f3 th\u1ec3 \u0111\u01b0\u1ee3c \u0111\u1eb7t \u1edf nh\u1eefng v\u1ecb tr\u00ed kh\u00f4ng l\u00fd t\u01b0\u1edfng tr\u00ean phao. T\u00ednh n\u0103ng b\u00f9 l\u1ec7ch t\u00e2m c\u00f3 th\u1ec3 \u0111\u01b0\u1ee3c k\u00edch ho\u1ea1t \u0111\u1ec3 lo\u1ea1i b\u1ecf c\u00e1c sai s\u1ed1, trong m\u1ed9t s\u1ed1 tr\u01b0\u1eddng h\u1ee3p c\u00f3 th\u1ec3 l\u00e0 \u0111\u00e1ng k\u1ec3.<\/p>\n<\/li>\n<li data-sourcepos=\"9:1-9:278\">\n<p data-sourcepos=\"9:4-9:278\"><strong>T\u01b0\u01a1ng th\u00edch v\u1edbi la b\u00e0n ngo\u00e0i:<\/strong> C\u00e1c phao c\u00f3 th\u1ec3 c\u00f3 c\u00e1c b\u1ed9 ph\u1eadn t\u1eeb t\u00ednh \u1ea3nh h\u01b0\u1edfng \u0111\u1ebfn c\u1ea3m bi\u1ebfn s\u00f3ng v\u00e0 c\u00e1c c\u1ea3m bi\u1ebfn kh\u00e1c y\u00eau c\u1ea7u t\u1eeb k\u1ebf ho\u1eb7c la b\u00e0n. C\u1ea3m bi\u1ebfn MOTUS c\u00f3 th\u1ec3 nh\u1eadn tr\u1ef1c ti\u1ebfp t\u00edn hi\u1ec7u t\u1eeb la b\u00e0n ngo\u00e0i v\u00e0 s\u1eed d\u1ee5ng t\u00edn hi\u1ec7u n\u00e0y \u0111\u1ec3 \u0111\u1ea3m b\u1ea3o d\u1eef li\u1ec7u h\u01b0\u1edbng s\u00f3ng ch\u00ednh x\u00e1c.<\/p>\n<\/li>\n<\/ol>\n<\/li>\n<\/ol>\n","protected":false},"featured_media":2566,"comment_status":"open","ping_status":"closed","template":"","meta":[],"product_cat":[15],"product_tag":[],"acf":[],"lang":"vi","translations":{"vi":2563,"en":2567},"pll_sync_post":[],"_links":{"self":[{"href":"https:\/\/demo9.thuythu.vn\/reeco\/wp-json\/wp\/v2\/product\/2563"}],"collection":[{"href":"https:\/\/demo9.thuythu.vn\/reeco\/wp-json\/wp\/v2\/product"}],"about":[{"href":"https:\/\/demo9.thuythu.vn\/reeco\/wp-json\/wp\/v2\/types\/product"}],"replies":[{"embeddable":true,"href":"https:\/\/demo9.thuythu.vn\/reeco\/wp-json\/wp\/v2\/comments?post=2563"}],"wp:featuredmedia":[{"embeddable":true,"href":"https:\/\/demo9.thuythu.vn\/reeco\/wp-json\/wp\/v2\/media\/2566"}],"wp:attachment":[{"href":"https:\/\/demo9.thuythu.vn\/reeco\/wp-json\/wp\/v2\/media?parent=2563"}],"wp:term":[{"taxonomy":"product_cat","embeddable":true,"href":"https:\/\/demo9.thuythu.vn\/reeco\/wp-json\/wp\/v2\/product_cat?post=2563"},{"taxonomy":"product_tag","embeddable":true,"href":"https:\/\/demo9.thuythu.vn\/reeco\/wp-json\/wp\/v2\/product_tag?post=2563"}],"curies":[{"name":"wp","href":"https:\/\/api.w.org\/{rel}","templated":true}]}}