{"id":2557,"date":"2024-01-13T03:36:37","date_gmt":"2024-01-13T03:36:37","guid":{"rendered":"https:\/\/demo9.thuythu.vn\/reeco\/?post_type=product&#038;p=2557"},"modified":"2024-01-13T03:44:08","modified_gmt":"2024-01-13T03:44:08","slug":"cam-bien-do-oxy-hoa-tan","status":"publish","type":"product","link":"https:\/\/demo9.thuythu.vn\/reeco\/san-pham\/cam-bien-do-oxy-hoa-tan\/","title":{"rendered":"C\u1ea3m bi\u1ebfn \u0111o oxy h\u00f2a tan"},"content":{"rendered":"","protected":false},"excerpt":{"rendered":"<p><span style=\"font-weight: 400;\">Model: 4330<\/span><\/p>\n<p><i><span style=\"font-weight: 400;\">Manufacturer: AANDERAA<\/span><\/i><\/p>\n<p><i><span style=\"font-weight: 400;\">Made in Nauy<\/span><\/i><\/p>\n<ul>\n<li style=\"font-weight: 400;\" aria-level=\"1\"><span style=\"font-weight: 400;\">\u0110o th\u00f4ng s\u1ed1 oxy h\u00f2a tan trong n\u01b0\u1edbc<\/span><\/li>\n<li aria-level=\"1\">Cung c\u1ea5p d\u1eef li\u1ec7u oxy g\u1ea7n nh\u01b0 t\u1ee9c th\u1eddi &lt;8 gi\u00e2y<\/li>\n<li aria-level=\"1\">C\u00e1c ph\u00e9p \u0111o \u0111\u00e1ng tin c\u1eady v\u00e0 ph\u00f9 h\u1ee3p v\u1edbi th\u1ef1c t\u1ebf<\/li>\n<li aria-level=\"1\">Ti\u1ebft ki\u1ec7m th\u1eddi gian v\u00e0 chi ph\u00ed b\u1ea3o tr\u00ec<\/li>\n<li aria-level=\"1\">\u0110o n\u1ed3ng \u0111\u1ed9 oxy tuy\u1ec7t \u0111\u1ed1i v\u00e0 \u0111\u1ed9 \u1ed5n \u0111\u1ecbnh l\u00e2u d\u00e0i<\/li>\n<li aria-level=\"1\">C\u00f3 th\u1ec3 ho\u1ea1t \u0111\u1ed9ng trong m\u00f4i tr\u01b0\u1eddng n\u01b0\u1edbc n\u00f3ng<\/li>\n<li aria-level=\"1\">Th\u00edch h\u1ee3p cho m\u00f4i tr\u01b0\u1eddng c\u00f3 kh\u00ed hydro sunfua<\/li>\n<li aria-level=\"1\">Ho\u1ea1t \u0111\u1ed9ng trong m\u1ecdi \u0111i\u1ec1u ki\u1ec7n th\u1eddi ti\u1ebft<\/li>\n<\/ul>\n","protected":false},"featured_media":2560,"comment_status":"open","ping_status":"closed","template":"","meta":[],"product_cat":[15],"product_tag":[],"acf":[],"lang":"vi","translations":{"vi":2557,"en":2558},"pll_sync_post":[],"_links":{"self":[{"href":"https:\/\/demo9.thuythu.vn\/reeco\/wp-json\/wp\/v2\/product\/2557"}],"collection":[{"href":"https:\/\/demo9.thuythu.vn\/reeco\/wp-json\/wp\/v2\/product"}],"about":[{"href":"https:\/\/demo9.thuythu.vn\/reeco\/wp-json\/wp\/v2\/types\/product"}],"replies":[{"embeddable":true,"href":"https:\/\/demo9.thuythu.vn\/reeco\/wp-json\/wp\/v2\/comments?post=2557"}],"wp:featuredmedia":[{"embeddable":true,"href":"https:\/\/demo9.thuythu.vn\/reeco\/wp-json\/wp\/v2\/media\/2560"}],"wp:attachment":[{"href":"https:\/\/demo9.thuythu.vn\/reeco\/wp-json\/wp\/v2\/media?parent=2557"}],"wp:term":[{"taxonomy":"product_cat","embeddable":true,"href":"https:\/\/demo9.thuythu.vn\/reeco\/wp-json\/wp\/v2\/product_cat?post=2557"},{"taxonomy":"product_tag","embeddable":true,"href":"https:\/\/demo9.thuythu.vn\/reeco\/wp-json\/wp\/v2\/product_tag?post=2557"}],"curies":[{"name":"wp","href":"https:\/\/api.w.org\/{rel}","templated":true}]}}