{"id":2553,"date":"2024-01-13T03:04:57","date_gmt":"2024-01-13T03:04:57","guid":{"rendered":"https:\/\/demo9.thuythu.vn\/reeco\/?post_type=product&#038;p=2553"},"modified":"2024-01-13T03:15:35","modified_gmt":"2024-01-13T03:15:35","slug":"cam-bien-do-nhiet-do","status":"publish","type":"product","link":"https:\/\/demo9.thuythu.vn\/reeco\/san-pham\/cam-bien-do-nhiet-do\/","title":{"rendered":"C\u1ea3m bi\u1ebfn \u0111o nhi\u1ec7t \u0111\u1ed9"},"content":{"rendered":"","protected":false},"excerpt":{"rendered":"<p><span style=\"font-weight: 400;\">Model: 4060\/4060R<\/span><\/p>\n<p><i><span style=\"font-weight: 400;\">Manufacturer: AANDERAA<\/span><\/i><\/p>\n<p><i><span style=\"font-weight: 400;\">Made in Nauy<\/span><\/i><\/p>\n<ul>\n<li style=\"font-weight: 400;\" aria-level=\"1\"><span style=\"font-weight: 400;\">\u0110o th\u00f4ng s\u1ed1 nhi\u1ec7t \u0111\u1ed9 n\u01b0\u1edbc<\/span><\/li>\n<li aria-level=\"1\">C\u00f4ng ngh\u1ec7 Smart Sensor<\/li>\n<li aria-level=\"1\">H\u1ec7 s\u1ed1 hi\u1ec7u chu\u1ea9n l\u01b0u tr\u1eef trong c\u1ea3m bi\u1ebfn<\/li>\n<li aria-level=\"1\">\u0110\u1ed9 s\u00e2u ch\u1ecbu \u00e1p su\u1ea5t 6000 m\u00e9t<\/li>\n<li aria-level=\"1\">D\u1ec5 d\u00e0ng c\u00e0i \u0111\u1eb7t v\u00e0 s\u1eed d\u1ee5ng, ch\u1ec9 c\u1ea7n c\u1eafm v\u00e0 d\u00f9ng<\/li>\n<li aria-level=\"1\">Cung c\u1ea5p d\u1eef li\u1ec7u nhi\u1ec7t \u0111\u1ed9 g\u1ea7n nh\u01b0 t\u1ee9c th\u1eddi, d\u01b0\u1edbi 2 gi\u00e2y<\/li>\n<li aria-level=\"1\">B\u1ec1n b\u1ec9 v\u00e0 ch\u1eafc ch\u1eafn<\/li>\n<li aria-level=\"1\">\u0110\u1ed9 ph\u00e2n gi\u1ea3i cao: 0.001\u00baC<\/li>\n<li aria-level=\"1\">\u0110\u1ecbnh d\u1ea1ng \u0111\u1ea7u ra linh ho\u1ea1t: AiCaP CANbus, RS-232 (4060) v\u00e0 RS-422 (4060R) cho kh\u1ea3 n\u0103ng t\u01b0\u01a1ng th\u00edch v\u1edbi nhi\u1ec1u h\u1ec7 th\u1ed1ng<\/li>\n<\/ul>\n","protected":false},"featured_media":2554,"comment_status":"open","ping_status":"closed","template":"","meta":[],"product_cat":[15],"product_tag":[],"acf":[],"lang":"vi","translations":{"vi":2553,"en":2556},"pll_sync_post":[],"_links":{"self":[{"href":"https:\/\/demo9.thuythu.vn\/reeco\/wp-json\/wp\/v2\/product\/2553"}],"collection":[{"href":"https:\/\/demo9.thuythu.vn\/reeco\/wp-json\/wp\/v2\/product"}],"about":[{"href":"https:\/\/demo9.thuythu.vn\/reeco\/wp-json\/wp\/v2\/types\/product"}],"replies":[{"embeddable":true,"href":"https:\/\/demo9.thuythu.vn\/reeco\/wp-json\/wp\/v2\/comments?post=2553"}],"wp:featuredmedia":[{"embeddable":true,"href":"https:\/\/demo9.thuythu.vn\/reeco\/wp-json\/wp\/v2\/media\/2554"}],"wp:attachment":[{"href":"https:\/\/demo9.thuythu.vn\/reeco\/wp-json\/wp\/v2\/media?parent=2553"}],"wp:term":[{"taxonomy":"product_cat","embeddable":true,"href":"https:\/\/demo9.thuythu.vn\/reeco\/wp-json\/wp\/v2\/product_cat?post=2553"},{"taxonomy":"product_tag","embeddable":true,"href":"https:\/\/demo9.thuythu.vn\/reeco\/wp-json\/wp\/v2\/product_tag?post=2553"}],"curies":[{"name":"wp","href":"https:\/\/api.w.org\/{rel}","templated":true}]}}