{"id":2529,"date":"2024-01-11T02:17:15","date_gmt":"2024-01-11T02:17:15","guid":{"rendered":"https:\/\/demo9.thuythu.vn\/reeco\/?post_type=product&#038;p=2529"},"modified":"2024-01-13T02:19:49","modified_gmt":"2024-01-13T02:19:49","slug":"he-thong-quan-trac-va-thu-nghiem-doc-chat-bang-ca-fishtoximeter-ii","status":"publish","type":"product","link":"https:\/\/demo9.thuythu.vn\/reeco\/san-pham\/he-thong-quan-trac-va-thu-nghiem-doc-chat-bang-ca-fishtoximeter-ii\/","title":{"rendered":"H\u1ec7 th\u1ed1ng quan tr\u1eafc v\u00e0 th\u1eed nghi\u1ec7m \u0111\u1ed9c ch\u1ea5t b\u1eb1ng c\u00e1 FishToximeter II"},"content":{"rendered":"","protected":false},"excerpt":{"rendered":"<p><span style=\"font-weight: 400;\">Fish Toximeter l\u00e0 h\u1ec7 th\u1ed1ng hi\u1ec7u qu\u1ea3 trong vi\u1ec7c ph\u00e1t hi\u1ec7n, c\u1ea3nh b\u00e1o s\u1edbm (Early Warning System &#8211; EWS) v\u00e0 nghi\u00ean c\u1ee9u th\u1eed nghi\u1ec7m c\u00e1c ch\u1ea5t \u0111\u1ed9c trong m\u1ed9i tr\u01b0\u1eddng n\u01b0\u1edbc. H\u1ec7 th\u1ed1ng ho\u1ea1t \u0111\u1ed9ng \u0111\u1ed9c l\u1eadp v\u1edbi kh\u1ea3 n\u0103ng truy\u1ec1n th\u00f4ng tin c\u1ea3nh b\u00e1p v\u00e0 d\u1eef li\u1ec7u quan tr\u1eafc v\u1ec1 trung t\u00e2m ki\u1ec3m so\u00e1t.<\/span><\/p>\n<p><span style=\"font-weight: 400;\">H\u1ec7 th\u1ed1ng quan tr\u1eafc v\u00e0 th\u1eed nghi\u1ec7m \u0111\u1ed9c ch\u1ea5t b\u1eb1ng c\u00e1 ho\u1ea1t \u0111\u1ed9ng d\u1ef1a tr\u00ean c\u00f4ng ngh\u1ec7 quan s\u00e1t v\u00e0 c\u00e1c thu\u1eadt to\u00e1n ph\u00e2n t\u00edch c\u00e1c ki\u1ec3u h\u00e0nh vi chuy\u1ec3n \u0111\u1ed9ng c\u1ee7a c\u00e1. C\u00e1c th\u00f4ng s\u1ed1 t\u00ednh to\u00e1n g\u1ed3m: t\u1ed1c \u0111\u1ed9 b\u01a1i, ph\u00e2n b\u1ed1 t\u1ed1c \u0111\u1ed9, cao \u0111\u1ed9 b\u01a1i, ki\u1ec3u m\u1eabu b\u01a1i, kho\u1ea3ng c\u00e1ch gi\u1eefa c\u00e1c c\u00e1 th\u1ec3, s\u1ed1 l\u01b0\u1ee3ng ho\u1ea1t \u0111\u1ed9ng, k\u00edch th\u01b0\u1edbc c\u00e1 th\u1ec3,..<\/span><\/p>\n","protected":false},"featured_media":2533,"comment_status":"open","ping_status":"closed","template":"","meta":[],"product_cat":[15],"product_tag":[],"acf":[],"lang":"vi","translations":{"vi":2529,"en":2534},"pll_sync_post":[],"_links":{"self":[{"href":"https:\/\/demo9.thuythu.vn\/reeco\/wp-json\/wp\/v2\/product\/2529"}],"collection":[{"href":"https:\/\/demo9.thuythu.vn\/reeco\/wp-json\/wp\/v2\/product"}],"about":[{"href":"https:\/\/demo9.thuythu.vn\/reeco\/wp-json\/wp\/v2\/types\/product"}],"replies":[{"embeddable":true,"href":"https:\/\/demo9.thuythu.vn\/reeco\/wp-json\/wp\/v2\/comments?post=2529"}],"wp:featuredmedia":[{"embeddable":true,"href":"https:\/\/demo9.thuythu.vn\/reeco\/wp-json\/wp\/v2\/media\/2533"}],"wp:attachment":[{"href":"https:\/\/demo9.thuythu.vn\/reeco\/wp-json\/wp\/v2\/media?parent=2529"}],"wp:term":[{"taxonomy":"product_cat","embeddable":true,"href":"https:\/\/demo9.thuythu.vn\/reeco\/wp-json\/wp\/v2\/product_cat?post=2529"},{"taxonomy":"product_tag","embeddable":true,"href":"https:\/\/demo9.thuythu.vn\/reeco\/wp-json\/wp\/v2\/product_tag?post=2529"}],"curies":[{"name":"wp","href":"https:\/\/api.w.org\/{rel}","templated":true}]}}