{"id":2509,"date":"2024-01-13T01:47:10","date_gmt":"2024-01-13T01:47:10","guid":{"rendered":"https:\/\/demo9.thuythu.vn\/reeco\/?post_type=product&#038;p=2509"},"modified":"2024-01-13T01:53:33","modified_gmt":"2024-01-13T01:53:33","slug":"thiet-bi-phat-hien-doc-chat-trong-nuoc-daphtox-ii","status":"publish","type":"product","link":"https:\/\/demo9.thuythu.vn\/reeco\/san-pham\/thiet-bi-phat-hien-doc-chat-trong-nuoc-daphtox-ii\/","title":{"rendered":"Thi\u1ebft b\u1ecb ph\u00e1t hi\u1ec7n \u0111\u1ed9c ch\u1ea5t trong n\u01b0\u1edbc DaphTox II"},"content":{"rendered":"","protected":false},"excerpt":{"rendered":"<p><span style=\"font-weight: 400;\">Model: BG0105.0000<\/span><\/p>\n<p><i><span style=\"font-weight: 400;\">Manufacturer: bbe Moldaenke GmbH<\/span><\/i><\/p>\n<p><i><span style=\"font-weight: 400;\">Made in Germany<\/span><\/i><\/p>\n<p><span style=\"font-weight: 400;\">\u00a0Ph\u00e1t hi\u1ec7n \u0111\u1ed9c ch\u1ea5t trong n\u01b0\u1edbc t\u1eeb c\u00e1c s\u00f4ng, h\u1ed3 (n\u01b0\u1edbc ngu\u1ed3n), nh\u00e0 m\u00e1y, h\u1ec7 th\u1ed1ng ph\u00e2n ph\u1ed1i n\u01b0\u1edbc v\u00e0 n\u01b0\u1edbc tho\u00e1t \u0111\u1ec3 b\u1ea3o v\u1ec7 s\u1ee9c kh\u1ecfe con ng\u01b0\u1eddi.<\/span><\/p>\n<ul>\n<li style=\"font-weight: 400;\" aria-level=\"1\"><span style=\"font-weight: 400;\">Gi\u00e1m s\u00e1t \u0111\u1eadp (th\u1ee7y \u0111i\u1ec7n, th\u1ee7y l\u1ee3i,\u2026)<\/span><\/li>\n<li style=\"font-weight: 400;\" aria-level=\"1\"><span style=\"font-weight: 400;\">\u0110\u00e1nh gi\u00e1 v\u00e0 ph\u00e2n t\u00edch \u0111\u01b0\u1eddng th\u1ee7y\/ h\u00e0ng h\u1ea3i<\/span><\/li>\n<li style=\"font-weight: 400;\" aria-level=\"1\"><span style=\"font-weight: 400;\">Gi\u00e1m s\u00e1t m\u00f4i tr\u01b0\u1eddng chung\\<\/span><\/li>\n<li style=\"font-weight: 400;\" aria-level=\"1\"><span style=\"font-weight: 400;\">\u0110\u00e1nh gi\u00e1 ngu\u1ed3n n\u01b0\u1edbc<\/span><\/li>\n<li style=\"font-weight: 400;\" aria-level=\"1\"><span style=\"font-weight: 400;\">\u0110\u00e1nh gi\u00e1 h\u1ec7 th\u1ed1ng n\u01b0\u1edbc c\u1ea5p sinh ho\u1ea1t<\/span><\/li>\n<\/ul>\n","protected":false},"featured_media":2514,"comment_status":"open","ping_status":"closed","template":"","meta":[],"product_cat":[15],"product_tag":[],"acf":[],"lang":"vi","translations":{"vi":2509,"en":2516},"pll_sync_post":[],"_links":{"self":[{"href":"https:\/\/demo9.thuythu.vn\/reeco\/wp-json\/wp\/v2\/product\/2509"}],"collection":[{"href":"https:\/\/demo9.thuythu.vn\/reeco\/wp-json\/wp\/v2\/product"}],"about":[{"href":"https:\/\/demo9.thuythu.vn\/reeco\/wp-json\/wp\/v2\/types\/product"}],"replies":[{"embeddable":true,"href":"https:\/\/demo9.thuythu.vn\/reeco\/wp-json\/wp\/v2\/comments?post=2509"}],"wp:featuredmedia":[{"embeddable":true,"href":"https:\/\/demo9.thuythu.vn\/reeco\/wp-json\/wp\/v2\/media\/2514"}],"wp:attachment":[{"href":"https:\/\/demo9.thuythu.vn\/reeco\/wp-json\/wp\/v2\/media?parent=2509"}],"wp:term":[{"taxonomy":"product_cat","embeddable":true,"href":"https:\/\/demo9.thuythu.vn\/reeco\/wp-json\/wp\/v2\/product_cat?post=2509"},{"taxonomy":"product_tag","embeddable":true,"href":"https:\/\/demo9.thuythu.vn\/reeco\/wp-json\/wp\/v2\/product_tag?post=2509"}],"curies":[{"name":"wp","href":"https:\/\/api.w.org\/{rel}","templated":true}]}}