{"id":2471,"date":"2024-01-12T08:02:49","date_gmt":"2024-01-12T08:02:49","guid":{"rendered":"https:\/\/demo9.thuythu.vn\/reeco\/?post_type=product&#038;p=2471"},"modified":"2024-01-12T08:05:59","modified_gmt":"2024-01-12T08:05:59","slug":"thiet-bi-do-da-thong-so-phong-thi-nghiem-multilab-4010-2w","status":"publish","type":"product","link":"https:\/\/demo9.thuythu.vn\/reeco\/san-pham\/thiet-bi-do-da-thong-so-phong-thi-nghiem-multilab-4010-2w\/","title":{"rendered":"Thi\u1ebft b\u1ecb \u0111o \u0111a th\u00f4ng s\u1ed1 ph\u00f2ng th\u00ed nghi\u1ec7m Multilab 4010-2W"},"content":{"rendered":"","protected":false},"excerpt":{"rendered":"<p><span style=\"font-weight: 400;\">Model: Multilab 4010-2W; H\u00e3ng s\u1ea3n xu\u1ea5t: YSI &#8211; USA.<\/span><\/p>\n<p><span style=\"font-weight: 400;\">Xu\u1ea5t x\u1ee9: \u0110\u1ee9c.<\/span><\/p>\n<ul>\n<li><span style=\"font-weight: 400;\">Thi\u1ebft b\u1ecb \u0111o \u0111a th\u00f4ng s\u1ed1 ph\u00f2ng th\u00ed nghi\u1ec7m Multilab 4010-2W c\u00f3 kh\u1ea3 n\u0103ng k\u1ebft n\u1ed1i c\u00e1c c\u1ea3m bi\u1ebfn IDS k\u1ef9 thu\u1eadt s\u1ed1 v\u1edbi MultiLab 4010-2 \u0111\u1ec3 \u0111o pH, ORP, \u0111\u1ed9 d\u1eabn \u0111i\u1ec7n, v\u00e0 DO\/BOD trong b\u1ea5t k\u1ef3 h\u1ee3p ch\u1ea5t n\u00e0o. \u0110i\u1ec7n c\u1ef1c ch\u1ecdn ion (ISEs) c\u0169ng c\u00f3 th\u1ec3 k\u1ebft n\u1ed1i v\u1edbi thi\u1ebft b\u1ecb.<\/span><\/li>\n<li style=\"font-weight: 400;\" aria-level=\"1\"><span style=\"font-weight: 400;\">ISEs v\u1edbi s\u1ef1 k\u1ebft n\u1ed1i BNC c\u00f3 th\u1ec3 \u0111\u01b0\u1ee3c k\u1ebft n\u1ed1i v\u1edbi MultiLab 4010-2 v\u00e0 4010-3 b\u1eb1ng m\u1ed9t b\u1ed9 chuy\u1ec3n \u0111\u1ed5i (108132Y) \u0111\u1ec3 chuy\u1ec3n \u0111\u1ed5i m\u1ed9t \u0111\u1ea7u v\u00e0o k\u1ef9 thu\u1eadt s\u1ed1 th\u00e0nh m\u1ed9t \u0111\u1ea7u v\u00e0o BNC analog<\/span><\/li>\n<li style=\"font-weight: 400;\" aria-level=\"1\"><span style=\"font-weight: 400;\">L\u01b0u tr\u1eef d\u1eef li\u1ec7u \u2013 500 b\u1ed9 d\u1eef li\u1ec7u \u1edf ch\u1ebf \u0111\u1ed9 th\u1ee7 c\u00f4ng v\u00e0 10.000 (MultiLab 4010-2 and 4010-3) b\u1ed9 d\u1eef li\u1ec7u \u1edf ch\u1ebf \u0111\u1ed9 ghi nh\u1eadp t\u1ef1 \u0111\u1ed9ng<\/span><\/li>\n<li style=\"font-weight: 400;\" aria-level=\"1\"><span style=\"font-weight: 400;\">Hi\u1ec3n th\u1ecb \u0111\u1ed3 h\u1ecda l\u1edbn, d\u1ec5 \u0111\u1ecdc<\/span><\/li>\n<li style=\"font-weight: 400;\" aria-level=\"1\"><span style=\"font-weight: 400;\">Kh\u1ea3 n\u0103ng t\u1ea1o v\u1ebft GLP (c\u00e1c c\u1ea3m bi\u1ebfn l\u01b0u tr\u1eef theo s\u00ea-ri # v\u00e0 d\u1eef li\u1ec7u hi\u1ec7u chu\u1ea9n)<\/span><\/li>\n<li style=\"font-weight: 400;\" aria-level=\"1\"><span style=\"font-weight: 400;\">C\u00f3 kh\u1ea3 n\u0103ng k\u1ebft n\u1ed1i USB \u0111\u1ec3 qu\u1ea3n l\u00fd d\u1eef li\u1ec7u<\/span><\/li>\n<\/ul>\n","protected":false},"featured_media":2473,"comment_status":"open","ping_status":"closed","template":"","meta":[],"product_cat":[15],"product_tag":[],"acf":[],"lang":"vi","translations":{"vi":2471,"en":2475},"pll_sync_post":[],"_links":{"self":[{"href":"https:\/\/demo9.thuythu.vn\/reeco\/wp-json\/wp\/v2\/product\/2471"}],"collection":[{"href":"https:\/\/demo9.thuythu.vn\/reeco\/wp-json\/wp\/v2\/product"}],"about":[{"href":"https:\/\/demo9.thuythu.vn\/reeco\/wp-json\/wp\/v2\/types\/product"}],"replies":[{"embeddable":true,"href":"https:\/\/demo9.thuythu.vn\/reeco\/wp-json\/wp\/v2\/comments?post=2471"}],"wp:featuredmedia":[{"embeddable":true,"href":"https:\/\/demo9.thuythu.vn\/reeco\/wp-json\/wp\/v2\/media\/2473"}],"wp:attachment":[{"href":"https:\/\/demo9.thuythu.vn\/reeco\/wp-json\/wp\/v2\/media?parent=2471"}],"wp:term":[{"taxonomy":"product_cat","embeddable":true,"href":"https:\/\/demo9.thuythu.vn\/reeco\/wp-json\/wp\/v2\/product_cat?post=2471"},{"taxonomy":"product_tag","embeddable":true,"href":"https:\/\/demo9.thuythu.vn\/reeco\/wp-json\/wp\/v2\/product_tag?post=2471"}],"curies":[{"name":"wp","href":"https:\/\/api.w.org\/{rel}","templated":true}]}}