{"id":2465,"date":"2024-01-12T07:53:44","date_gmt":"2024-01-12T07:53:44","guid":{"rendered":"https:\/\/demo9.thuythu.vn\/reeco\/?post_type=product&#038;p=2465"},"modified":"2024-01-12T07:57:38","modified_gmt":"2024-01-12T07:57:38","slug":"thiet-bi-do-da-thong-so-chat-luong-nuoc-trong-phong-thi-nghiem-4010-3w","status":"publish","type":"product","link":"https:\/\/demo9.thuythu.vn\/reeco\/san-pham\/thiet-bi-do-da-thong-so-chat-luong-nuoc-trong-phong-thi-nghiem-4010-3w\/","title":{"rendered":"Thi\u1ebft b\u1ecb \u0111o \u0111a th\u00f4ng s\u1ed1 ch\u1ea5t l\u01b0\u1ee3ng n\u01b0\u1edbc trong ph\u00f2ng th\u00ed nghi\u1ec7m 4010-3W"},"content":{"rendered":"","protected":false},"excerpt":{"rendered":"<p><span style=\"font-weight: 400;\">Model: Multilab 4010-3W; H\u00e3ng s\u1ea3n xu\u1ea5t: YSI &#8211; USA.<\/span><\/p>\n<p><span style=\"font-weight: 400;\">Xu\u1ea5t x\u1ee9: \u0110\u1ee9c<\/span><\/p>\n<ul>\n<li><span style=\"font-weight: 400;\">Thi\u1ebft b\u1ecb \u0111o \u0111a th\u00f4ng s\u1ed1 ch\u1ea5t l\u01b0\u1ee3ng n\u01b0\u1edbc trong ph\u00f2ng th\u00ed nghi\u1ec7m \u0111\u1ec3 \u0111o pH, ORP, \u0111\u1ed9 d\u1eabn \u0111i\u1ec7n, DO\/BOD v\u00e0 c\u00e1c \u0111i\u1ec7n c\u1ef1c ISE.<\/span><\/li>\n<li style=\"font-weight: 400;\" aria-level=\"1\"><span style=\"font-weight: 400;\">L\u01b0u tr\u1eef d\u1eef li\u1ec7u \u2013 500 b\u1ed9 d\u1eef li\u1ec7u \u1edf ch\u1ebf \u0111\u1ed9 th\u1ee7 c\u00f4ng v\u00e0 10.000 b\u1ed9 d\u1eef li\u1ec7u \u1edf ch\u1ebf \u0111\u1ed9 ghi nh\u1eadp t\u1ef1 \u0111\u1ed9ng<\/span><\/li>\n<li style=\"font-weight: 400;\" aria-level=\"1\"><span style=\"font-weight: 400;\">Hi\u1ec3n th\u1ecb \u0111\u1ed3 h\u1ecda l\u1edbn, d\u1ec5 \u0111\u1ecdc<\/span><\/li>\n<li style=\"font-weight: 400;\" aria-level=\"1\"><span style=\"font-weight: 400;\">M\u00e0n h\u00ecnh m\u00e0u v\u00e0 b\u00e0n ph\u00edm ch\u1ed1ng vi khu\u1ea9n tr\u00ean thi\u1ebft b\u1ecb<\/span><\/li>\n<li style=\"font-weight: 400;\" aria-level=\"1\"><span style=\"font-weight: 400;\">C\u1ea3m bi\u1ebfn th\u00f4ng minh, k\u1ef9 thu\u1eadt s\u1ed1 \u2013 c\u00f3 th\u1ec3 k\u1ebft n\u1ed1i c\u1eafm v\u00e0o l\u00e0 ch\u1ea1y<\/span><\/li>\n<li style=\"font-weight: 400;\" aria-level=\"1\"><span style=\"font-weight: 400;\">Kh\u1ea3 n\u0103ng t\u1ea1o v\u1ebft GLP (c\u00e1c c\u1ea3m bi\u1ebfn l\u01b0u tr\u1eef theo s\u00ea-ri # v\u00e0 d\u1eef li\u1ec7u hi\u1ec7u chu\u1ea9n)<\/span><\/li>\n<li style=\"font-weight: 400;\" aria-level=\"1\"><span style=\"font-weight: 400;\">C\u00f3 kh\u1ea3 n\u0103ng k\u1ebft n\u1ed1i USB \u0111\u1ec3 qu\u1ea3n l\u00fd d\u1eef li\u1ec7u; \u0111\u00e3 bao g\u1ed3m c\u00e1p USB<\/span><\/li>\n<\/ul>\n","protected":false},"featured_media":2468,"comment_status":"open","ping_status":"closed","template":"","meta":[],"product_cat":[15],"product_tag":[720,728,730,726,724,722],"acf":[],"lang":"vi","translations":{"vi":2465,"en":2470},"pll_sync_post":[],"_links":{"self":[{"href":"https:\/\/demo9.thuythu.vn\/reeco\/wp-json\/wp\/v2\/product\/2465"}],"collection":[{"href":"https:\/\/demo9.thuythu.vn\/reeco\/wp-json\/wp\/v2\/product"}],"about":[{"href":"https:\/\/demo9.thuythu.vn\/reeco\/wp-json\/wp\/v2\/types\/product"}],"replies":[{"embeddable":true,"href":"https:\/\/demo9.thuythu.vn\/reeco\/wp-json\/wp\/v2\/comments?post=2465"}],"wp:featuredmedia":[{"embeddable":true,"href":"https:\/\/demo9.thuythu.vn\/reeco\/wp-json\/wp\/v2\/media\/2468"}],"wp:attachment":[{"href":"https:\/\/demo9.thuythu.vn\/reeco\/wp-json\/wp\/v2\/media?parent=2465"}],"wp:term":[{"taxonomy":"product_cat","embeddable":true,"href":"https:\/\/demo9.thuythu.vn\/reeco\/wp-json\/wp\/v2\/product_cat?post=2465"},{"taxonomy":"product_tag","embeddable":true,"href":"https:\/\/demo9.thuythu.vn\/reeco\/wp-json\/wp\/v2\/product_tag?post=2465"}],"curies":[{"name":"wp","href":"https:\/\/api.w.org\/{rel}","templated":true}]}}