{"id":2450,"date":"2024-01-09T07:04:21","date_gmt":"2024-01-09T07:04:21","guid":{"rendered":"https:\/\/demo9.thuythu.vn\/reeco\/?post_type=product&#038;p=2450"},"modified":"2024-01-12T07:09:30","modified_gmt":"2024-01-12T07:09:30","slug":"thiet-bi-do-ph-oxy-hoa-tan-va-nhiet-do-ysi-pro1020","status":"publish","type":"product","link":"https:\/\/demo9.thuythu.vn\/reeco\/san-pham\/thiet-bi-do-ph-oxy-hoa-tan-va-nhiet-do-ysi-pro1020\/","title":{"rendered":"Thi\u1ebft b\u1ecb \u0111o pH, Oxy h\u00f2a tan v\u00e0 Nhi\u1ec7t \u0111\u1ed9 YSI Pro1020"},"content":{"rendered":"","protected":false},"excerpt":{"rendered":"<p>Model: Pro1020; H\u00e3ng s\u1ea3n xu\u1ea5t YSI \u2013 USA.<br \/>\nXu\u1ea5t x\u1ee9: M\u1ef9.<\/p>\n<ul>\n<li class=\"bullet-checkmark\">C\u00e1p v\u00e0 sensor c\u00f3 kh\u1ea3 n\u0103ng thay th\u1ebf linh ho\u1ea1t b\u1edfi ng\u01b0\u1eddi d\u00f9ng, ti\u1ebft ki\u1ec7m th\u1eddi gian v\u00e0 chi ph\u00ed s\u1eed d\u1ee5ng<\/li>\n<li class=\"bullet-checkmark\">Hi\u1ec7u chu\u1ea9n th\u00f4ng minh, ghi nh\u1edb l\u1ecbch s\u1eed c\u00e1c gi\u00e1 tr\u1ecb hi\u1ec7u chu\u1ea9n, \u0111\u01a1n gi\u1ea3n h\u00f3a quy tr\u00ecnh th\u1ef1c hi\u1ec7n<\/li>\n<li class=\"bullet-checkmark\">L\u01b0u tr\u1eef \u0111\u1ebfn 50 b\u1ed9 d\u1eef li\u1ec7u<\/li>\n<li class=\"bullet-checkmark\">M\u00e0n h\u00ecnh \u0111\u1ed3 h\u1ecda backlit k\u00edch th\u01b0\u1edbc l\u1edbn, b\u00e0n ph\u00edm ph\u00e1t s\u00e1ng trong b\u00f3ng t\u1ed1i, s\u1eed d\u1ee5ng d\u01b0\u1edbi m\u1ecdi \u0111i\u1ec1u ki\u1ec7n \u00e1nh s\u00e1ng, ngay c\u1ea3 khi mang k\u00ednh r\u00e2m ph\u00e2n c\u1ef1c<\/li>\n<li class=\"bullet-checkmark\">IP67, v\u1ecf b\u1ecdc ch\u1ed1ng va \u0111\u1eadp, kh\u00f4ng th\u1ea5m n\u01b0\u1edbc ngay c\u1ea3 khi kh\u00f4ng c\u00f3 n\u1eafp\u00a0pin<\/li>\n<li class=\"bullet-checkmark\">L\u1ef1a ch\u1ecdn sensor DO lo\u1ea1i\u00a0polarographic ho\u1eb7c galvanic<\/li>\n<li class=\"bullet-checkmark\">Th\u1eddi gian \u0111\u00e1p \u1ee9ng nhanh nh\u1ea5t so v\u1edbi th\u1ecb tr\u01b0\u1eddng: 95% sensor DO cho th\u1eddi gian \u0111\u00e1p \u1ee9ng 8s v\u1edbi m\u00e0ng ti\u00eau chu\u1ea9n<\/li>\n<\/ul>\n","protected":false},"featured_media":2452,"comment_status":"open","ping_status":"closed","template":"","meta":[],"product_cat":[15],"product_tag":[],"acf":[],"lang":"vi","translations":{"vi":2450,"en":2453},"pll_sync_post":[],"_links":{"self":[{"href":"https:\/\/demo9.thuythu.vn\/reeco\/wp-json\/wp\/v2\/product\/2450"}],"collection":[{"href":"https:\/\/demo9.thuythu.vn\/reeco\/wp-json\/wp\/v2\/product"}],"about":[{"href":"https:\/\/demo9.thuythu.vn\/reeco\/wp-json\/wp\/v2\/types\/product"}],"replies":[{"embeddable":true,"href":"https:\/\/demo9.thuythu.vn\/reeco\/wp-json\/wp\/v2\/comments?post=2450"}],"wp:featuredmedia":[{"embeddable":true,"href":"https:\/\/demo9.thuythu.vn\/reeco\/wp-json\/wp\/v2\/media\/2452"}],"wp:attachment":[{"href":"https:\/\/demo9.thuythu.vn\/reeco\/wp-json\/wp\/v2\/media?parent=2450"}],"wp:term":[{"taxonomy":"product_cat","embeddable":true,"href":"https:\/\/demo9.thuythu.vn\/reeco\/wp-json\/wp\/v2\/product_cat?post=2450"},{"taxonomy":"product_tag","embeddable":true,"href":"https:\/\/demo9.thuythu.vn\/reeco\/wp-json\/wp\/v2\/product_tag?post=2450"}],"curies":[{"name":"wp","href":"https:\/\/api.w.org\/{rel}","templated":true}]}}