{"id":2445,"date":"2024-01-09T06:53:13","date_gmt":"2024-01-09T06:53:13","guid":{"rendered":"https:\/\/demo9.thuythu.vn\/reeco\/?post_type=product&#038;p=2445"},"modified":"2024-01-12T06:56:51","modified_gmt":"2024-01-12T06:56:51","slug":"thiet-bi-do-ph-orp-ysi-pro10","status":"publish","type":"product","link":"https:\/\/demo9.thuythu.vn\/reeco\/san-pham\/thiet-bi-do-ph-orp-ysi-pro10\/","title":{"rendered":"Thi\u1ebft b\u1ecb \u0111o pH, ORP YSI Pro10"},"content":{"rendered":"","protected":false},"excerpt":{"rendered":"<p>Model: Pro10; H\u00e3ng s\u1ea3n xu\u1ea5t: YSI \u2013 USA.<br \/>\nXu\u1ea5t x\u1ee9: M\u1ef9.<\/p>\n<ul>\n<li class=\"bullet-checkmark\">C\u1ea3m bi\u1ebfn v\u00e0 c\u00e1p c\u00f3 kh\u1ea3 n\u0103ng linh \u0111\u1ed9ng thay th\u1ebf b\u1edfi ng\u01b0\u1eddi d\u00f9ng mang l\u1ea1i t\u00ednh \u0111a n\u0103ng, gi\u1ea3m th\u1eddi gian v\u00e0 ti\u1ebft ki\u1ec7m chi ph\u00ed s\u1eed d\u1ee5ng.<\/li>\n<li class=\"bullet-checkmark\">Hi\u1ec7u chu\u1ea9n th\u00f4ng minh; Ghi nh\u1edb c\u00e1c gi\u00e1 tr\u1ecb hi\u1ec7u chu\u1ea9n tr\u01b0\u1edbc gi\u00fap \u0111\u01a1n gi\u1ea3n h\u00f3a qu\u00e1 tr\u00ecnh hi\u1ec7u chu\u1ea9n d\u1eef li\u1ec7u<\/li>\n<li class=\"bullet-checkmark\">L\u01b0u tr\u1eef \u0111\u1ebfn 50 b\u1ed9 d\u1eef li\u1ec7u;<\/li>\n<li class=\"bullet-checkmark\">M\u00e0n h\u00ecnh \u0111\u1ed3 h\u1ecda backlit c\u00f3 k\u00edch th\u01b0\u1edbc l\u1edbn, b\u00e0n ph\u00edm ph\u00e1t s\u00e1ng trong b\u00f3ng t\u1ed1i.<\/li>\n<li class=\"bullet-checkmark\">C\u00f3 th\u1ec3 d\u1eed d\u1ee5ng \u0111\u01b0\u1ee3c trong m\u1ecdi \u0111i\u1ec1u ki\u1ec7n \u00e1nh s\u00e1ng, ngay c\u1ea3 khi mang k\u00ednh r\u00e2m ph\u00e2n c\u1ef1c.<\/li>\n<li class=\"bullet-checkmark\">V\u1ecf khu\u00f4n \u0111\u00fac cao su; C\u1ea5p b\u1ea3o v\u1ec7 IP67, ch\u1ecbu va \u0111\u1eadp, ch\u1ed1ng th\u1ea5m n\u01b0\u1edbc, kh\u00f4ng c\u1ea7n v\u1ecf b\u1ea3o v\u1ec7 pin.<\/li>\n<li class=\"bullet-checkmark\">\u0110\u1ea7u k\u1ebft n\u1ed1i theo ti\u00eau chu\u1ea9n qu\u00e2n \u0111\u1ed9i Mil-Spec<\/li>\n<\/ul>\n","protected":false},"featured_media":2446,"comment_status":"open","ping_status":"closed","template":"","meta":[],"product_cat":[15],"product_tag":[],"acf":[],"lang":"vi","translations":{"vi":2445,"en":2449},"pll_sync_post":[],"_links":{"self":[{"href":"https:\/\/demo9.thuythu.vn\/reeco\/wp-json\/wp\/v2\/product\/2445"}],"collection":[{"href":"https:\/\/demo9.thuythu.vn\/reeco\/wp-json\/wp\/v2\/product"}],"about":[{"href":"https:\/\/demo9.thuythu.vn\/reeco\/wp-json\/wp\/v2\/types\/product"}],"replies":[{"embeddable":true,"href":"https:\/\/demo9.thuythu.vn\/reeco\/wp-json\/wp\/v2\/comments?post=2445"}],"wp:featuredmedia":[{"embeddable":true,"href":"https:\/\/demo9.thuythu.vn\/reeco\/wp-json\/wp\/v2\/media\/2446"}],"wp:attachment":[{"href":"https:\/\/demo9.thuythu.vn\/reeco\/wp-json\/wp\/v2\/media?parent=2445"}],"wp:term":[{"taxonomy":"product_cat","embeddable":true,"href":"https:\/\/demo9.thuythu.vn\/reeco\/wp-json\/wp\/v2\/product_cat?post=2445"},{"taxonomy":"product_tag","embeddable":true,"href":"https:\/\/demo9.thuythu.vn\/reeco\/wp-json\/wp\/v2\/product_tag?post=2445"}],"curies":[{"name":"wp","href":"https:\/\/api.w.org\/{rel}","templated":true}]}}