{"id":2438,"date":"2024-01-12T06:41:14","date_gmt":"2024-01-12T06:41:14","guid":{"rendered":"https:\/\/demo9.thuythu.vn\/reeco\/?post_type=product&#038;p=2438"},"modified":"2024-01-12T06:46:03","modified_gmt":"2024-01-12T06:46:03","slug":"thiet-bi-do-oxy-hoa-tan-quang-hoc-ysi-prosolo","status":"publish","type":"product","link":"https:\/\/demo9.thuythu.vn\/reeco\/san-pham\/thiet-bi-do-oxy-hoa-tan-quang-hoc-ysi-prosolo\/","title":{"rendered":"Thi\u1ebft b\u1ecb \u0111o Oxy h\u00f2a tan quang h\u1ecdc YSI ProSolo"},"content":{"rendered":"","protected":false},"excerpt":{"rendered":"<p><span style=\"font-weight: 400;\">Model: ProSolo; H\u00e3ng s\u1ea3n xu\u1ea5t: YSI &#8211; USA.<\/span><\/p>\n<p><span style=\"font-weight: 400;\">Xu\u1ea5t x\u1ee9: M\u1ef9.<\/span><\/p>\n<p><span style=\"font-weight: 400;\">T\u00ednh n\u0103ng b\u1ec1n b\u1ec9, th\u00edch h\u1ee3p cho c\u00e1c c\u00f4ng t\u00e1c hi\u1ec7n tr\u01b0\u1eddng:<\/span><\/p>\n<ul>\n<li style=\"font-weight: 400;\" aria-level=\"1\"><span style=\"font-weight: 400;\">D\u1eef li\u1ec7u GLP chi ti\u1ebft (l\u1ecbch s\u1eed hi\u1ec7u chu\u1ea9n)<\/span><\/li>\n<li style=\"font-weight: 400;\" aria-level=\"1\"><span style=\"font-weight: 400;\">Sensor k\u1ef9 thu\u1eadt s\u1ed1 t\u1ef1 \u0111\u1ed9ng \u0111\u01b0\u1ee3c nh\u1eadn di\u1ec7n b\u1edfi thi\u1ebft b\u1ecb v\u00e0 gi\u1eef c\u00e1c hi\u1ec7u chu\u1ea9n c\u1ee7a ch\u00fang<\/span><\/li>\n<li style=\"font-weight: 400;\" aria-level=\"1\"><span style=\"font-weight: 400;\">B\u1ed9 nh\u1edb &gt;100.000 b\u1ed9 d\u1eef li\u1ec7u<\/span><\/li>\n<li style=\"font-weight: 400;\" aria-level=\"1\"><span style=\"font-weight: 400;\">Ph\u1ea7n m\u1ec1m KorDSS,\u00a0 k\u1ebft n\u1ed1i USB OTG (On-The-Go) h\u1ed7 tr\u1ee3 qu\u1ea3n l\u00fd d\u1eef li\u1ec7u<\/span><\/li>\n<li style=\"font-weight: 400;\" aria-level=\"1\"><span style=\"font-weight: 400;\">Cho ph\u00e9p xu\u1ea5t d\u1eef li\u1ec7u tr\u1ef1c ti\u1ebfp qua USB m\u00e0 kh\u00f4ng c\u1ea7n k\u1ebft n\u1ed1i PC<\/span><\/li>\n<li style=\"font-weight: 400;\" aria-level=\"1\"><span style=\"font-weight: 400;\">Gi\u1edbi h\u1ea1n \u0111o DO m\u1edf r\u1ed9ng: 0-500% (0-50 mg\/L), sensor BOD self-stirring, OBOD quang h\u1ecdc ph\u1ee5c v\u1ee5 \u0111o \u0111\u1ea1c trong ph\u00f2ng th\u00ed nghi\u1ec7m<\/span><\/li>\n<li style=\"font-weight: 400;\" aria-level=\"1\"><span style=\"font-weight: 400;\">T\u00ednh n\u0103ng b\u1ea3o v\u1ec7 b\u1eb1ng password<\/span><\/li>\n<li style=\"font-weight: 400;\" aria-level=\"1\"><span style=\"font-weight: 400;\">M\u00e0n h\u00ecnh backlit \u0111\u1ed3 h\u1ecda<\/span><\/li>\n<\/ul>\n","protected":false},"featured_media":2439,"comment_status":"open","ping_status":"closed","template":"","meta":[],"product_cat":[15],"product_tag":[],"acf":[],"lang":"vi","translations":{"vi":2438,"en":2444},"pll_sync_post":[],"_links":{"self":[{"href":"https:\/\/demo9.thuythu.vn\/reeco\/wp-json\/wp\/v2\/product\/2438"}],"collection":[{"href":"https:\/\/demo9.thuythu.vn\/reeco\/wp-json\/wp\/v2\/product"}],"about":[{"href":"https:\/\/demo9.thuythu.vn\/reeco\/wp-json\/wp\/v2\/types\/product"}],"replies":[{"embeddable":true,"href":"https:\/\/demo9.thuythu.vn\/reeco\/wp-json\/wp\/v2\/comments?post=2438"}],"wp:featuredmedia":[{"embeddable":true,"href":"https:\/\/demo9.thuythu.vn\/reeco\/wp-json\/wp\/v2\/media\/2439"}],"wp:attachment":[{"href":"https:\/\/demo9.thuythu.vn\/reeco\/wp-json\/wp\/v2\/media?parent=2438"}],"wp:term":[{"taxonomy":"product_cat","embeddable":true,"href":"https:\/\/demo9.thuythu.vn\/reeco\/wp-json\/wp\/v2\/product_cat?post=2438"},{"taxonomy":"product_tag","embeddable":true,"href":"https:\/\/demo9.thuythu.vn\/reeco\/wp-json\/wp\/v2\/product_tag?post=2438"}],"curies":[{"name":"wp","href":"https:\/\/api.w.org\/{rel}","templated":true}]}}