{"id":2426,"date":"2024-01-12T04:42:36","date_gmt":"2024-01-12T04:42:36","guid":{"rendered":"https:\/\/demo9.thuythu.vn\/reeco\/?post_type=product&#038;p=2426"},"modified":"2024-01-12T04:47:13","modified_gmt":"2024-01-12T04:47:13","slug":"thiet-bi-do-do-man-oxy-hoa-tan-do-dan-va-nhiet-do-ysi-pro2030","status":"publish","type":"product","link":"https:\/\/demo9.thuythu.vn\/reeco\/san-pham\/thiet-bi-do-do-man-oxy-hoa-tan-do-dan-va-nhiet-do-ysi-pro2030\/","title":{"rendered":"Thi\u1ebft b\u1ecb \u0111o \u0110\u1ed9 m\u1eb7n, Oxy h\u00f2a tan, \u0110\u1ed9 d\u1eabn v\u00e0 Nhi\u1ec7t \u0111\u1ed9 YSI Pro2030"},"content":{"rendered":"","protected":false},"excerpt":{"rendered":"<p><span style=\"font-weight: 400;\">Model: Pro2030; H\u00e3ng s\u1ea3n xu\u1ea5t: YSI &#8211; USA.<\/span><span style=\"font-weight: 400;\"><br \/>\n<\/span><span style=\"font-weight: 400;\">Xu\u1ea5t x\u1ee9: M\u1ef9.<\/span><\/p>\n<ul>\n<li style=\"font-weight: 400;\" aria-level=\"1\"><span style=\"font-weight: 400;\">T\u00ednh n\u0103ng hi\u1ec7u chu\u1ea9n Quick Cal cho ph\u00e9p hi\u1ec7u chu\u1ea9n c\u00e1c gi\u00e1 tr\u1ecb DO trong v\u00f2ng v\u00e0i gi\u00e2y v\u1edbi m\u1ed9t thao t\u00e1c nh\u1ea5n n\u00fat.<\/span><\/li>\n<li style=\"font-weight: 400;\" aria-level=\"1\"><span style=\"font-weight: 400;\">C\u00e1c \u0111\u1ea7u n\u1ed1i theo ti\u00eau chu\u1ea9n Mil-spec (ti\u00eau chu\u1ea9n qu\u00e2n \u0111\u1ed9i)<\/span><\/li>\n<li style=\"font-weight: 400;\" aria-level=\"1\"><span style=\"font-weight: 400;\">T\u00ednh n\u0103ng ch\u1ed1ng n\u01b0\u1edbc \u0111\u1ea1t chu\u1ea9n IP-67<\/span><\/li>\n<li style=\"font-weight: 400;\" aria-level=\"1\"><span style=\"font-weight: 400;\">V\u1ecf b\u1eb1ng khu\u00f4n \u0111\u00fac cao su, s\u1ea3n ph\u1ea9m \u0111\u00e3 qua th\u1eed nghi\u1ec7m va \u0111\u1eadp cho r\u01a1i t\u1ef1 do d\u01b0\u1edbi 1 m\u00e9t, \u0111\u1ea3m b\u1ea3o s\u1eed d\u1ee5ng l\u00e2u d\u00e0i ngay c\u1ea3 trong \u0111i\u1ec1u ki\u1ec7n kh\u1eafc nghi\u1ec7t nh\u1ea5t v\u00e0 t\u1ed1i thi\u1ec3u h\u00f3a c\u00e1c chi ph\u00ed b\u1ea3o tr\u00ec v\u1ec1 sau.<\/span><\/li>\n<li style=\"font-weight: 400;\" aria-level=\"1\"><span style=\"font-weight: 400;\">L\u01b0u tr\u1eef d\u1eef li\u1ec7u l\u00ean \u0111\u1ebfn 50 b\u1ed9<\/span><b>.\u00a0<\/b><\/li>\n<\/ul>\n","protected":false},"featured_media":2428,"comment_status":"open","ping_status":"closed","template":"","meta":[],"product_cat":[15],"product_tag":[],"acf":[],"lang":"vi","translations":{"vi":2426,"en":2430},"pll_sync_post":[],"_links":{"self":[{"href":"https:\/\/demo9.thuythu.vn\/reeco\/wp-json\/wp\/v2\/product\/2426"}],"collection":[{"href":"https:\/\/demo9.thuythu.vn\/reeco\/wp-json\/wp\/v2\/product"}],"about":[{"href":"https:\/\/demo9.thuythu.vn\/reeco\/wp-json\/wp\/v2\/types\/product"}],"replies":[{"embeddable":true,"href":"https:\/\/demo9.thuythu.vn\/reeco\/wp-json\/wp\/v2\/comments?post=2426"}],"wp:featuredmedia":[{"embeddable":true,"href":"https:\/\/demo9.thuythu.vn\/reeco\/wp-json\/wp\/v2\/media\/2428"}],"wp:attachment":[{"href":"https:\/\/demo9.thuythu.vn\/reeco\/wp-json\/wp\/v2\/media?parent=2426"}],"wp:term":[{"taxonomy":"product_cat","embeddable":true,"href":"https:\/\/demo9.thuythu.vn\/reeco\/wp-json\/wp\/v2\/product_cat?post=2426"},{"taxonomy":"product_tag","embeddable":true,"href":"https:\/\/demo9.thuythu.vn\/reeco\/wp-json\/wp\/v2\/product_tag?post=2426"}],"curies":[{"name":"wp","href":"https:\/\/api.w.org\/{rel}","templated":true}]}}