{"id":2423,"date":"2024-01-12T04:12:58","date_gmt":"2024-01-12T04:12:58","guid":{"rendered":"https:\/\/demo9.thuythu.vn\/reeco\/?post_type=product&#038;p=2423"},"modified":"2024-01-14T17:15:50","modified_gmt":"2024-01-14T17:15:50","slug":"cho-thue-he-thong-quan-trac-nuoc-tu-dong-exo-ysi","status":"publish","type":"product","link":"https:\/\/demo9.thuythu.vn\/reeco\/san-pham\/cho-thue-he-thong-quan-trac-nuoc-tu-dong-exo-ysi\/","title":{"rendered":"Cho thu\u00ea H\u1ec7 th\u1ed1ng quan tr\u1eafc n\u01b0\u1edbc t\u1ef1 \u0111\u1ed9ng EXO \u2013 YSI"},"content":{"rendered":"<p>T\u1eeb khi ra \u0111\u1eddi cho \u0111\u1ebfn nay, h\u1ec7 th\u1ed1ng \u0111o \u0111\u1ea1c \u0111a th\u1ed1ng s\u1ed1 EXO c\u1ee7a YSI \u0111\u00e3 v\u00e0 \u0111ang l\u00e0 m\u1ed9t trong nh\u1eefng l\u1ef1a ch\u1ecdn s\u00e1ng gi\u00e1 c\u1ee7a nhi\u1ec1u n\u01b0\u1edbc ph\u00e1t tri\u1ec3n tr\u00ean th\u1ebf gi\u1edbi v\u1edbi h\u00e0ng lo\u1ea1t c\u00e1c \u1ee9ng d\u1ee5ng \u0111a d\u1ea1ng nh\u01b0:<\/p>\n<ul>\n<li><a href=\"https:\/\/www.ysi.com\/File%20Library\/Documents\/Application%20Notes\/A501-Industrial-Pretreatment-Made-More-Efficient-with-YSI-Technology.pdf\" target=\"_blank\" rel=\"noopener noreferrer\">\u1ee8ng d\u1ee5ng trong c\u00e1c quy tr\u00ecnh ti\u1ec1n x\u1eed l\u00fd trong c\u00f4ng nghi\u1ec7p<\/a><\/li>\n<li><a href=\"https:\/\/www.ysi.com\/File%20Library\/Documents\/Application%20Notes\/A526-Dubai-Municipality-Utilizes-Real-time-Water-Quality-Monitoring-Instruments.pdf\" target=\"_blank\" rel=\"noopener noreferrer\">Gi\u00e1m s\u00e1t ch\u1ea5t l\u01b0\u1ee3ng n\u01b0\u1edbc th\u1eddi gian th\u1ef1c \u1edf Dubai<\/a><\/li>\n<li><a href=\"https:\/\/www.ysi.com\/File%20Library\/Documents\/Application%20Notes\/A528-Czechs-Buy-Water-Quality-Data-Not-Instruments.pdf\" target=\"_blank\" rel=\"noopener noreferrer\">D\u1ef1 \u00e1n quan tr\u1eafc ch\u1ea5t l\u01b0\u1ee3ng n\u01b0\u1edbc th\u1eddi gian th\u1ef1c t\u1ea1i C\u1ed9ng H\u00f2a S\u00e9c<\/a><\/li>\n<li><a href=\"https:\/\/www.ysi.com\/File%20Library\/Documents\/Application%20Notes\/A545-Thames-Water-Employs-Reservoir-Profiler-to-Reduce-Costs.pdf\" target=\"_blank\" rel=\"noopener noreferrer\">Thames Water Employs Reservoir Profiler<\/a><\/li>\n<li><a href=\"https:\/\/www.ysi.com\/File%20Library\/Documents\/Application%20Notes\/A584-Tyne-Tunnel-Construction-Monitoring.pdf\" target=\"_blank\" rel=\"noopener noreferrer\">Gi\u00e1m s\u00e1t ch\u1ea5t l\u01b0\u1ee3ng n\u01b0\u1edbc s\u00f4ng trong su\u1ed1t d\u1ef1 \u00e1n thi c\u00f4ng \u0111\u01b0\u1eddng h\u1ea7m Tyne<\/a><\/li>\n<li><a href=\"https:\/\/www.ysi.com\/File%20Library\/Documents\/Application%20Notes\/A587_ICC_Construction_Runoff_Monitoring.pdf\" target=\"_blank\" rel=\"noopener noreferrer\">Gi\u00e1m s\u00e1t d\u00f2ng ch\u1ea3y trong qu\u00e1 tr\u00ecnh thi c\u00f4ng<\/a><\/li>\n<li><a href=\"https:\/\/www.ysi.com\/File%20Library\/Documents\/Application%20Notes\/A592-Cardiff-Bay-Monitoring.pdf\" target=\"_blank\" rel=\"noopener noreferrer\">Quan tr\u1eafc ch\u1ea5t l\u01b0\u1ee3ng n\u01b0\u1edbc t\u1ea1i c\u1ea3ng Cardiff<\/a><\/li>\n<li><a href=\"https:\/\/www.ysi.com\/File%20Library\/Documents\/Application%20Notes\/A599-EXO-Calibration-Features.pdf\" target=\"_blank\" rel=\"noopener noreferrer\">Kh\u1ea3 n\u0103ng hi\u1ec7u chu\u1ea9n d\u1eef li\u1ec7u c\u1ee7a EXO<\/a><\/li>\n<li><a href=\"https:\/\/www.ysi.com\/File%20Library\/Documents\/Application%20Notes\/A611-Watching-the-Watershed.pdf\" target=\"_blank\" rel=\"noopener noreferrer\">Quan tr\u1eafc n\u01b0\u1edbc t\u1ea1i c\u00e1c l\u01b0u v\u1ef1c s\u00f4ng<\/a><\/li>\n<li><a href=\"https:\/\/www.ysi.com\/File%20Library\/Documents\/Application%20Notes\/A613-Sellafield-and-EXO-Monitoring-Nuclear-Waste.pdf\" target=\"_blank\" rel=\"noopener noreferrer\">Quan tr\u1eafc ch\u1ea5t th\u1ea3i h\u1ea1t nh\u00e2n<\/a><\/li>\n<li><a href=\"https:\/\/www.ysi.com\/File%20Library\/Documents\/Application%20Notes\/A622-Stormwater-Monitoring-in-South-Carolina-by-Woolpert.pdf\" target=\"_blank\" rel=\"noopener noreferrer\">M\u1ea1ng l\u01b0\u1edbi quan tr\u1eafc t\u1ea1i Nam Carlolina\u00a0<\/a><\/li>\n<li><a href=\"https:\/\/www.ysi.com\/File%20Library\/Documents\/Application%20Notes\/Christchurch-Harbour-Macronutrient-Cycles-Programme.pdf\" target=\"_blank\" rel=\"noopener noreferrer\">C\u1ea3i ti\u1ebfn l\u1edbn trong gi\u00e1m s\u00e1t ch\u1ea5t l\u01b0\u1ee3ng n\u01b0\u1edbc li\u00ean t\u1ee5c t\u1ea1i c\u1ea3ng Christchurch<\/a><\/li>\n<li><a href=\"https:\/\/www.ysi.com\/File%20Library\/Documents\/Application%20Notes\/NEEMO-Project-EXO-CastAway.pdf\" target=\"_blank\" rel=\"noopener noreferrer\">Cu\u1ed9c nghi\u00ean c\u1ee9u, th\u0103m d\u00f2 d\u01b0\u1edbi bi\u1ec3n<\/a><\/li>\n<\/ul>\n","protected":false},"excerpt":{"rendered":"<p><em><strong>Model:<\/strong> EXO2 \/ EXO3 (T\u00f9y thu\u1ed9c v\u00e0o th\u00f4ng s\u1ed1 \u0111o)<\/em><\/p>\n<p><em><strong>H\u00e3ng:<\/strong> YSI<\/em><\/p>\n<p><em><strong>Xu\u1ea5t x\u1ee9:<\/strong> M\u1ef9<\/em><\/p>\n<p><strong>M\u00f4i tr\u01b0\u1eddng s\u1eed d\u1ee5ng:<\/strong> N\u01b0\u1edbc m\u1eb7n \/ N\u01b0\u1edbc ng\u1ecdt<\/p>\n<p>Lo\u1ea1i tr\u1ea1m: Tr\u1ea1m c\u1ed1 \u0111\u1ecbnh \/ Tr\u1ea1m phao (T\u00f9y thu\u1ed9c v\u00e0o y\u00eau c\u1ea7u v\u00e0 \u0111i\u1ec1u ki\u1ec7n n\u01a1i l\u1eafp \u0111\u1eb7t)<\/p>\n<p><strong>C\u00f4ng ty TNHH Khoa h\u1ecdc v\u00e0 K\u1ef9 thu\u1eadt REECO<\/strong> cung c\u1ea5p d\u1ecbch v\u1ee5 cho thu\u00ea <strong>H\u1ec7 th\u1ed1ng quan tr\u1eafc n\u01b0\u1edbc t\u1ef1 \u0111\u1ed9ng <\/strong>EXO c\u1ee7a YSI (M\u1ef9). H\u1ec7 th\u1ed1ng s\u1ef1 l\u1ef1a ch\u1ecdn tuy\u1ec7t v\u1eddi gi\u00fap cho vi\u1ec7c gi\u00e1m s\u00e1t \u0111a ch\u1ec9 ti\u00eau ch\u1ea5t l\u01b0\u1ee3ng n\u01b0\u1edbc hi\u1ec7n nay<\/p>\n<p><strong>REECO<\/strong> l\u00e0 \u0111\u1ea1i di\u1ec7n ch\u00ednh h\u00e3ng <strong>YSI<\/strong> t\u1ea1i Vi\u1ec7t Nam, ch\u00fang t\u00f4i cam k\u1ebft cung c\u1ea5p \u0111\u1ebfn t\u1eadn tay kh\u00e1ch h\u00e0ng thi\u1ebft b\u1ecb ch\u1ea5t l\u01b0\u1ee3ng v\u00e0 gi\u00e1 c\u1ea3 h\u1ee3p l\u00fd nh\u1ea5t.<\/p>\n","protected":false},"featured_media":2127,"comment_status":"open","ping_status":"closed","template":"","meta":[],"product_cat":[15],"product_tag":[],"acf":[],"lang":"vi","translations":{"vi":2423,"en":2422},"pll_sync_post":[],"_links":{"self":[{"href":"https:\/\/demo9.thuythu.vn\/reeco\/wp-json\/wp\/v2\/product\/2423"}],"collection":[{"href":"https:\/\/demo9.thuythu.vn\/reeco\/wp-json\/wp\/v2\/product"}],"about":[{"href":"https:\/\/demo9.thuythu.vn\/reeco\/wp-json\/wp\/v2\/types\/product"}],"replies":[{"embeddable":true,"href":"https:\/\/demo9.thuythu.vn\/reeco\/wp-json\/wp\/v2\/comments?post=2423"}],"wp:featuredmedia":[{"embeddable":true,"href":"https:\/\/demo9.thuythu.vn\/reeco\/wp-json\/wp\/v2\/media\/2127"}],"wp:attachment":[{"href":"https:\/\/demo9.thuythu.vn\/reeco\/wp-json\/wp\/v2\/media?parent=2423"}],"wp:term":[{"taxonomy":"product_cat","embeddable":true,"href":"https:\/\/demo9.thuythu.vn\/reeco\/wp-json\/wp\/v2\/product_cat?post=2423"},{"taxonomy":"product_tag","embeddable":true,"href":"https:\/\/demo9.thuythu.vn\/reeco\/wp-json\/wp\/v2\/product_tag?post=2423"}],"curies":[{"name":"wp","href":"https:\/\/api.w.org\/{rel}","templated":true}]}}